{"id":22632,"date":"2018-07-17T00:00:00","date_gmt":"2018-07-17T00:00:00","guid":{"rendered":"https:\/\/dev.liqui-moly-shop.ch\/index.php\/product\/lkw-langzeitfett-kp2k-30\/"},"modified":"2023-10-20T08:57:23","modified_gmt":"2023-10-20T08:57:23","slug":"lkw-langzeitfett-kp2k-30","status":"publish","type":"product","link":"https:\/\/www.liqui-moly-shop.ch\/index.php\/product\/lkw-langzeitfett-kp2k-30\/","title":{"rendered":"Lkw Langzeitfett KP2K-30"},"content":{"rendered":"<h3>Lkw Langzeitfett KP2K-30<\/h3>\n<p>F\u00fcr W\u00e4lz- und Gleitlager. Bei erschwerten Bedingungen, hohen Druckbelastungen sowie staubigen und feuchten Bedingungen. Enth\u00e4lt hochwirksame Zus\u00e4tze an Korrosions- und Oxidationsschutz sowie EP-Additive, die eine optimale Schmierleistung selbst bei extremen Bedingungen und hohen Dr\u00fccken gew\u00e4hrleisten. Durch den au\u00dferordentlich haftfesten Schmierfilm wird eine Ausdehnung der Nachschmierfristen erm\u00f6glicht. Temperatureinsatzbereich: -30 \u00b0C bis +130 \u00b0C. Die Herstellervorschriften sind zu beachten! Kennzeichnung nach DIN 51502: KP2K-30.<\/p>\n<p><!-- --><\/p>\n<table id=\"detail\">\n<tbody>\n<tr>\n<td class=\"left\" valign=\"top\">Artikelnummer:<\/td>\n<td class=\"right\" valign=\"top\">3348<\/td>\n<\/tr>\n<tr>\n<td class=\"left\" valign=\"top\">Gebinde:<\/td>\n<td class=\"right\" valign=\"top\">400 g Lube-Shuttle<\/td>\n<\/tr>\n<tr>\n<td class=\"left\" valign=\"top\">Paletteninhalt:<\/td>\n<td class=\"right\" valign=\"top\">1120<\/td>\n<\/tr>\n<tr>\n<td class=\"left\" valign=\"top\">VPE:<\/td>\n<td class=\"right\" valign=\"top\">20 STK<\/td>\n<\/tr>\n<tr>\n<td class=\"left\" valign=\"top\">Sprache:<\/td>\n<td class=\"right\" valign=\"top\">D &#8211; GB &#8211; I &#8211; E &#8211; P<\/td>\n<\/tr>\n<\/tbody>\n<\/table>\n<h3 class=\"detail\">Einsatzzweck<\/h3>\n<p>Speziell entwickelt f\u00fcr Nutzfahrzeuge, Baumaschinen sowie land- und forstwirtschaftlich genutzte Maschinen und Ger\u00e4te.<\/p>\n<ul class=\"info-text m-0 p-0\">\n<li>EUH208 Enth\u00e4lt Naphthens\u00e4uren, Zinksalze, basisch. Kann allergische Reaktionen hervorrufen.<\/li>\n<li>EUH210 Sicherheitsdatenblatt auf Anfrage erh\u00e4ltlich.<\/li>\n<\/ul>\n<p>Wenn Sie Fragen rund um die Liqui Moly Produkte haben sollten, z\u00f6gern Sie nicht und kontaktieren Sie uns. Gerne stehen wir Ihnen jederzeit gerne zur Verf\u00fcgung.<\/p>\n","protected":false},"excerpt":{"rendered":"<p>Lkw Langzeitfett KP2K-30 F\u00fcr W\u00e4lz- und Gleitlager. Bei erschwerten Bedingungen, hohen Druckbelastungen sowie staubigen und feuchten Bedingungen. Enth\u00e4lt hochwirksame Zus\u00e4tze an Korrosions- und Oxidationsschutz sowie EP-Additive, die eine optimale Schmierleistung selbst bei extremen Bedingungen und hohen Dr\u00fccken gew\u00e4hrleisten. Durch den au\u00dferordentlich haftfesten Schmierfilm wird eine Ausdehnung der Nachschmierfristen erm\u00f6glicht. Temperatureinsatzbereich: -30 \u00b0C bis +130 \u00b0C. [&hellip;]<\/p>\n","protected":false},"featured_media":22633,"comment_status":"closed","ping_status":"closed","template":"","meta":[],"class_list":["post-22632","product","type-product","status-publish","has-post-thumbnail","hentry","product_cat-baumaschinen","product_cat-fette"],"_links":{"self":[{"href":"https:\/\/www.liqui-moly-shop.ch\/index.php\/wp-json\/wp\/v2\/product\/22632","targetHints":{"allow":["GET"]}}],"collection":[{"href":"https:\/\/www.liqui-moly-shop.ch\/index.php\/wp-json\/wp\/v2\/product"}],"about":[{"href":"https:\/\/www.liqui-moly-shop.ch\/index.php\/wp-json\/wp\/v2\/types\/product"}],"replies":[{"embeddable":true,"href":"https:\/\/www.liqui-moly-shop.ch\/index.php\/wp-json\/wp\/v2\/comments?post=22632"}],"wp:featuredmedia":[{"embeddable":true,"href":"https:\/\/www.liqui-moly-shop.ch\/index.php\/wp-json\/wp\/v2\/media\/22633"}],"wp:attachment":[{"href":"https:\/\/www.liqui-moly-shop.ch\/index.php\/wp-json\/wp\/v2\/media?parent=22632"}],"curies":[{"name":"wp","href":"https:\/\/api.w.org\/{rel}","templated":true}]}}