{"id":22647,"date":"2018-07-17T00:00:00","date_gmt":"2018-07-17T00:00:00","guid":{"rendered":"https:\/\/dev.liqui-moly-shop.ch\/index.php\/product\/vollsynthetisches-hypoid-getriebeoel-truck-gl4-5-75w-90\/"},"modified":"2024-02-13T15:02:03","modified_gmt":"2024-02-13T15:02:03","slug":"vollsynthetisches-hypoid-getriebeoel-truck-gl4-5-75w-90","status":"publish","type":"product","link":"https:\/\/www.liqui-moly-shop.ch\/index.php\/product\/vollsynthetisches-hypoid-getriebeoel-truck-gl4-5-75w-90\/","title":{"rendered":"Vollsynthetisches Hypoid-Getriebe\u00f6l Truck (GL4\/5) 75W-90"},"content":{"rendered":"<h3>Vollsynthetisches Hypoid-Getriebe\u00f6l Truck (GL4\/5) 75W-90<\/h3>\n<p>Vollsynthetisches Hypoidgetriebe\u00f6l mit extrem hoher Leistungsreserve. \u00dcbertrifft die h\u00f6chsten Testanforderungen namhafter Fahrzeughersteller. Gew\u00e4hrleistet selbst bei schwersten Betriebsbedingungen und gro\u00dfen Temperaturschwankungen\u00a0die\u00a0einwandfreie Funktion der Aggregate. Bietet hohe Schmiersicherheit sowie optimalen Verschlei\u00dfschutz. Verf\u00fcgt \u00fcber ein ausgezeichnetes Tieftemperaturverhalten. Reduziert Getriebeger\u00e4usche. Erm\u00f6glicht extrem lange \u00d6lwechselintervalle.<\/p>\n<p><!-- --><\/p>\n<table id=\"detail\">\n<tbody>\n<tr>\n<td class=\"left\" valign=\"top\">Artikelnummer:<\/td>\n<td class=\"right\" valign=\"top\">1182<\/td>\n<\/tr>\n<tr>\n<td class=\"left\" valign=\"top\">Gebinde:<\/td>\n<td class=\"right\" valign=\"top\">20 l Kanister Kunststoff<\/td>\n<\/tr>\n<tr>\n<td class=\"left\" valign=\"top\">Paletteninhalt:<\/td>\n<td class=\"right\" valign=\"top\">24<\/td>\n<\/tr>\n<tr>\n<td class=\"left\" valign=\"top\">VPE:<\/td>\n<td class=\"right\" valign=\"top\">1 STK<\/td>\n<\/tr>\n<tr>\n<td class=\"left\" valign=\"top\">Sprache:<\/td>\n<td class=\"right\" valign=\"top\">D &#8211; GB &#8211; I &#8211; E &#8211; P<\/td>\n<\/tr>\n<\/tbody>\n<\/table>\n<h3 class=\"detail\">Einsatzzweck<\/h3>\n<p>Speziell entwickelt f\u00fcr den Einsatz in Nutzfahrzeugen. Universell einsetzbares TDL-\u00d6l (total drive line) f\u00fcr Schalt-, Neben- und Differentialgetriebe ohne Sperrdifferential. Die Vorschriften der Fahrzeug- bzw. Aggregathersteller sind zu beachten.<\/p>\n<h3 class=\"detail\">Spezifikationen und Freigaben<\/h3>\n<p>API GL4 ; API GL5 ; API MT-1 ; MAN 341 Typ E3 ; MAN 341 Typ Z2 ; MAN 342 Typ M3 ; MAN 342 Typ S1 ; MB-Freigabe 235.8 ; MIL-PRF 2105 E ; Scania STO 2:0A ; Volvo 97312 ; ZF TE-ML 02B ; ZF TE-ML 05A ; ZF TE-ML 12L ; ZF TE-ML 12N ; ZF TE-ML 16F ; ZF TE-ML 17B ; ZF TE-ML 19C ; ZF TE-ML 21A ; ZF Freigabenummer ZF001347<\/p>\n<p>&nbsp;<\/p>\n<p><b>LIQUI MOLY empfiehlt dieses Produkt zus\u00e4tzlich f\u00fcr Fahrzeuge bzw. Aggregate, f\u00fcr die folgende Spezifikationen oder Originalersatzteilnummern gefordert werden:<\/b><br \/>\nMAN 3343 Typ S ; Scania STO 1:0<\/p>\n<ul class=\"info-text m-0 p-0\">\n<li>EUH208 Enth\u00e4lt Reaktionsprodukte von Bis(4-methylpentan-2-yl)dithiophosphors\u00e4ure mit Phosphoroxid, Propylenoxid und Aminen, C12-14-alkyl (verzweigt). Kann allergische Reaktionen hervorrufen.<\/li>\n<li>EUH210 Sicherheitsdatenblatt auf Anfrage erh\u00e4ltlich.<\/li>\n<\/ul>\n<p>Wenn Sie Fragen rund um die Liqui Moly Produkte haben sollten, z\u00f6gern Sie nicht und kontaktieren Sie uns. Gerne stehen wir Ihnen jederzeit gerne zur Verf\u00fcgung.<\/p>\n","protected":false},"excerpt":{"rendered":"<p>Vollsynthetisches Hypoid-Getriebe\u00f6l Truck (GL4\/5) 75W-90 Vollsynthetisches Hypoidgetriebe\u00f6l mit extrem hoher Leistungsreserve. \u00dcbertrifft die h\u00f6chsten Testanforderungen namhafter Fahrzeughersteller. Gew\u00e4hrleistet selbst bei schwersten Betriebsbedingungen und gro\u00dfen Temperaturschwankungen\u00a0die\u00a0einwandfreie Funktion der Aggregate. Bietet hohe Schmiersicherheit sowie optimalen Verschlei\u00dfschutz. Verf\u00fcgt \u00fcber ein ausgezeichnetes Tieftemperaturverhalten. Reduziert Getriebeger\u00e4usche. Erm\u00f6glicht extrem lange \u00d6lwechselintervalle. Artikelnummer: 1182 Gebinde: 20 l Kanister Kunststoff Paletteninhalt: 24 VPE: [&hellip;]<\/p>\n","protected":false},"featured_media":22648,"comment_status":"closed","ping_status":"closed","template":"","meta":[],"class_list":["post-22647","product","type-product","status-publish","has-post-thumbnail","hentry","product_cat-baumaschinen","product_cat-getriebeoele-baumaschinen"],"_links":{"self":[{"href":"https:\/\/www.liqui-moly-shop.ch\/index.php\/wp-json\/wp\/v2\/product\/22647","targetHints":{"allow":["GET"]}}],"collection":[{"href":"https:\/\/www.liqui-moly-shop.ch\/index.php\/wp-json\/wp\/v2\/product"}],"about":[{"href":"https:\/\/www.liqui-moly-shop.ch\/index.php\/wp-json\/wp\/v2\/types\/product"}],"replies":[{"embeddable":true,"href":"https:\/\/www.liqui-moly-shop.ch\/index.php\/wp-json\/wp\/v2\/comments?post=22647"}],"wp:featuredmedia":[{"embeddable":true,"href":"https:\/\/www.liqui-moly-shop.ch\/index.php\/wp-json\/wp\/v2\/media\/22648"}],"wp:attachment":[{"href":"https:\/\/www.liqui-moly-shop.ch\/index.php\/wp-json\/wp\/v2\/media?parent=22647"}],"curies":[{"name":"wp","href":"https:\/\/api.w.org\/{rel}","templated":true}]}}