{"id":22656,"date":"2018-07-17T00:00:00","date_gmt":"2018-07-17T00:00:00","guid":{"rendered":"https:\/\/dev.liqui-moly-shop.ch\/index.php\/product\/hypoid-getriebeoel-gl5-sae-85w-90\/"},"modified":"2023-10-19T13:43:11","modified_gmt":"2023-10-19T13:43:11","slug":"hypoid-getriebeoel-gl5-sae-85w-90","status":"publish","type":"product","link":"https:\/\/www.liqui-moly-shop.ch\/index.php\/product\/hypoid-getriebeoel-gl5-sae-85w-90\/","title":{"rendered":"Hypoid-Getriebe\u00f6l (GL5) SAE 85W-90"},"content":{"rendered":"<h3>Hypoid-Getriebe\u00f6l (GL5) SAE 85W-90<\/h3>\n<p>Mineralisches Hypoidgetriebe\u00f6l. F\u00fcr Fahrzeuge mit bew\u00e4hrter Getriebetechnologie. Gew\u00e4hrleistet selbst bei schwersten Betriebsbedingungen und gro\u00dfen Temperaturschwankungen eine einwandfreie Funktion der Aggregate. Sorgt f\u00fcr einen stabilen Schmierfilm. Bietet hohe Schmiersicherheit sowie optimalen Verschlei\u00dfschutz.<\/p>\n<p><!-- --><\/p>\n<table id=\"detail\">\n<tbody>\n<tr>\n<td class=\"left\" valign=\"top\">Artikelnummer:<\/td>\n<td class=\"right\" valign=\"top\">1404<\/td>\n<\/tr>\n<tr>\n<td class=\"left\" valign=\"top\">Gebinde:<\/td>\n<td class=\"right\" valign=\"top\">500 ml Dose Kunststoff<\/td>\n<\/tr>\n<tr>\n<td class=\"left\" valign=\"top\">Paletteninhalt:<\/td>\n<td class=\"right\" valign=\"top\">840<\/td>\n<\/tr>\n<tr>\n<td class=\"left\" valign=\"top\">VPE:<\/td>\n<td class=\"right\" valign=\"top\">6 STK<\/td>\n<\/tr>\n<tr>\n<td class=\"left\" valign=\"top\">Sprache:<\/td>\n<td class=\"right\" valign=\"top\">D &#8211; GB &#8211; I &#8211; E &#8211; P<\/td>\n<\/tr>\n<\/tbody>\n<\/table>\n<h3 class=\"detail\">Einsatzzweck<\/h3>\n<p>F\u00fcr h\u00f6chstbelastete Fahrzeuggetriebe ohne Sperrdifferential, insbesondere Achsantriebe mit Hypoidverzahnung. Die Vorschriften der Fahrzeug- bzw. Aggregathersteller sind zu beachten.<\/p>\n<h3 class=\"detail\">Spezifikationen und Freigaben<\/h3>\n<p>API GL5 ; MB-Freigabe 235.0 ; MIL-L 2105 D ; ZF TE-ML 16C ; ZF TE-ML 17B ; ZF TE-ML 19B ; ZF TE-ML 21A ; ZF Freigabenummer ZF000695<\/p>\n<p>&nbsp;<\/p>\n<p><b>LIQUI MOLY empfiehlt dieses Produkt zus\u00e4tzlich f\u00fcr Fahrzeuge bzw. Aggregate, f\u00fcr die folgende Spezifikationen oder Originalersatzteilnummern gefordert werden:<\/b><br \/>\nMAN 342 Typ M1<\/p>\n<ul class=\"info-text m-0 p-0\">\n<li>EUH208 Enth\u00e4lt Reaktionsprodukte von Bis(4-methylpentan-2-yl)dithiophosphors\u00e4ure mit Phosphoroxid, Propylenoxid und Aminen, C12-14-alkyl (verzweigt), Reaktionsprodukt von 1,3,4-Thiadiazolidin-2,5-dithion, Formaldehyd und Phenol, Heptylderivate. Kann allergische Reaktionen hervorrufen.<\/li>\n<li>EUH210 Sicherheitsdatenblatt auf Anfrage erh\u00e4ltlich.<\/li>\n<\/ul>\n<p>Wenn Sie Fragen rund um die Liqui Moly Produkte haben sollten, z\u00f6gern Sie nicht und kontaktieren Sie uns. Gerne stehen wir Ihnen jederzeit gerne zur Verf\u00fcgung.<\/p>\n","protected":false},"excerpt":{"rendered":"<p>Hypoid-Getriebe\u00f6l (GL5) SAE 85W-90 Mineralisches Hypoidgetriebe\u00f6l. F\u00fcr Fahrzeuge mit bew\u00e4hrter Getriebetechnologie. Gew\u00e4hrleistet selbst bei schwersten Betriebsbedingungen und gro\u00dfen Temperaturschwankungen eine einwandfreie Funktion der Aggregate. Sorgt f\u00fcr einen stabilen Schmierfilm. Bietet hohe Schmiersicherheit sowie optimalen Verschlei\u00dfschutz. Artikelnummer: 1404 Gebinde: 500 ml Dose Kunststoff Paletteninhalt: 840 VPE: 6 STK Sprache: D &#8211; GB &#8211; I &#8211; E [&hellip;]<\/p>\n","protected":false},"featured_media":22657,"comment_status":"closed","ping_status":"closed","template":"","meta":[],"class_list":["post-22656","product","type-product","status-publish","has-post-thumbnail","hentry","product_cat-baumaschinen","product_cat-getriebeoele-baumaschinen"],"_links":{"self":[{"href":"https:\/\/www.liqui-moly-shop.ch\/index.php\/wp-json\/wp\/v2\/product\/22656","targetHints":{"allow":["GET"]}}],"collection":[{"href":"https:\/\/www.liqui-moly-shop.ch\/index.php\/wp-json\/wp\/v2\/product"}],"about":[{"href":"https:\/\/www.liqui-moly-shop.ch\/index.php\/wp-json\/wp\/v2\/types\/product"}],"replies":[{"embeddable":true,"href":"https:\/\/www.liqui-moly-shop.ch\/index.php\/wp-json\/wp\/v2\/comments?post=22656"}],"wp:featuredmedia":[{"embeddable":true,"href":"https:\/\/www.liqui-moly-shop.ch\/index.php\/wp-json\/wp\/v2\/media\/22657"}],"wp:attachment":[{"href":"https:\/\/www.liqui-moly-shop.ch\/index.php\/wp-json\/wp\/v2\/media?parent=22656"}],"curies":[{"name":"wp","href":"https:\/\/api.w.org\/{rel}","templated":true}]}}