{"id":22662,"date":"2018-07-17T00:00:00","date_gmt":"2018-07-17T00:00:00","guid":{"rendered":"https:\/\/dev.liqui-moly-shop.ch\/index.php\/product\/hypoid-getriebeoel-gl5-sae-140w\/"},"modified":"2023-10-19T13:57:04","modified_gmt":"2023-10-19T13:57:04","slug":"hypoid-getriebeoel-gl5-sae-140w","status":"publish","type":"product","link":"https:\/\/www.liqui-moly-shop.ch\/index.php\/product\/hypoid-getriebeoel-gl5-sae-140w\/","title":{"rendered":"Hypoid-Getriebe\u00f6l (GL5) SAE 140W"},"content":{"rendered":"<h3>Hypoid-Getriebe\u00f6l (GL5) SAE 140W<\/h3>\n<p>Mineralisches Hypoidgetriebe\u00f6l. F\u00fcr Fahrzeuge mit bew\u00e4hrter Getriebetechnologie. Gew\u00e4hrleistet selbst bei schwersten Betriebsbedingungen und gro\u00dfen Temperaturschwankungen eine einwandfreie Funktion der Aggregate. Sorgt f\u00fcr einen stabilen Schmierfilm. Bietet eine hohe Schmiersicherheit sowie einen optimalen Verschlei\u00dfschutz. Reduziert Getriebeger\u00e4usche.<\/p>\n<p><!-- --><\/p>\n<table id=\"detail\">\n<tbody>\n<tr>\n<td class=\"left\" valign=\"top\">Artikelnummer:<\/td>\n<td class=\"right\" valign=\"top\">1055<\/td>\n<\/tr>\n<tr>\n<td class=\"left\" valign=\"top\">Gebinde:<\/td>\n<td class=\"right\" valign=\"top\">20 l Kanister Kunststoff<\/td>\n<\/tr>\n<tr>\n<td class=\"left\" valign=\"top\">Paletteninhalt:<\/td>\n<td class=\"right\" valign=\"top\">24<\/td>\n<\/tr>\n<tr>\n<td class=\"left\" valign=\"top\">VPE:<\/td>\n<td class=\"right\" valign=\"top\">1 STK<\/td>\n<\/tr>\n<tr>\n<td class=\"left\" valign=\"top\">Sprache:<\/td>\n<td class=\"right\" valign=\"top\">D &#8211; GB &#8211; I &#8211; E &#8211; P<\/td>\n<\/tr>\n<\/tbody>\n<\/table>\n<h3 class=\"detail\">Einsatzzweck<\/h3>\n<p>F\u00fcr h\u00f6chstbelastete Fahrzeuggetriebe ohne Sperrdifferential, insbesondere Achsantriebe mit Hypoidverzahnung. Die Vorschriften der Fahrzeug- bzw. Aggregathersteller sind zu beachten.<\/p>\n<h3 class=\"detail\">Spezifikationen und Freigaben<\/h3>\n<p>API GL5 ; MIL-L 2105 D<\/p>\n<ul class=\"info-text m-0 p-0\">\n<li>H412 Sch\u00e4dlich f\u00fcr Wasserorganismen, mit langfristiger Wirkung.<\/li>\n<li>EUH208 Enth\u00e4lt Amine, C10-14-tert-Alkyl-. Kann allergische Reaktionen hervorrufen.<\/li>\n<\/ul>\n<p>Wenn Sie Fragen rund um die Liqui Moly Produkte haben sollten, z\u00f6gern Sie nicht und kontaktieren Sie uns. Gerne stehen wir Ihnen jederzeit gerne zur Verf\u00fcgung.<\/p>\n","protected":false},"excerpt":{"rendered":"<p>Hypoid-Getriebe\u00f6l (GL5) SAE 140W Mineralisches Hypoidgetriebe\u00f6l. F\u00fcr Fahrzeuge mit bew\u00e4hrter Getriebetechnologie. Gew\u00e4hrleistet selbst bei schwersten Betriebsbedingungen und gro\u00dfen Temperaturschwankungen eine einwandfreie Funktion der Aggregate. Sorgt f\u00fcr einen stabilen Schmierfilm. Bietet eine hohe Schmiersicherheit sowie einen optimalen Verschlei\u00dfschutz. Reduziert Getriebeger\u00e4usche. Artikelnummer: 1055 Gebinde: 20 l Kanister Kunststoff Paletteninhalt: 24 VPE: 1 STK Sprache: D &#8211; GB [&hellip;]<\/p>\n","protected":false},"featured_media":22663,"comment_status":"closed","ping_status":"closed","template":"","meta":[],"class_list":["post-22662","product","type-product","status-publish","has-post-thumbnail","hentry","product_cat-baumaschinen","product_cat-getriebeoele-baumaschinen"],"_links":{"self":[{"href":"https:\/\/www.liqui-moly-shop.ch\/index.php\/wp-json\/wp\/v2\/product\/22662","targetHints":{"allow":["GET"]}}],"collection":[{"href":"https:\/\/www.liqui-moly-shop.ch\/index.php\/wp-json\/wp\/v2\/product"}],"about":[{"href":"https:\/\/www.liqui-moly-shop.ch\/index.php\/wp-json\/wp\/v2\/types\/product"}],"replies":[{"embeddable":true,"href":"https:\/\/www.liqui-moly-shop.ch\/index.php\/wp-json\/wp\/v2\/comments?post=22662"}],"wp:featuredmedia":[{"embeddable":true,"href":"https:\/\/www.liqui-moly-shop.ch\/index.php\/wp-json\/wp\/v2\/media\/22663"}],"wp:attachment":[{"href":"https:\/\/www.liqui-moly-shop.ch\/index.php\/wp-json\/wp\/v2\/media?parent=22662"}],"curies":[{"name":"wp","href":"https:\/\/api.w.org\/{rel}","templated":true}]}}