{"id":22665,"date":"2018-07-17T00:00:00","date_gmt":"2018-07-17T00:00:00","guid":{"rendered":"https:\/\/dev.liqui-moly-shop.ch\/index.php\/product\/truck-getriebeoel-hc-gl4-75w-80\/"},"modified":"2024-02-13T14:46:15","modified_gmt":"2024-02-13T14:46:15","slug":"truck-getriebeoel-hc-gl4-75w-80","status":"publish","type":"product","link":"https:\/\/www.liqui-moly-shop.ch\/index.php\/product\/truck-getriebeoel-hc-gl4-75w-80\/","title":{"rendered":"Truck Getriebe\u00f6l HC (GL4) 75W-80"},"content":{"rendered":"<h3>Truck Getriebe\u00f6l HC (GL4) 75W-80<\/h3>\n<p>Leistungsstarkes Hochdruckgetriebe\u00f6l f\u00fcr hochbelastete Schaltgetriebe mit und ohne Retarder oder Intarder sowie Nebengetriebe. Hochwertige Grund\u00f6le auf Basis HC-Synthesetechnologie und\u00a0die moderne Additivtechnologie garantieren einen breiten Einsatzbereich und optimale Getriebeschmierung unter Extrembedingungen und langen \u00d6lwechselintervallen bis 320.000 km. Durch die Leichtlaufcharakteristik kann dieses Getriebe\u00f6l auch bei Schaltschwierigkeiten (z. B. Schwerg\u00e4ngigkeit) eingesetzt werden, in denen mit z. B. h\u00f6herviskosen Einbereichs\u00f6len der Klasse API GL4 Probleme auftreten.<\/p>\n<p><!-- --><\/p>\n<table id=\"detail\">\n<tbody>\n<tr>\n<td class=\"left\" valign=\"top\">Artikelnummer:<\/td>\n<td class=\"right\" valign=\"top\">1202<\/td>\n<\/tr>\n<tr>\n<td class=\"left\" valign=\"top\">Gebinde:<\/td>\n<td class=\"right\" valign=\"top\">20 l Kanister Kunststoff<\/td>\n<\/tr>\n<tr>\n<td class=\"left\" valign=\"top\">Paletteninhalt:<\/td>\n<td class=\"right\" valign=\"top\">24<\/td>\n<\/tr>\n<tr>\n<td class=\"left\" valign=\"top\">VPE:<\/td>\n<td class=\"right\" valign=\"top\">1 STK<\/td>\n<\/tr>\n<tr>\n<td class=\"left\" valign=\"top\">Sprache:<\/td>\n<td class=\"right\" valign=\"top\">D &#8211; GB<\/td>\n<\/tr>\n<\/tbody>\n<\/table>\n<h3 class=\"detail\">Einsatzzweck<\/h3>\n<p>F\u00fcr extrem hochbelastete Schaltgetriebe mit und ohne Retarder oder Intarder sowie Nebengetriebe, in denen ein Schmierstoff dieser Leistungsklasse gefordert ist.<\/p>\n<h3 class=\"detail\">Spezifikationen und Freigaben<\/h3>\n<p>API GL4 ; MAN 341 Typ E3 ; MAN 341 Typ Z4 ; ZF TE-ML 02L ; ZF TE-ML 08 ; ZF TE-ML 16K ; ZF Freigabenummer ZF000693<\/p>\n<p>&nbsp;<\/p>\n<p><b>LIQUI MOLY empfiehlt dieses Produkt zus\u00e4tzlich f\u00fcr Fahrzeuge bzw. Aggregate, f\u00fcr die folgende Spezifikationen oder Originalersatzteilnummern gefordert werden:<\/b><br \/>\nDAF ; Eaton Extended Drain (300.000km) ; IVECO ; MB 235.4 ; Renault Trucks ; Volvo 97305<\/p>\n<p>Wenn Sie Fragen rund um die Liqui Moly Produkte haben sollten, z\u00f6gern Sie nicht und kontaktieren Sie uns. Gerne stehen wir Ihnen jederzeit gerne zur Verf\u00fcgung.<\/p>\n","protected":false},"excerpt":{"rendered":"<p>Truck Getriebe\u00f6l HC (GL4) 75W-80 Leistungsstarkes Hochdruckgetriebe\u00f6l f\u00fcr hochbelastete Schaltgetriebe mit und ohne Retarder oder Intarder sowie Nebengetriebe. Hochwertige Grund\u00f6le auf Basis HC-Synthesetechnologie und\u00a0die moderne Additivtechnologie garantieren einen breiten Einsatzbereich und optimale Getriebeschmierung unter Extrembedingungen und langen \u00d6lwechselintervallen bis 320.000 km. Durch die Leichtlaufcharakteristik kann dieses Getriebe\u00f6l auch bei Schaltschwierigkeiten (z. B. Schwerg\u00e4ngigkeit) eingesetzt werden, [&hellip;]<\/p>\n","protected":false},"featured_media":22666,"comment_status":"closed","ping_status":"closed","template":"","meta":[],"class_list":["post-22665","product","type-product","status-publish","has-post-thumbnail","hentry","product_cat-baumaschinen","product_cat-getriebeoele-baumaschinen"],"_links":{"self":[{"href":"https:\/\/www.liqui-moly-shop.ch\/index.php\/wp-json\/wp\/v2\/product\/22665","targetHints":{"allow":["GET"]}}],"collection":[{"href":"https:\/\/www.liqui-moly-shop.ch\/index.php\/wp-json\/wp\/v2\/product"}],"about":[{"href":"https:\/\/www.liqui-moly-shop.ch\/index.php\/wp-json\/wp\/v2\/types\/product"}],"replies":[{"embeddable":true,"href":"https:\/\/www.liqui-moly-shop.ch\/index.php\/wp-json\/wp\/v2\/comments?post=22665"}],"wp:featuredmedia":[{"embeddable":true,"href":"https:\/\/www.liqui-moly-shop.ch\/index.php\/wp-json\/wp\/v2\/media\/22666"}],"wp:attachment":[{"href":"https:\/\/www.liqui-moly-shop.ch\/index.php\/wp-json\/wp\/v2\/media?parent=22665"}],"curies":[{"name":"wp","href":"https:\/\/api.w.org\/{rel}","templated":true}]}}