{"id":22671,"date":"2018-07-17T00:00:00","date_gmt":"2018-07-17T00:00:00","guid":{"rendered":"https:\/\/dev.liqui-moly-shop.ch\/index.php\/product\/getriebe-hydraulikoel-to-4-sae-30\/"},"modified":"2018-07-17T00:00:00","modified_gmt":"2018-07-17T00:00:00","slug":"getriebe-hydraulikoel-to-4-sae-30","status":"publish","type":"product","link":"https:\/\/www.liqui-moly-shop.ch\/index.php\/product\/getriebe-hydraulikoel-to-4-sae-30\/","title":{"rendered":"Getriebe-Hydraulik\u00f6l TO-4 SAE 30"},"content":{"rendered":"<h3>Getriebe-Hydraulik\u00f6l TO-4 SAE 30<\/h3>\n<p>Leistungsstarkes Multifunktions\u00f6l aus hochwertigen Raffinaten. Durch die hohe thermische Stabilit\u00e4t der Grund\u00f6le wird der Alterungsprozess selbst bei erh\u00f6hten Temperaturen deutlich reduziert. Dies tr\u00e4gt entscheidend zu einer geringeren Schlammbildung sowie verbesserten Sauberkeit und Zuverl\u00e4ssigkeit der Getriebe- und Hydrauliksysteme bei. Durch die ausgezeichnete Oxidationsbest\u00e4ndigkeit werden lange \u00d6lstandzeiten (Wechselfristen) erm\u00f6glicht. Die hervorragende Verschlei\u00dfschutz-Technologie wirkt sowohl bei niedrigen als auch hohen Lastzust\u00e4nden. Spezielle Zus\u00e4tze gew\u00e4hrleisten eine l\u00e4ngere Lebensdauer der Nasskupplungen und eine sichere Funktion der nassen Bremsen.<\/p>\n<p><!-- --><\/p>\n<table id=\"detail\">\n<tbody>\n<tr>\n<td class=\"left\" valign=\"top\">Artikelnummer:<\/td>\n<td class=\"right\" valign=\"top\">4059<\/td>\n<\/tr>\n<tr>\n<td class=\"left\" valign=\"top\">Gebinde:<\/td>\n<td class=\"right\" valign=\"top\">20 l Kanister Kunststoff<\/td>\n<\/tr>\n<tr>\n<td class=\"left\" valign=\"top\">Paletteninhalt:<\/td>\n<td class=\"right\" valign=\"top\">24<\/td>\n<\/tr>\n<tr>\n<td class=\"left\" valign=\"top\">VPE:<\/td>\n<td class=\"right\" valign=\"top\">1 STK<\/td>\n<\/tr>\n<tr>\n<td class=\"left\" valign=\"top\">Sprache:<\/td>\n<td class=\"right\" valign=\"top\">D &#8211; GB<\/td>\n<\/tr>\n<\/tbody>\n<\/table>\n<h3 class=\"detail\">Einsatzzweck<\/h3>\n<p>Speziell f\u00fcr Baumaschinen nach den hohen Anforderungen von Caterpillar, Allison und Komatsu entwickelt. F\u00fcr Lastschaltgetriebe, Verteilergetriebe, Endantriebe und Hydrauliksysteme, in denen vom Hersteller ein Schmierstoff dieser Spezifikation vorgeschrieben wird.<\/p>\n<h3 class=\"detail\">Spezifikationen und Freigaben<\/h3>\n<p>&nbsp;<\/p>\n<p><b>LIQUI MOLY empfiehlt dieses Produkt zus\u00e4tzlich f\u00fcr Fahrzeuge bzw. Aggregate, f\u00fcr die folgende Spezifikationen oder Originalersatzteilnummern gefordert werden:<\/b><br \/>\nCaterpillar TO-4 ; Allison C4 ; Komatsu<\/p>\n<p>Wenn Sie Fragen rund um die Liqui Moly Produkte haben sollten, z\u00f6gern Sie nicht und kontaktieren Sie uns. Gerne stehen wir Ihnen jederzeit gerne zur Verf\u00fcgung.<\/p>\n","protected":false},"excerpt":{"rendered":"<p>Getriebe-Hydraulik\u00f6l TO-4 SAE 30 Leistungsstarkes Multifunktions\u00f6l aus hochwertigen Raffinaten. Durch die hohe thermische Stabilit\u00e4t der Grund\u00f6le wird der Alterungsprozess selbst bei erh\u00f6hten Temperaturen deutlich reduziert. Dies tr\u00e4gt entscheidend zu einer geringeren Schlammbildung sowie verbesserten Sauberkeit und Zuverl\u00e4ssigkeit der Getriebe- und Hydrauliksysteme bei. Durch die ausgezeichnete Oxidationsbest\u00e4ndigkeit werden lange \u00d6lstandzeiten (Wechselfristen) erm\u00f6glicht. Die hervorragende Verschlei\u00dfschutz-Technologie wirkt [&hellip;]<\/p>\n","protected":false},"featured_media":22672,"comment_status":"closed","ping_status":"closed","template":"","meta":[],"class_list":["post-22671","product","type-product","status-publish","has-post-thumbnail","hentry","product_cat-baumaschinen","product_cat-getriebeoele-baumaschinen"],"_links":{"self":[{"href":"https:\/\/www.liqui-moly-shop.ch\/index.php\/wp-json\/wp\/v2\/product\/22671","targetHints":{"allow":["GET"]}}],"collection":[{"href":"https:\/\/www.liqui-moly-shop.ch\/index.php\/wp-json\/wp\/v2\/product"}],"about":[{"href":"https:\/\/www.liqui-moly-shop.ch\/index.php\/wp-json\/wp\/v2\/types\/product"}],"replies":[{"embeddable":true,"href":"https:\/\/www.liqui-moly-shop.ch\/index.php\/wp-json\/wp\/v2\/comments?post=22671"}],"wp:featuredmedia":[{"embeddable":true,"href":"https:\/\/www.liqui-moly-shop.ch\/index.php\/wp-json\/wp\/v2\/media\/22672"}],"wp:attachment":[{"href":"https:\/\/www.liqui-moly-shop.ch\/index.php\/wp-json\/wp\/v2\/media?parent=22671"}],"curies":[{"name":"wp","href":"https:\/\/api.w.org\/{rel}","templated":true}]}}