{"id":22695,"date":"2018-07-17T00:00:00","date_gmt":"2018-07-17T00:00:00","guid":{"rendered":"https:\/\/dev.liqui-moly-shop.ch\/index.php\/product\/getriebeoel-clp-220\/"},"modified":"2018-07-17T00:00:00","modified_gmt":"2018-07-17T00:00:00","slug":"getriebeoel-clp-220","status":"publish","type":"product","link":"https:\/\/www.liqui-moly-shop.ch\/index.php\/product\/getriebeoel-clp-220\/","title":{"rendered":"Getriebe\u00f6l CLP 220"},"content":{"rendered":"<h3>Getriebe\u00f6l CLP 220<\/h3>\n<p>Mineralischer Getriebeschmierstoff mit hervorragenden Schmier- und Verschlei\u00dfschutzeigenschaften. Hergestellt aus hochwertigen Grund\u00f6len und modernsten Schwefel-Phosphor-Additiven.<\/p>\n<p><!-- --><\/p>\n<table id=\"detail\">\n<tbody>\n<tr>\n<td class=\"left\" valign=\"top\">Artikelnummer:<\/td>\n<td class=\"right\" valign=\"top\">4778<\/td>\n<\/tr>\n<tr>\n<td class=\"left\" valign=\"top\">Gebinde:<\/td>\n<td class=\"right\" valign=\"top\">20 l Kanister Kunststoff<\/td>\n<\/tr>\n<tr>\n<td class=\"left\" valign=\"top\">Paletteninhalt:<\/td>\n<td class=\"right\" valign=\"top\">24<\/td>\n<\/tr>\n<tr>\n<td class=\"left\" valign=\"top\">VPE:<\/td>\n<td class=\"right\" valign=\"top\">1 STK<\/td>\n<\/tr>\n<tr>\n<td class=\"left\" valign=\"top\">Sprache:<\/td>\n<td class=\"right\" valign=\"top\">D &#8211; GB<\/td>\n<\/tr>\n<\/tbody>\n<\/table>\n<h3 class=\"detail\">Einsatzzweck<\/h3>\n<p>Geeignet zum Einsatz in Industriegetrieben, W\u00e4lz- und Gleitlagern mit hohen Druckbelastungen, insbesondere auch f\u00fcr Gro\u00dfanlagen mit Umlaufschmierung.<\/p>\n<h3 class=\"detail\">Spezifikationen und Freigaben<\/h3>\n<p>Schmier\u00f6l DIN 51517 CLP 220 ; Schmier\u00f6l SEB 181 226 CLP 220<\/p>\n<p>Wenn Sie Fragen rund um die Liqui Moly Produkte haben sollten, z\u00f6gern Sie nicht und kontaktieren Sie uns. Gerne stehen wir Ihnen jederzeit gerne zur Verf\u00fcgung.<\/p>\n","protected":false},"excerpt":{"rendered":"<p>Getriebe\u00f6l CLP 220 Mineralischer Getriebeschmierstoff mit hervorragenden Schmier- und Verschlei\u00dfschutzeigenschaften. Hergestellt aus hochwertigen Grund\u00f6len und modernsten Schwefel-Phosphor-Additiven. Artikelnummer: 4778 Gebinde: 20 l Kanister Kunststoff Paletteninhalt: 24 VPE: 1 STK Sprache: D &#8211; GB Einsatzzweck Geeignet zum Einsatz in Industriegetrieben, W\u00e4lz- und Gleitlagern mit hohen Druckbelastungen, insbesondere auch f\u00fcr Gro\u00dfanlagen mit Umlaufschmierung. Spezifikationen und Freigaben Schmier\u00f6l [&hellip;]<\/p>\n","protected":false},"featured_media":22696,"comment_status":"closed","ping_status":"closed","template":"","meta":[],"class_list":["post-22695","product","type-product","status-publish","has-post-thumbnail","hentry","product_cat-baumaschinen","product_cat-getriebeoele-baumaschinen"],"_links":{"self":[{"href":"https:\/\/www.liqui-moly-shop.ch\/index.php\/wp-json\/wp\/v2\/product\/22695","targetHints":{"allow":["GET"]}}],"collection":[{"href":"https:\/\/www.liqui-moly-shop.ch\/index.php\/wp-json\/wp\/v2\/product"}],"about":[{"href":"https:\/\/www.liqui-moly-shop.ch\/index.php\/wp-json\/wp\/v2\/types\/product"}],"replies":[{"embeddable":true,"href":"https:\/\/www.liqui-moly-shop.ch\/index.php\/wp-json\/wp\/v2\/comments?post=22695"}],"wp:featuredmedia":[{"embeddable":true,"href":"https:\/\/www.liqui-moly-shop.ch\/index.php\/wp-json\/wp\/v2\/media\/22696"}],"wp:attachment":[{"href":"https:\/\/www.liqui-moly-shop.ch\/index.php\/wp-json\/wp\/v2\/media?parent=22695"}],"curies":[{"name":"wp","href":"https:\/\/api.w.org\/{rel}","templated":true}]}}