{"id":22754,"date":"2018-07-17T00:00:00","date_gmt":"2018-07-17T00:00:00","guid":{"rendered":"https:\/\/dev.liqui-moly-shop.ch\/index.php\/product\/hydraulikoel-hlp-32\/"},"modified":"2023-10-19T14:50:00","modified_gmt":"2023-10-19T14:50:00","slug":"hydraulikoel-hlp-32","status":"publish","type":"product","link":"https:\/\/www.liqui-moly-shop.ch\/index.php\/product\/hydraulikoel-hlp-32\/","title":{"rendered":"Hydraulik\u00f6l HLP 32"},"content":{"rendered":"<h3>Hydraulik\u00f6l HLP 32<\/h3>\n<p>Mineralisches Hydraulik\u00f6l der Klassifikation Typ HLP nach DIN 51524 Teil 2. Enth\u00e4lt ausgew\u00e4hlte Wirkstoffe zur Verbesserung der Alterungsbest\u00e4ndigkeit des Verschlei\u00df- und Korrosionsschutzes sowie der EP-Eigenschaften. Optimal geeignet in Systemen, in denen hohe thermische Belastungen auftreten k\u00f6nnen.<\/p>\n<p><!-- --><\/p>\n<table id=\"detail\">\n<tbody>\n<tr>\n<td class=\"left\" valign=\"top\">Artikelnummer:<\/td>\n<td class=\"right\" valign=\"top\">1107<\/td>\n<\/tr>\n<tr>\n<td class=\"left\" valign=\"top\">Gebinde:<\/td>\n<td class=\"right\" valign=\"top\">20 l Kanister Kunststoff<\/td>\n<\/tr>\n<tr>\n<td class=\"left\" valign=\"top\">Paletteninhalt:<\/td>\n<td class=\"right\" valign=\"top\">24<\/td>\n<\/tr>\n<tr>\n<td class=\"left\" valign=\"top\">VPE:<\/td>\n<td class=\"right\" valign=\"top\">1 STK<\/td>\n<\/tr>\n<tr>\n<td class=\"left\" valign=\"top\">Sprache:<\/td>\n<td class=\"right\" valign=\"top\">D &#8211; GB &#8211; I &#8211; E &#8211; P<\/td>\n<\/tr>\n<\/tbody>\n<\/table>\n<h3 class=\"detail\">Einsatzzweck<\/h3>\n<p>F\u00fcr Maschinen, Pumpen und Anlagen. Die Betriebsvorschriften der Maschinen- und Anlagenhersteller sind zu beachten. Viskosit\u00e4t ISO VG 32.<\/p>\n<h3 class=\"detail\">Spezifikationen und Freigaben<\/h3>\n<p>Hydraulik\u00f6l SEB 181 222 HLP 32 ; Hydraulik\u00f6l DIN 51524 Teil 2 HLP 32<\/p>\n<ul class=\"info-text m-0 p-0\">\n<li>EUH210 Sicherheitsdatenblatt auf Anfrage erh\u00e4ltlich.<\/li>\n<\/ul>\n<p>Wenn Sie Fragen rund um die Liqui Moly Produkte haben sollten, z\u00f6gern Sie nicht und kontaktieren Sie uns. Gerne stehen wir Ihnen jederzeit gerne zur Verf\u00fcgung.<\/p>\n","protected":false},"excerpt":{"rendered":"<p>Hydraulik\u00f6l HLP 32 Mineralisches Hydraulik\u00f6l der Klassifikation Typ HLP nach DIN 51524 Teil 2. Enth\u00e4lt ausgew\u00e4hlte Wirkstoffe zur Verbesserung der Alterungsbest\u00e4ndigkeit des Verschlei\u00df- und Korrosionsschutzes sowie der EP-Eigenschaften. Optimal geeignet in Systemen, in denen hohe thermische Belastungen auftreten k\u00f6nnen. Artikelnummer: 1107 Gebinde: 20 l Kanister Kunststoff Paletteninhalt: 24 VPE: 1 STK Sprache: D &#8211; GB [&hellip;]<\/p>\n","protected":false},"featured_media":22755,"comment_status":"closed","ping_status":"closed","template":"","meta":[],"class_list":["post-22754","product","type-product","status-publish","has-post-thumbnail","hentry","product_cat-baumaschinen","product_cat-hydraulikoele"],"_links":{"self":[{"href":"https:\/\/www.liqui-moly-shop.ch\/index.php\/wp-json\/wp\/v2\/product\/22754","targetHints":{"allow":["GET"]}}],"collection":[{"href":"https:\/\/www.liqui-moly-shop.ch\/index.php\/wp-json\/wp\/v2\/product"}],"about":[{"href":"https:\/\/www.liqui-moly-shop.ch\/index.php\/wp-json\/wp\/v2\/types\/product"}],"replies":[{"embeddable":true,"href":"https:\/\/www.liqui-moly-shop.ch\/index.php\/wp-json\/wp\/v2\/comments?post=22754"}],"wp:featuredmedia":[{"embeddable":true,"href":"https:\/\/www.liqui-moly-shop.ch\/index.php\/wp-json\/wp\/v2\/media\/22755"}],"wp:attachment":[{"href":"https:\/\/www.liqui-moly-shop.ch\/index.php\/wp-json\/wp\/v2\/media?parent=22754"}],"curies":[{"name":"wp","href":"https:\/\/api.w.org\/{rel}","templated":true}]}}