{"id":22802,"date":"2018-07-17T00:00:00","date_gmt":"2018-07-17T00:00:00","guid":{"rendered":"https:\/\/dev.liqui-moly-shop.ch\/index.php\/product\/hydraulikoel-hvlp-46\/"},"modified":"2023-10-20T07:59:13","modified_gmt":"2023-10-20T07:59:13","slug":"hydraulikoel-hvlp-46","status":"publish","type":"product","link":"https:\/\/www.liqui-moly-shop.ch\/index.php\/product\/hydraulikoel-hvlp-46\/","title":{"rendered":"Hydraulik\u00f6l HVLP 46"},"content":{"rendered":"<h3>Hydraulik\u00f6l HVLP 46<\/h3>\n<p>Mineralisches Hydraulik\u00f6l der Klassifikation Typ HVLP nach DIN 51524 Teil 3. Enth\u00e4lt ausgew\u00e4hlte Wirkstoffe zur Verbesserung der Alterungsbest\u00e4ndigkeit, des Korrosionsschutzes und der EP-Eigenschaften. Aufgrund ihrer besonderen Additivierung sind sie in der Lage, das Viskosit\u00e4tstemperaturverhalten nahezu konstant zu halten. Schaumverhalten und Luftabscheideverm\u00f6gen sind optimal eingestellt.<\/p>\n<p><!-- --><\/p>\n<table id=\"detail\">\n<tbody>\n<tr>\n<td class=\"left\" valign=\"top\">Artikelnummer:<\/td>\n<td class=\"right\" valign=\"top\">4106*<\/td>\n<\/tr>\n<tr>\n<td class=\"left\" valign=\"top\">Gebinde:<\/td>\n<td class=\"right\" valign=\"top\">5 l Kanister Kunststoff<\/td>\n<\/tr>\n<tr>\n<td class=\"left\" valign=\"top\">Paletteninhalt:<\/td>\n<td class=\"right\" valign=\"top\">128<\/td>\n<\/tr>\n<tr>\n<td class=\"left\" valign=\"top\">VPE:<\/td>\n<td class=\"right\" valign=\"top\">4 STK<\/td>\n<\/tr>\n<tr>\n<td class=\"left\" valign=\"top\">Sprache:<\/td>\n<td class=\"right\" valign=\"top\">D<\/td>\n<\/tr>\n<\/tbody>\n<\/table>\n<h3 class=\"detail\">Einsatzzweck<\/h3>\n<p>F\u00fcr Maschinen, Pumpen und Anlagen, die gro\u00dfen Temperaturschwankungen oder tiefen Temperaturen ausgesetzt sind. F\u00fcr Systeme, in denen ein Hydraulik\u00f6l des angegebenen Typs sowie der entsprechenden Viskosit\u00e4tsklasse vorgeschrieben ist. Die Betriebsvorschriften der Maschinen- und Anlagenhersteller sind zu beachten. Viskosit\u00e4t ISO VG 46.<\/p>\n<h3 class=\"detail\">Spezifikationen und Freigaben<\/h3>\n<p>Hydraulik\u00f6l DIN 51524 HVLP 46<\/p>\n<ul class=\"info-text m-0 p-0\">\n<li>EUH210 Sicherheitsdatenblatt auf Anfrage erh\u00e4ltlich.<\/li>\n<\/ul>\n<p>Wenn Sie Fragen rund um die Liqui Moly Produkte haben sollten, z\u00f6gern Sie nicht und kontaktieren Sie uns. Gerne stehen wir Ihnen jederzeit gerne zur Verf\u00fcgung.<\/p>\n","protected":false},"excerpt":{"rendered":"<p>Hydraulik\u00f6l HVLP 46 Mineralisches Hydraulik\u00f6l der Klassifikation Typ HVLP nach DIN 51524 Teil 3. Enth\u00e4lt ausgew\u00e4hlte Wirkstoffe zur Verbesserung der Alterungsbest\u00e4ndigkeit, des Korrosionsschutzes und der EP-Eigenschaften. Aufgrund ihrer besonderen Additivierung sind sie in der Lage, das Viskosit\u00e4tstemperaturverhalten nahezu konstant zu halten. Schaumverhalten und Luftabscheideverm\u00f6gen sind optimal eingestellt. Artikelnummer: 4106* Gebinde: 5 l Kanister Kunststoff Paletteninhalt: [&hellip;]<\/p>\n","protected":false},"featured_media":22803,"comment_status":"closed","ping_status":"closed","template":"","meta":[],"class_list":["post-22802","product","type-product","status-publish","has-post-thumbnail","hentry","product_cat-baumaschinen","product_cat-hydraulikoele"],"_links":{"self":[{"href":"https:\/\/www.liqui-moly-shop.ch\/index.php\/wp-json\/wp\/v2\/product\/22802","targetHints":{"allow":["GET"]}}],"collection":[{"href":"https:\/\/www.liqui-moly-shop.ch\/index.php\/wp-json\/wp\/v2\/product"}],"about":[{"href":"https:\/\/www.liqui-moly-shop.ch\/index.php\/wp-json\/wp\/v2\/types\/product"}],"replies":[{"embeddable":true,"href":"https:\/\/www.liqui-moly-shop.ch\/index.php\/wp-json\/wp\/v2\/comments?post=22802"}],"wp:featuredmedia":[{"embeddable":true,"href":"https:\/\/www.liqui-moly-shop.ch\/index.php\/wp-json\/wp\/v2\/media\/22803"}],"wp:attachment":[{"href":"https:\/\/www.liqui-moly-shop.ch\/index.php\/wp-json\/wp\/v2\/media?parent=22802"}],"curies":[{"name":"wp","href":"https:\/\/api.w.org\/{rel}","templated":true}]}}