{"id":22836,"date":"2018-07-17T00:00:00","date_gmt":"2018-07-17T00:00:00","guid":{"rendered":"https:\/\/dev.liqui-moly-shop.ch\/index.php\/product\/kuehlerfrostschutz-kfs-11\/"},"modified":"2023-12-13T13:47:59","modified_gmt":"2023-12-13T13:47:59","slug":"kuehlerfrostschutz-kfs-11","status":"publish","type":"product","link":"https:\/\/www.liqui-moly-shop.ch\/index.php\/product\/kuehlerfrostschutz-kfs-11\/","title":{"rendered":"K\u00fchlerfrostschutz KFS 11"},"content":{"rendered":"<h3>K\u00fchlerfrostschutz KFS 11<\/h3>\n<p>Wirkstoffkombination mit ausgekl\u00fcgeltem Inhibitorenpaket aufgrund Hybridtechnologie. Bietet hervorragenden Schutz vor Frost, Korrosion und \u00dcberhitzung. Amin-, nitrit- und phosphatfreies K\u00fchlerschutzmittel auf Basis von Ethylenglykol. Ergibt in abgestimmtem Mischungsverh\u00e4ltnis mit Wasser einen sicheren, ganzj\u00e4hrigen Fahrzeugbetrieb.<\/p>\n<p><!-- --><\/p>\n<table id=\"detail\">\n<tbody>\n<tr>\n<td class=\"left\" valign=\"top\">Artikelnummer:<\/td>\n<td class=\"right\" valign=\"top\">21149*<\/td>\n<\/tr>\n<tr>\n<td class=\"left\" valign=\"top\">Gebinde:<\/td>\n<td class=\"right\" valign=\"top\">1 l Flasche Kunststoff<\/td>\n<\/tr>\n<tr>\n<td class=\"left\" valign=\"top\">Paletteninhalt:<\/td>\n<td class=\"right\" valign=\"top\">420<\/td>\n<\/tr>\n<tr>\n<td class=\"left\" valign=\"top\">VPE:<\/td>\n<td class=\"right\" valign=\"top\">6 STK<\/td>\n<\/tr>\n<tr>\n<td class=\"left\" valign=\"top\">Sprache:<\/td>\n<td class=\"right\" valign=\"top\">D &#8211; GB &#8211; I &#8211; E &#8211; P<\/td>\n<\/tr>\n<\/tbody>\n<\/table>\n<h3 class=\"detail\">Einsatzzweck<\/h3>\n<p>F\u00fcr Motoren aus Gusseisen, Aluminium oder deren Kombination sowie K\u00fchlsysteme mit Aluminium und\/oder Kupferlegierungen. F\u00fcr Pkw, Nfz, Busse, Landmaschinen sowie station\u00e4re Motoren und Ger\u00e4te, die einen K\u00fchlerfrostschutz dieser Qualit\u00e4t fordern.<\/p>\n<div class=\"d-flex justify-content-md-center gap-1\"><img decoding=\"async\" title=\"ghs07\" src=\"https:\/\/liquimoly.cloudimg.io\/v7\/https:\/\/www.liqui-moly.com\/static\/version1702332212\/frontend\/limo\/base\/de_DE\/images\/info\/ghs07.png\" alt=\"ghs07\" width=\"35px\" height=\"35px\" \/><img decoding=\"async\" title=\"ghs08\" src=\"https:\/\/liquimoly.cloudimg.io\/v7\/https:\/\/www.liqui-moly.com\/static\/version1702332212\/frontend\/limo\/base\/de_DE\/images\/info\/ghs08.png\" alt=\"ghs08\" width=\"35px\" height=\"35px\" \/><\/div>\n<div class=\"text-md-center text-muted ps-md-2 pe-md-2\">\n<p><strong>Achtung<\/strong><\/p>\n<ul class=\"info-text m-0 p-0\">\n<li>H302 Gesundheitssch\u00e4dlich bei Verschlucken.<\/li>\n<li>H373 Kann die Organe sch\u00e4digen bei l\u00e4ngerer oder wiederholter Exposition bei Verschlucken. (Nieren)<\/li>\n<\/ul>\n<\/div>\n<p>Wenn Sie Fragen rund um die Liqui Moly Produkte haben sollten, z\u00f6gern Sie nicht und kontaktieren Sie uns. Gerne stehen wir Ihnen jederzeit gerne zur Verf\u00fcgung.<\/p>\n","protected":false},"excerpt":{"rendered":"<p>K\u00fchlerfrostschutz KFS 11 Wirkstoffkombination mit ausgekl\u00fcgeltem Inhibitorenpaket aufgrund Hybridtechnologie. Bietet hervorragenden Schutz vor Frost, Korrosion und \u00dcberhitzung. Amin-, nitrit- und phosphatfreies K\u00fchlerschutzmittel auf Basis von Ethylenglykol. Ergibt in abgestimmtem Mischungsverh\u00e4ltnis mit Wasser einen sicheren, ganzj\u00e4hrigen Fahrzeugbetrieb. Artikelnummer: 21149* Gebinde: 1 l Flasche Kunststoff Paletteninhalt: 420 VPE: 6 STK Sprache: D &#8211; GB &#8211; I &#8211; [&hellip;]<\/p>\n","protected":false},"featured_media":22837,"comment_status":"closed","ping_status":"closed","template":"","meta":[],"class_list":["post-22836","product","type-product","status-publish","has-post-thumbnail","hentry","product_cat-baumaschinen","product_cat-kuehl-und-bremsfluessigkeiten","product_cat-kuehlfluessigkeiten-kuehl-und-bremsfluessigkeiten"],"_links":{"self":[{"href":"https:\/\/www.liqui-moly-shop.ch\/index.php\/wp-json\/wp\/v2\/product\/22836","targetHints":{"allow":["GET"]}}],"collection":[{"href":"https:\/\/www.liqui-moly-shop.ch\/index.php\/wp-json\/wp\/v2\/product"}],"about":[{"href":"https:\/\/www.liqui-moly-shop.ch\/index.php\/wp-json\/wp\/v2\/types\/product"}],"replies":[{"embeddable":true,"href":"https:\/\/www.liqui-moly-shop.ch\/index.php\/wp-json\/wp\/v2\/comments?post=22836"}],"wp:featuredmedia":[{"embeddable":true,"href":"https:\/\/www.liqui-moly-shop.ch\/index.php\/wp-json\/wp\/v2\/media\/22837"}],"wp:attachment":[{"href":"https:\/\/www.liqui-moly-shop.ch\/index.php\/wp-json\/wp\/v2\/media?parent=22836"}],"curies":[{"name":"wp","href":"https:\/\/api.w.org\/{rel}","templated":true}]}}