{"id":22856,"date":"2018-07-17T00:00:00","date_gmt":"2018-07-17T00:00:00","guid":{"rendered":"https:\/\/dev.liqui-moly-shop.ch\/index.php\/product\/top-tec-truck-4450-15w-40\/"},"modified":"2024-01-03T09:59:01","modified_gmt":"2024-01-03T09:59:01","slug":"top-tec-truck-4450-15w-40","status":"publish","type":"product","link":"https:\/\/www.liqui-moly-shop.ch\/index.php\/product\/top-tec-truck-4450-15w-40\/","title":{"rendered":"Top Tec Truck 4450 15W-40"},"content":{"rendered":"<h3>Top Tec Truck 4450 15W-40<\/h3>\n<p>Schont die Abgasnachbehandlungssysteme.<br \/>\nHochleistungsschmierstoff. Durch die neuartige Additivtechnologie, mit verbessertem Verschlei\u00dfschutzverhalten und Oxidationsstabilit\u00e4t erf\u00fcllt dieser Schmierstoff die Anforderungen modernster Motorenkonzepte. Ebenso erm\u00f6glicht die aschearme Formulierung eine verbesserte Vertr\u00e4glichkeit in Bezug auf Katalysator- und Dieselpartikelfilter (DPF).<\/p>\n<p><!-- --><\/p>\n<table id=\"detail\">\n<tbody>\n<tr>\n<td class=\"left\" valign=\"top\">Artikelnummer:<\/td>\n<td class=\"right\" valign=\"top\">3778<\/td>\n<\/tr>\n<tr>\n<td class=\"left\" valign=\"top\">Gebinde:<\/td>\n<td class=\"right\" valign=\"top\">20 l Kanister Kunststoff<\/td>\n<\/tr>\n<tr>\n<td class=\"left\" valign=\"top\">Paletteninhalt:<\/td>\n<td class=\"right\" valign=\"top\">24<\/td>\n<\/tr>\n<tr>\n<td class=\"left\" valign=\"top\">VPE:<\/td>\n<td class=\"right\" valign=\"top\">1 STK<\/td>\n<\/tr>\n<tr>\n<td class=\"left\" valign=\"top\">Sprache:<\/td>\n<td class=\"right\" valign=\"top\">D &#8211; GB &#8211; I &#8211; E &#8211; P<\/td>\n<\/tr>\n<\/tbody>\n<\/table>\n<h3 class=\"detail\">Einsatzzweck<\/h3>\n<p>Optimal f\u00fcr Trucks, Busse im Nah- und Fernverkehr sowie f\u00fcr Forst-, Land- und Baumaschinen. Durch die gute Performance eignet sich dieses Produkt optimal f\u00fcr den Einsatz in modernen Motoren gem\u00e4\u00df der Schadstoffnormen Euro IV, V und VI. Kann in vielen Fahrzeugen ohne Einschr\u00e4nkung r\u00fcckw\u00e4rtskompatibel verwendet werden. Unter Beachtung der Herstelleranforderungen auch in Motoren \u00e4lterer Schadstoffnormen Euro II und III einsetzbar.<\/p>\n<h3 class=\"detail\">Spezifikationen und Freigaben<\/h3>\n<p>ACEA E7 ; ACEA E9 ; API CF ; API CI-4 ; API CJ-4 ; API SM ; MAN M 3575 ; MB-Freigabe 228.31 ; Renault Trucks RLD-3 ; Volvo VDS-4<\/p>\n<p>&nbsp;<\/p>\n<p><b>LIQUI MOLY empfiehlt dieses Produkt zus\u00e4tzlich f\u00fcr Fahrzeuge bzw. Aggregate, f\u00fcr die folgende Spezifikationen oder Originalersatzteilnummern gefordert werden:<\/b><\/p>\n<p>Caterpillar ECF-2 ; Caterpillar ECF-3 ; Cummins CES 20081 ; Detroit Diesel DDC 93K218 ; Deutz DQC III-10 LA ; Global DHD-1 ; JASO DH-2 ; John Deere JDQ 78X ; Mack EO-O Premium Plus ; MTU Typ 2.1<\/p>\n<div class=\"content-row content-standalone bg-light py-5 py-lg-6 variantswitch-sku-3778\">\n<div class=\"ghs-information container fs-11\">\n<div class=\"d-grid gap-3\">\n<div class=\"text-md-center text-muted ps-md-2 pe-md-2\">\n<ul class=\"info-text m-0 p-0\">\n<li>EUH210 Sicherheitsdatenblatt auf Anfrage erh\u00e4ltlich.<\/li>\n<\/ul>\n<\/div>\n<\/div>\n<\/div>\n<\/div>\n<div class=\"container\">\n<div class=\"content-tabs-wrapper content-tabs-container content-row product info detailed mage-tabs-disabled\">\n<div class=\"horizontal-scroll horizontal-scroll--fade-out\" data-limo-observe-movement=\"\"><\/div>\n<\/div>\n<\/div>\n<p>Wenn Sie Fragen rund um die Liqui Moly Produkte haben sollten, z\u00f6gern Sie nicht und kontaktieren Sie uns. Gerne stehen wir Ihnen jederzeit gerne zur Verf\u00fcgung.<\/p>\n","protected":false},"excerpt":{"rendered":"<p>Top Tec Truck 4450 15W-40 Schont die Abgasnachbehandlungssysteme. Hochleistungsschmierstoff. Durch die neuartige Additivtechnologie, mit verbessertem Verschlei\u00dfschutzverhalten und Oxidationsstabilit\u00e4t erf\u00fcllt dieser Schmierstoff die Anforderungen modernster Motorenkonzepte. Ebenso erm\u00f6glicht die aschearme Formulierung eine verbesserte Vertr\u00e4glichkeit in Bezug auf Katalysator- und Dieselpartikelfilter (DPF). Artikelnummer: 3778 Gebinde: 20 l Kanister Kunststoff Paletteninhalt: 24 VPE: 1 STK Sprache: D &#8211; [&hellip;]<\/p>\n","protected":false},"featured_media":22857,"comment_status":"closed","ping_status":"closed","template":"","meta":[],"class_list":["post-22856","product","type-product","status-publish","has-post-thumbnail","hentry","product_cat-baumaschinen","product_cat-motoroele"],"_links":{"self":[{"href":"https:\/\/www.liqui-moly-shop.ch\/index.php\/wp-json\/wp\/v2\/product\/22856","targetHints":{"allow":["GET"]}}],"collection":[{"href":"https:\/\/www.liqui-moly-shop.ch\/index.php\/wp-json\/wp\/v2\/product"}],"about":[{"href":"https:\/\/www.liqui-moly-shop.ch\/index.php\/wp-json\/wp\/v2\/types\/product"}],"replies":[{"embeddable":true,"href":"https:\/\/www.liqui-moly-shop.ch\/index.php\/wp-json\/wp\/v2\/comments?post=22856"}],"wp:featuredmedia":[{"embeddable":true,"href":"https:\/\/www.liqui-moly-shop.ch\/index.php\/wp-json\/wp\/v2\/media\/22857"}],"wp:attachment":[{"href":"https:\/\/www.liqui-moly-shop.ch\/index.php\/wp-json\/wp\/v2\/media?parent=22856"}],"curies":[{"name":"wp","href":"https:\/\/api.w.org\/{rel}","templated":true}]}}