{"id":22862,"date":"2018-07-17T00:00:00","date_gmt":"2018-07-17T00:00:00","guid":{"rendered":"https:\/\/dev.liqui-moly-shop.ch\/index.php\/product\/top-tec-truck-4350-5w-30\/"},"modified":"2023-12-19T13:59:43","modified_gmt":"2023-12-19T13:59:43","slug":"top-tec-truck-4350-5w-30","status":"publish","type":"product","link":"https:\/\/www.liqui-moly-shop.ch\/index.php\/product\/top-tec-truck-4350-5w-30\/","title":{"rendered":"Top Tec Truck 4350 5W-30"},"content":{"rendered":"<h3>Top Tec Truck 4350 5W-30<\/h3>\n<p><strong>F\u00fcr die neueste Euro V- und Euro VI-Motorentechnologie.<\/strong><br \/>\nGanzjahresmotor\u00f6l auf Basis Synthesetechnologie und hochwertigen Additivkomponenten. Dieses Hightech-Motor\u00f6l erm\u00f6glicht ein extrem breites Einsatzspektrum und erf\u00fcllt die Anforderungen weltweiter Nutzfahrzeughersteller. Gew\u00e4hrleistet einen hervorragenden Verschlei\u00dfschutz sowie hohe Schmierfilmstabilit\u00e4t unter allen Betriebsbedingungen. Die ausgezeichnete Scher- und Alterungsstabilit\u00e4t erm\u00f6glicht lange \u00d6lwechselintervalle. Die niedrige Viskosit\u00e4t erm\u00f6glicht eine deutliche Absenkung des Kraftstoffverbrauches.\u00a0Haupts\u00e4chlich\u00a0f\u00fcr Dieselmotoren geeignet, jedoch auch in Benzinmotoren einsetzbar.<\/p>\n<p><!-- --><\/p>\n<table id=\"detail\">\n<tbody>\n<tr>\n<td class=\"left\" valign=\"top\">Artikelnummer:<\/td>\n<td class=\"right\" valign=\"top\">3786 3787 3788<\/td>\n<\/tr>\n<tr>\n<td class=\"left\" valign=\"top\">Gebinde:<\/td>\n<td class=\"right\" valign=\"top\">20 l Kanister Kunststoff<\/td>\n<\/tr>\n<tr>\n<td class=\"left\" valign=\"top\">Paletteninhalt:<\/td>\n<td class=\"right\" valign=\"top\">24<\/td>\n<\/tr>\n<tr>\n<td class=\"left\" valign=\"top\">VPE:<\/td>\n<td class=\"right\" valign=\"top\">1 STK<\/td>\n<\/tr>\n<tr>\n<td class=\"left\" valign=\"top\">Sprache:<\/td>\n<td class=\"right\" valign=\"top\">D &#8211; GB &#8211; I &#8211; E &#8211; P<\/td>\n<\/tr>\n<\/tbody>\n<\/table>\n<h3 class=\"detail\">Einsatzzweck<\/h3>\n<p>Speziell f\u00fcr hochbelastete Nfz-Dieselmotoren gem\u00e4\u00df Abgasnorm Euro IV, Euro V und Euro VI mit Abgasnachbehandlung und Ru\u00dfpartikelfilter (DPF\/CRT). Je nach Herstellervorschrift kann es teilweise auch in \u00e4lteren Nutzfahrzeugen der Schadstoffklasse Euro II und Euro III im unvermischten Zustand verwendet werden.<\/p>\n<h3 class=\"detail\">Spezifikationen und Freigaben<\/h3>\n<p>ACEA E6 ; ACEA E7 ; ACEA E9 ; API CJ-4 ; API SN ; JASO DH-2 ; MAN M 3477 ; MAN M 3677 ; MB-Freigabe 228.51 ; Renault Trucks RLD-3 ; Renault Trucks RXD ; Scania LDF-4 ; Scania Low Ash ; Volvo VDS-4<\/p>\n<p>&nbsp;<\/p>\n<p><b>LIQUI MOLY empfiehlt dieses Produkt zus\u00e4tzlich f\u00fcr Fahrzeuge bzw. Aggregate, f\u00fcr die folgende Spezifikationen oder Originalersatzteilnummern gefordert werden:<\/b><\/p>\n<p>Caterpillar ECF-3 ; Cummins CES 20081 ; Deutz DQC IV-10 LA ; Detroit Diesel DDC 93K218 ; IVECO 18-1804 TLS E6 ; Mack EO-M Plus ; Mack EO-N Plus ; Mack EO-O Premium Plus ; MAN M 3271-1 ; MB 228.31 ; MB 235.28 ; MTU Typ 3.1 ; Renault Trucks RGD ; Renault Trucks RLD ; Renault Trucks RLD-2 ; Voith Class B ; Volvo CNG ; Volvo VDS-3<\/p>\n<ul class=\"info-text m-0 p-0\">\n<li>EUH208 Enth\u00e4lt Benzolsulfons\u00e4ure, Methyl-, Mono-C20-24-verzweigte Alkylderivate, Calciumsalze, 2,5-Furandion, Polymer mit 1-Hexadecen, 2-Methyloxiran-Polymer mit Oxiran-bis(2-aminopropyl)ether und 2-Methyl-1-propen, 4-(Phenylamino)phenylimid, Kokosnuss\u00f6l, Reaktionsprodukte mit Bors\u00e4ure (H3BO3), Diethanolamin und Glycerin, Alkyl-(C18-C28)-Toluolsulfons\u00e4ure, Calciumsalze, boriert. Kann allergische Reaktionen hervorrufen.<\/li>\n<li>EUH210 Sicherheitsdatenblatt auf Anfrage erh\u00e4ltlich.<\/li>\n<\/ul>\n<p>Wenn Sie Fragen rund um die Liqui Moly Produkte haben sollten, z\u00f6gern Sie nicht und kontaktieren Sie uns. Gerne stehen wir Ihnen jederzeit gerne zur Verf\u00fcgung.<\/p>\n","protected":false},"excerpt":{"rendered":"<p>Top Tec Truck 4350 5W-30 F\u00fcr die neueste Euro V- und Euro VI-Motorentechnologie. Ganzjahresmotor\u00f6l auf Basis Synthesetechnologie und hochwertigen Additivkomponenten. Dieses Hightech-Motor\u00f6l erm\u00f6glicht ein extrem breites Einsatzspektrum und erf\u00fcllt die Anforderungen weltweiter Nutzfahrzeughersteller. Gew\u00e4hrleistet einen hervorragenden Verschlei\u00dfschutz sowie hohe Schmierfilmstabilit\u00e4t unter allen Betriebsbedingungen. Die ausgezeichnete Scher- und Alterungsstabilit\u00e4t erm\u00f6glicht lange \u00d6lwechselintervalle. Die niedrige Viskosit\u00e4t erm\u00f6glicht [&hellip;]<\/p>\n","protected":false},"featured_media":22863,"comment_status":"closed","ping_status":"closed","template":"","meta":[],"class_list":["post-22862","product","type-product","status-publish","has-post-thumbnail","hentry","product_cat-baumaschinen","product_cat-motoroele"],"_links":{"self":[{"href":"https:\/\/www.liqui-moly-shop.ch\/index.php\/wp-json\/wp\/v2\/product\/22862","targetHints":{"allow":["GET"]}}],"collection":[{"href":"https:\/\/www.liqui-moly-shop.ch\/index.php\/wp-json\/wp\/v2\/product"}],"about":[{"href":"https:\/\/www.liqui-moly-shop.ch\/index.php\/wp-json\/wp\/v2\/types\/product"}],"replies":[{"embeddable":true,"href":"https:\/\/www.liqui-moly-shop.ch\/index.php\/wp-json\/wp\/v2\/comments?post=22862"}],"wp:featuredmedia":[{"embeddable":true,"href":"https:\/\/www.liqui-moly-shop.ch\/index.php\/wp-json\/wp\/v2\/media\/22863"}],"wp:attachment":[{"href":"https:\/\/www.liqui-moly-shop.ch\/index.php\/wp-json\/wp\/v2\/media?parent=22862"}],"curies":[{"name":"wp","href":"https:\/\/api.w.org\/{rel}","templated":true}]}}