{"id":22868,"date":"2018-07-17T00:00:00","date_gmt":"2018-07-17T00:00:00","guid":{"rendered":"https:\/\/dev.liqui-moly-shop.ch\/index.php\/product\/touring-high-tech-shpd-motoroel-15w-40\/"},"modified":"2018-07-17T00:00:00","modified_gmt":"2018-07-17T00:00:00","slug":"touring-high-tech-shpd-motoroel-15w-40","status":"publish","type":"product","link":"https:\/\/www.liqui-moly-shop.ch\/index.php\/product\/touring-high-tech-shpd-motoroel-15w-40\/","title":{"rendered":"Touring High Tech SHPD-Motor\u00f6l 15W-40"},"content":{"rendered":"<h3>Touring High Tech SHPD-Motor\u00f6l 15W-40<\/h3>\n<p>Mineralisches Motor\u00f6l. Mit moderner Verschlei\u00dfschutztechnologie. Erm\u00f6glicht lange \u00d6lwechselintervalle. H\u00f6chste Schmiersicherheit und optimaler \u00d6ldruck unter allen Betriebsbedingungen. F\u00fcr Fahrzeuge mit bew\u00e4hrter Motorentechnologie.<\/p>\n<p><!-- --><\/p>\n<table id=\"detail\">\n<tbody>\n<tr>\n<td class=\"left\" valign=\"top\">Artikelnummer:<\/td>\n<td class=\"right\" valign=\"top\">1062<\/td>\n<\/tr>\n<tr>\n<td class=\"left\" valign=\"top\">Gebinde:<\/td>\n<td class=\"right\" valign=\"top\">60 lt Fass<\/td>\n<\/tr>\n<tr>\n<td class=\"left\" valign=\"top\">Paletteninhalt:<\/td>\n<td class=\"right\" valign=\"top\">4<\/td>\n<\/tr>\n<tr>\n<td class=\"left\" valign=\"top\">VPE:<\/td>\n<td class=\"right\" valign=\"top\">1\u00a0STK<\/td>\n<\/tr>\n<tr>\n<td class=\"left\" valign=\"top\">Sprache:<\/td>\n<td class=\"right\" valign=\"top\">BOOKLET<\/td>\n<\/tr>\n<\/tbody>\n<\/table>\n<h3 class=\"detail\">Einsatzzweck<\/h3>\n<p>Ganzjahres\u00f6l. Speziell entwickelt f\u00fcr Nfz-Dieselmotoren ohne Dieselpartikelfilter (DPF). Besonders geeignet f\u00fcr Fahrzeuge mit hoher Kilometerleistung. Auch geeignet f\u00fcr den gemischten Fuhrpark. Turbo- und Kat-getestet.<\/p>\n<h3 class=\"detail\">Spezifikationen und Freigaben<\/h3>\n<p>ACEA E7 ; ACEA A3 ; ACEA B4 ; API CH-4 ; API SL ; MAN M 3275-1 ; MB-Freigabe 228.3 ; MTU Typ 2 ; Renault Trucks RD-2 ; Volvo VDS-2<\/p>\n<p>&nbsp;<\/p>\n<p><b>LIQUI MOLY empfiehlt dieses Produkt zus\u00e4tzlich f\u00fcr Fahrzeuge bzw. Aggregate, f\u00fcr die folgende Spezifikationen oder Originalersatzteilnummern gefordert werden:<\/b><\/p>\n<p>Cummins CES 20076 ; Cummins CES 20077 ; Mack EO-M Plus<\/p>\n<p>Wenn Sie Fragen rund um die Liqui Moly Produkte haben sollten, z\u00f6gern Sie nicht und kontaktieren Sie uns. Gerne stehen wir Ihnen jederzeit gerne zur Verf\u00fcgung.<\/p>\n","protected":false},"excerpt":{"rendered":"<p>Touring High Tech SHPD-Motor\u00f6l 15W-40 Mineralisches Motor\u00f6l. Mit moderner Verschlei\u00dfschutztechnologie. Erm\u00f6glicht lange \u00d6lwechselintervalle. H\u00f6chste Schmiersicherheit und optimaler \u00d6ldruck unter allen Betriebsbedingungen. F\u00fcr Fahrzeuge mit bew\u00e4hrter Motorentechnologie. Artikelnummer: 1062 Gebinde: 60 lt Fass Paletteninhalt: 4 VPE: 1\u00a0STK Sprache: BOOKLET Einsatzzweck Ganzjahres\u00f6l. Speziell entwickelt f\u00fcr Nfz-Dieselmotoren ohne Dieselpartikelfilter (DPF). Besonders geeignet f\u00fcr Fahrzeuge mit hoher Kilometerleistung. Auch [&hellip;]<\/p>\n","protected":false},"featured_media":22869,"comment_status":"closed","ping_status":"closed","template":"","meta":[],"class_list":["post-22868","product","type-product","status-publish","has-post-thumbnail","hentry","product_cat-baumaschinen","product_cat-motoroele"],"_links":{"self":[{"href":"https:\/\/www.liqui-moly-shop.ch\/index.php\/wp-json\/wp\/v2\/product\/22868","targetHints":{"allow":["GET"]}}],"collection":[{"href":"https:\/\/www.liqui-moly-shop.ch\/index.php\/wp-json\/wp\/v2\/product"}],"about":[{"href":"https:\/\/www.liqui-moly-shop.ch\/index.php\/wp-json\/wp\/v2\/types\/product"}],"replies":[{"embeddable":true,"href":"https:\/\/www.liqui-moly-shop.ch\/index.php\/wp-json\/wp\/v2\/comments?post=22868"}],"wp:featuredmedia":[{"embeddable":true,"href":"https:\/\/www.liqui-moly-shop.ch\/index.php\/wp-json\/wp\/v2\/media\/22869"}],"wp:attachment":[{"href":"https:\/\/www.liqui-moly-shop.ch\/index.php\/wp-json\/wp\/v2\/media?parent=22868"}],"curies":[{"name":"wp","href":"https:\/\/api.w.org\/{rel}","templated":true}]}}