{"id":22879,"date":"2018-07-17T00:00:00","date_gmt":"2018-07-17T00:00:00","guid":{"rendered":"https:\/\/dev.liqui-moly-shop.ch\/index.php\/product\/top-tec-truck-4050-10w-40\/"},"modified":"2023-12-19T14:04:07","modified_gmt":"2023-12-19T14:04:07","slug":"top-tec-truck-4050-10w-40","status":"publish","type":"product","link":"https:\/\/www.liqui-moly-shop.ch\/index.php\/product\/top-tec-truck-4050-10w-40\/","title":{"rendered":"Top Tec Truck 4050 10W-40"},"content":{"rendered":"<h3>Top Tec Truck 4050 10W-40<\/h3>\n<p>Leistungsstark und sparsam. Mit h\u00f6chster Fahrzeugabdeckung.<br \/>\nSynthesetechnologie-Leichtlaufmotor\u00f6l mit extrem hoher Leistungsreserve. Sorgt selbst unter kritischen Betriebsbedingungen f\u00fcr einen optimalen \u00d6ldruck und stabilen Schmierfilm. Erm\u00f6glicht maximale \u00d6lwechselintervalle. Reduziert den \u00d6lverbrauch. \u00dcbertrifft die h\u00f6chsten Testanforderungen namhafter Fahrzeughersteller. Sichert die Funktionsf\u00e4higkeit und sorgt f\u00fcr maximale Lebensdauer des Dieselpartikelfilters (DPF).<\/p>\n<p><!-- --><\/p>\n<table id=\"detail\">\n<tbody>\n<tr>\n<td class=\"left\" valign=\"top\">Artikelnummer:<\/td>\n<td class=\"right\" valign=\"top\">3794<\/td>\n<\/tr>\n<tr>\n<td class=\"left\" valign=\"top\">Gebinde:<\/td>\n<td class=\"right\" valign=\"top\">20 l Kanister Kunststoff<\/td>\n<\/tr>\n<tr>\n<td class=\"left\" valign=\"top\">Paletteninhalt:<\/td>\n<td class=\"right\" valign=\"top\">24<\/td>\n<\/tr>\n<tr>\n<td class=\"left\" valign=\"top\">VPE:<\/td>\n<td class=\"right\" valign=\"top\">1 STK<\/td>\n<\/tr>\n<tr>\n<td class=\"left\" valign=\"top\">Sprache:<\/td>\n<td class=\"right\" valign=\"top\">D &#8211; GB &#8211; I &#8211; E &#8211; P<\/td>\n<\/tr>\n<\/tbody>\n<\/table>\n<h3 class=\"detail\">Einsatzzweck<\/h3>\n<p>Speziell f\u00fcr h\u00f6chstbelastete Nfz-Dieselmotoren nach Abgasnorm Euro IV, Euro V und Euro VI mit Abgasnachbehandlung und Ru\u00dfpartikelfilter (DPF\/CRT). R\u00fcckw\u00e4rtskompatibel und kann teilweise auch in \u00e4lteren Nutzfahrzeugen der Schadstoffklasse Euro II und Euro III im unvermischten Zustand verwendet werden.<\/p>\n<h3 class=\"detail\">Spezifikationen und Freigaben<\/h3>\n<p>ACEA E6 ; ACEA E7 ; ACEA E9 ; API CI-4 ; Deutz DQC IV-10 LA ; Mack EO-N ; MAN M 3477 ; MB-Freigabe 228.51 ; Renault Trucks RGD ; Renault Trucks RLD-2 ; Renault Trucks RXD ; Volvo CNG ; Volvo VDS-3<\/p>\n<p>&nbsp;<\/p>\n<p><b>LIQUI MOLY empfiehlt dieses Produkt zus\u00e4tzlich f\u00fcr Fahrzeuge bzw. Aggregate, f\u00fcr die folgende Spezifikationen oder Originalersatzteilnummern gefordert werden:<\/b><\/p>\n<p>Caterpillar ECF-1-a ; Cummins CES 20076 ; Cummins CES 20077 ; DAF HP2 ; JASO DH-2 ; Mack EO-M Plus ; MAN M 3271-1 ; MB 226.9 ; MTU Typ 3.1<\/p>\n<ul class=\"info-text m-0 p-0\">\n<li>EUH210 Sicherheitsdatenblatt auf Anfrage erh\u00e4ltlich<\/li>\n<\/ul>\n<p>Wenn Sie Fragen rund um die Liqui Moly Produkte haben sollten, z\u00f6gern Sie nicht und kontaktieren Sie uns. Gerne stehen wir Ihnen jederzeit gerne zur Verf\u00fcgung.<\/p>\n","protected":false},"excerpt":{"rendered":"<p>Top Tec Truck 4050 10W-40 Leistungsstark und sparsam. Mit h\u00f6chster Fahrzeugabdeckung. Synthesetechnologie-Leichtlaufmotor\u00f6l mit extrem hoher Leistungsreserve. Sorgt selbst unter kritischen Betriebsbedingungen f\u00fcr einen optimalen \u00d6ldruck und stabilen Schmierfilm. Erm\u00f6glicht maximale \u00d6lwechselintervalle. Reduziert den \u00d6lverbrauch. \u00dcbertrifft die h\u00f6chsten Testanforderungen namhafter Fahrzeughersteller. Sichert die Funktionsf\u00e4higkeit und sorgt f\u00fcr maximale Lebensdauer des Dieselpartikelfilters (DPF). Artikelnummer: 3794 Gebinde: 20 [&hellip;]<\/p>\n","protected":false},"featured_media":22880,"comment_status":"closed","ping_status":"closed","template":"","meta":[],"class_list":["post-22879","product","type-product","status-publish","has-post-thumbnail","hentry","product_cat-baumaschinen","product_cat-motoroele"],"_links":{"self":[{"href":"https:\/\/www.liqui-moly-shop.ch\/index.php\/wp-json\/wp\/v2\/product\/22879","targetHints":{"allow":["GET"]}}],"collection":[{"href":"https:\/\/www.liqui-moly-shop.ch\/index.php\/wp-json\/wp\/v2\/product"}],"about":[{"href":"https:\/\/www.liqui-moly-shop.ch\/index.php\/wp-json\/wp\/v2\/types\/product"}],"replies":[{"embeddable":true,"href":"https:\/\/www.liqui-moly-shop.ch\/index.php\/wp-json\/wp\/v2\/comments?post=22879"}],"wp:featuredmedia":[{"embeddable":true,"href":"https:\/\/www.liqui-moly-shop.ch\/index.php\/wp-json\/wp\/v2\/media\/22880"}],"wp:attachment":[{"href":"https:\/\/www.liqui-moly-shop.ch\/index.php\/wp-json\/wp\/v2\/media?parent=22879"}],"curies":[{"name":"wp","href":"https:\/\/api.w.org\/{rel}","templated":true}]}}