{"id":22891,"date":"2018-07-17T00:00:00","date_gmt":"2018-07-17T00:00:00","guid":{"rendered":"https:\/\/dev.liqui-moly-shop.ch\/index.php\/product\/lm-48-montagepaste\/"},"modified":"2023-12-01T15:54:08","modified_gmt":"2023-12-01T15:54:08","slug":"lm-48-montagepaste","status":"publish","type":"product","link":"https:\/\/www.liqui-moly-shop.ch\/index.php\/product\/lm-48-montagepaste\/","title":{"rendered":"LM 48 Montagepaste"},"content":{"rendered":"<h3>LM 48 Montagepaste<\/h3>\n<p>Hochleistungsf\u00e4hige Wolframdisulfid-Paste f\u00fcr extreme Beanspruchungen. Sie haftet auch auf scheinbar glatten Oberfl\u00e4chen. Durch das Einreiben von Lagern und Gleitf\u00fchrungen beim Einpressen von Bolzen und Lagerb\u00fcchsen, beim Aufziehen von W\u00e4lzlagerringen, verhindert sie Einlaufsch\u00e4den und Fressspuren. Zur Grundschmierung. Verhindert Einlaufsch\u00e4den. \u201eFor-life\u201d-Schmierung von Gelenken und Kleinbauteilen. Enth\u00e4lt ein synergistisch wirkendes Festschmierstoffsystem auf Basis Zinksulfid, Grafit, Fluoriden und Wolframdisulfid.<br \/>\nTemperatureinsatzbereich: \u201335 \u00b0C bis +450\u2009 \u00b0C.<\/p>\n<p><!-- --><\/p>\n<table id=\"detail\">\n<tbody>\n<tr>\n<td class=\"left\" valign=\"top\">Artikelnummer:<\/td>\n<td class=\"right\" valign=\"top\">3010<\/td>\n<\/tr>\n<tr>\n<td class=\"left\" valign=\"top\">Gebinde:<\/td>\n<td class=\"right\" valign=\"top\">50 g Tube Kunststoff<\/td>\n<\/tr>\n<tr>\n<td class=\"left\" valign=\"top\">Paletteninhalt:<\/td>\n<td class=\"right\" valign=\"top\">3120<\/td>\n<\/tr>\n<tr>\n<td class=\"left\" valign=\"top\">VPE:<\/td>\n<td class=\"right\" valign=\"top\">12 STK<\/td>\n<\/tr>\n<tr>\n<td class=\"left\" valign=\"top\">Sprache:<\/td>\n<td class=\"right\" valign=\"top\">D<\/td>\n<\/tr>\n<\/tbody>\n<\/table>\n<h3 class=\"detail\">Einsatzzweck<\/h3>\n<p>Zur Montage, Reparatur und Wartung in allen Bereichen der Technik.<\/p>\n<ul class=\"info-text m-0 p-0\">\n<li>EUH208 Enth\u00e4lt Di-iso-octylaminomethyl-tolutriazol, N-1-Naphthylanilin. Kann allergische Reaktionen hervorrufen.<\/li>\n<li>EUH210 Sicherheitsdatenblatt auf Anfrage erh\u00e4ltlich.<\/li>\n<\/ul>\n<p>Wenn Sie Fragen rund um die Liqui Moly Produkte haben sollten, z\u00f6gern Sie nicht und kontaktieren Sie uns. Gerne stehen wir Ihnen jederzeit gerne zur Verf\u00fcgung.<\/p>\n","protected":false},"excerpt":{"rendered":"<p>LM 48 Montagepaste Hochleistungsf\u00e4hige Wolframdisulfid-Paste f\u00fcr extreme Beanspruchungen. Sie haftet auch auf scheinbar glatten Oberfl\u00e4chen. Durch das Einreiben von Lagern und Gleitf\u00fchrungen beim Einpressen von Bolzen und Lagerb\u00fcchsen, beim Aufziehen von W\u00e4lzlagerringen, verhindert sie Einlaufsch\u00e4den und Fressspuren. Zur Grundschmierung. Verhindert Einlaufsch\u00e4den. \u201eFor-life\u201d-Schmierung von Gelenken und Kleinbauteilen. Enth\u00e4lt ein synergistisch wirkendes Festschmierstoffsystem auf Basis Zinksulfid, Grafit, [&hellip;]<\/p>\n","protected":false},"featured_media":22892,"comment_status":"closed","ping_status":"closed","template":"","meta":[],"class_list":["post-22891","product","type-product","status-publish","has-post-thumbnail","hentry","product_cat-baumaschinen","product_cat-spezialpasten","product_cat-spezialprodukte"],"_links":{"self":[{"href":"https:\/\/www.liqui-moly-shop.ch\/index.php\/wp-json\/wp\/v2\/product\/22891","targetHints":{"allow":["GET"]}}],"collection":[{"href":"https:\/\/www.liqui-moly-shop.ch\/index.php\/wp-json\/wp\/v2\/product"}],"about":[{"href":"https:\/\/www.liqui-moly-shop.ch\/index.php\/wp-json\/wp\/v2\/types\/product"}],"replies":[{"embeddable":true,"href":"https:\/\/www.liqui-moly-shop.ch\/index.php\/wp-json\/wp\/v2\/comments?post=22891"}],"wp:featuredmedia":[{"embeddable":true,"href":"https:\/\/www.liqui-moly-shop.ch\/index.php\/wp-json\/wp\/v2\/media\/22892"}],"wp:attachment":[{"href":"https:\/\/www.liqui-moly-shop.ch\/index.php\/wp-json\/wp\/v2\/media?parent=22891"}],"curies":[{"name":"wp","href":"https:\/\/api.w.org\/{rel}","templated":true}]}}