{"id":22894,"date":"2018-07-17T00:00:00","date_gmt":"2018-07-17T00:00:00","guid":{"rendered":"https:\/\/dev.liqui-moly-shop.ch\/index.php\/product\/kupfer-paste\/"},"modified":"2023-12-01T14:53:13","modified_gmt":"2023-12-01T14:53:13","slug":"kupfer-paste","status":"publish","type":"product","link":"https:\/\/www.liqui-moly-shop.ch\/index.php\/product\/kupfer-paste\/","title":{"rendered":"Kupfer-Paste"},"content":{"rendered":"<h3>Kupfer-Paste<\/h3>\n<p>Trenn- und Schmierstoff aus feinsten Kupferpartikeln f\u00fcr thermisch hochbelastete Maschinenelemente. Erm\u00f6glicht eine problemlose Demontage nach langer Betriebszeit. Kupfer-Paste wird f\u00fcr h\u00f6chste Temperaturen eingesetzt bei Schraubverbindungen und Trennfl\u00e4chen, die hohen Temperaturen, hohen Dr\u00fccken und korrosiven Einfl\u00fcssen ausgesetzt sind. Temperatureinsatzbereich: \u201335\u2009\u00b0C bis +1.100\u2009\u00b0C.<\/p>\n<p><!-- --><\/p>\n<table id=\"detail\">\n<tbody>\n<tr>\n<td class=\"left\" valign=\"top\">Artikelnummer:<\/td>\n<td class=\"right\" valign=\"top\">3080<\/td>\n<\/tr>\n<tr>\n<td class=\"left\" valign=\"top\">Gebinde:<\/td>\n<td class=\"right\" valign=\"top\">100 g Tube Kunststoff<\/td>\n<\/tr>\n<tr>\n<td class=\"left\" valign=\"top\">Paletteninhalt:<\/td>\n<td class=\"right\" valign=\"top\">3120<\/td>\n<\/tr>\n<tr>\n<td class=\"left\" valign=\"top\">VPE:<\/td>\n<td class=\"right\" valign=\"top\">12 STK<\/td>\n<\/tr>\n<tr>\n<td class=\"left\" valign=\"top\">Sprache:<\/td>\n<td class=\"right\" valign=\"top\">D &#8211; GB &#8211; E<\/td>\n<\/tr>\n<\/tbody>\n<\/table>\n<h3 class=\"detail\">Einsatzzweck<\/h3>\n<p>Zum Schmieren und als Korrosionsschutz f\u00fcr thermisch hochbelastete Verbindungen. Chemische und petrochemische Industrie, Kraftwerke, keramische Industrie, Maschinen und Fahrzeugbau. Hier speziell bei Schraubverbindungen an Auspuffkr\u00fcmmern, Schalld\u00e4mpfern, Fahrwerkteilen.<\/p>\n<div class=\"d-flex justify-content-md-center gap-1\"><img decoding=\"async\" title=\"ghs09\" src=\"https:\/\/liquimoly.cloudimg.io\/v7\/https:\/\/www.liqui-moly.com\/static\/version1700056317\/frontend\/limo\/base\/de_DE\/images\/info\/ghs09.png\" alt=\"ghs09\" width=\"35px\" height=\"35px\" \/><\/div>\n<div class=\"text-md-center text-muted ps-md-2 pe-md-2\">\n<p><strong>Achtung<\/strong><\/p>\n<ul class=\"info-text m-0 p-0\">\n<li>H410 Sehr giftig f\u00fcr Wasserorganismen mit langfristiger Wirkung.<\/li>\n<\/ul>\n<\/div>\n<p>Wenn Sie Fragen rund um die Liqui Moly Produkte haben sollten, z\u00f6gern Sie nicht und kontaktieren Sie uns. Gerne stehen wir Ihnen jederzeit gerne zur Verf\u00fcgung.<\/p>\n","protected":false},"excerpt":{"rendered":"<p>Kupfer-Paste Trenn- und Schmierstoff aus feinsten Kupferpartikeln f\u00fcr thermisch hochbelastete Maschinenelemente. Erm\u00f6glicht eine problemlose Demontage nach langer Betriebszeit. Kupfer-Paste wird f\u00fcr h\u00f6chste Temperaturen eingesetzt bei Schraubverbindungen und Trennfl\u00e4chen, die hohen Temperaturen, hohen Dr\u00fccken und korrosiven Einfl\u00fcssen ausgesetzt sind. Temperatureinsatzbereich: \u201335\u2009\u00b0C bis +1.100\u2009\u00b0C. Artikelnummer: 3080 Gebinde: 100 g Tube Kunststoff Paletteninhalt: 3120 VPE: 12 STK Sprache: [&hellip;]<\/p>\n","protected":false},"featured_media":22895,"comment_status":"closed","ping_status":"closed","template":"","meta":[],"class_list":["post-22894","product","type-product","status-publish","has-post-thumbnail","hentry","product_cat-baumaschinen","product_cat-spezialpasten","product_cat-spezialprodukte"],"_links":{"self":[{"href":"https:\/\/www.liqui-moly-shop.ch\/index.php\/wp-json\/wp\/v2\/product\/22894","targetHints":{"allow":["GET"]}}],"collection":[{"href":"https:\/\/www.liqui-moly-shop.ch\/index.php\/wp-json\/wp\/v2\/product"}],"about":[{"href":"https:\/\/www.liqui-moly-shop.ch\/index.php\/wp-json\/wp\/v2\/types\/product"}],"replies":[{"embeddable":true,"href":"https:\/\/www.liqui-moly-shop.ch\/index.php\/wp-json\/wp\/v2\/comments?post=22894"}],"wp:featuredmedia":[{"embeddable":true,"href":"https:\/\/www.liqui-moly-shop.ch\/index.php\/wp-json\/wp\/v2\/media\/22895"}],"wp:attachment":[{"href":"https:\/\/www.liqui-moly-shop.ch\/index.php\/wp-json\/wp\/v2\/media?parent=22894"}],"curies":[{"name":"wp","href":"https:\/\/api.w.org\/{rel}","templated":true}]}}