{"id":22915,"date":"2018-07-17T00:00:00","date_gmt":"2018-07-17T00:00:00","guid":{"rendered":"https:\/\/dev.liqui-moly-shop.ch\/index.php\/product\/felgen-reiniger-spezial\/"},"modified":"2025-10-06T09:38:08","modified_gmt":"2025-10-06T09:38:08","slug":"felgen-reiniger-spezial","status":"publish","type":"product","link":"https:\/\/www.liqui-moly-shop.ch\/index.php\/product\/felgen-reiniger-spezial\/","title":{"rendered":"Felgen-Reiniger Spezial"},"content":{"rendered":"<h3>Felgen-Reiniger Spezial<\/h3>\n<p><strong>NEU:<\/strong> Mit Schmutzindikator.<br \/>\nZur schonenden und intensiven Reinigung von Alu- und Stahlfelgen. Verhindert hartn\u00e4ckige Neuverschmutzungen. Die regelm\u00e4\u00dfige Felgenpflege gibt Ihrer Felge Glanz und sichert eine lange Lebensdauer. Die Felgen werden wie neu. Reinigt und entfernt m\u00fchelos Bremsabrieb und sonstige Verschmutzungen. Felgen-Reiniger ist biologisch gut abbaubar. S\u00e4urefrei.<\/p>\n<p><!-- --><\/p>\n<table id=\"detail\">\n<tbody>\n<tr>\n<td class=\"left\" valign=\"top\">Artikelnummer:<\/td>\n<td class=\"right\" valign=\"top\">23017<\/td>\n<\/tr>\n<tr>\n<td class=\"left\" valign=\"top\">Gebinde:<\/td>\n<td class=\"right\" valign=\"top\">1 l Spr\u00fchflasche Kunststoff<\/td>\n<\/tr>\n<tr>\n<td class=\"left\" valign=\"top\">Paletteninhalt:<\/td>\n<td class=\"right\" valign=\"top\">600<\/td>\n<\/tr>\n<tr>\n<td class=\"left\" valign=\"top\">VPE:<\/td>\n<td class=\"right\" valign=\"top\">6 STK<\/td>\n<\/tr>\n<tr>\n<td class=\"left\" valign=\"top\">Sprache:<\/td>\n<td class=\"right\" valign=\"top\">D &#8211; GB &#8211; I &#8211; E &#8211; P<\/td>\n<\/tr>\n<\/tbody>\n<\/table>\n<h3 class=\"detail\">Einsatzzweck<\/h3>\n<p>Speziell zur Pflege, Reinigung und Werterhaltung von Felgen jeder Bauart. Bestens geeignet auch vor dem Waschstra\u00dfeneinsatz. Nicht auf hei\u00dfen Felgen oder in der prallen Sonne anwenden.<\/p>\n<div class=\"d-flex justify-content-md-center gap-1\"><img decoding=\"async\" title=\"ghs07\" src=\"https:\/\/liquimoly.cloudimg.io\/v7\/https:\/\/www.liqui-moly.com\/static\/version1702332212\/frontend\/limo\/base\/de_DE\/images\/info\/ghs07.png\" alt=\"ghs07\" width=\"35px\" height=\"35px\" \/><\/div>\n<div class=\"text-md-center text-muted ps-md-2 pe-md-2\">\n<p><strong>Achtung<\/strong><\/p>\n<ul class=\"info-text m-0 p-0\">\n<li>H317 Kann allergische Hautreaktionen verursachen<\/li>\n<\/ul>\n<\/div>\n<p>Wenn Sie Fragen rund um die Liqui Moly Produkte haben sollten, z\u00f6gern Sie nicht und kontaktieren Sie uns. Gerne stehen wir Ihnen jederzeit gerne zur Verf\u00fcgung.<\/p>\n","protected":false},"excerpt":{"rendered":"<p>Felgen-Reiniger Spezial NEU: Mit Schmutzindikator. Zur schonenden und intensiven Reinigung von Alu- und Stahlfelgen. Verhindert hartn\u00e4ckige Neuverschmutzungen. Die regelm\u00e4\u00dfige Felgenpflege gibt Ihrer Felge Glanz und sichert eine lange Lebensdauer. Die Felgen werden wie neu. Reinigt und entfernt m\u00fchelos Bremsabrieb und sonstige Verschmutzungen. Felgen-Reiniger ist biologisch gut abbaubar. S\u00e4urefrei. Artikelnummer: 23017 Gebinde: 1 l Spr\u00fchflasche Kunststoff [&hellip;]<\/p>\n","protected":false},"featured_media":22916,"comment_status":"closed","ping_status":"closed","template":"","meta":[],"class_list":["post-22915","product","type-product","status-publish","has-post-thumbnail","hentry","product_cat-fahrzeugpflege-2","product_cat-felgen-reifen"],"_links":{"self":[{"href":"https:\/\/www.liqui-moly-shop.ch\/index.php\/wp-json\/wp\/v2\/product\/22915","targetHints":{"allow":["GET"]}}],"collection":[{"href":"https:\/\/www.liqui-moly-shop.ch\/index.php\/wp-json\/wp\/v2\/product"}],"about":[{"href":"https:\/\/www.liqui-moly-shop.ch\/index.php\/wp-json\/wp\/v2\/types\/product"}],"replies":[{"embeddable":true,"href":"https:\/\/www.liqui-moly-shop.ch\/index.php\/wp-json\/wp\/v2\/comments?post=22915"}],"wp:featuredmedia":[{"embeddable":true,"href":"https:\/\/www.liqui-moly-shop.ch\/index.php\/wp-json\/wp\/v2\/media\/22916"}],"wp:attachment":[{"href":"https:\/\/www.liqui-moly-shop.ch\/index.php\/wp-json\/wp\/v2\/media?parent=22915"}],"curies":[{"name":"wp","href":"https:\/\/api.w.org\/{rel}","templated":true}]}}