{"id":22921,"date":"2018-07-17T00:00:00","date_gmt":"2018-07-17T00:00:00","guid":{"rendered":"https:\/\/dev.liqui-moly-shop.ch\/index.php\/product\/felgen-reiniger-sauer\/"},"modified":"2025-05-14T05:49:20","modified_gmt":"2025-05-14T05:49:20","slug":"felgen-reiniger-sauer","status":"publish","type":"product","link":"https:\/\/www.liqui-moly-shop.ch\/index.php\/product\/felgen-reiniger-sauer\/","title":{"rendered":"Felgen-Reiniger sauer"},"content":{"rendered":"<h3>Felgen-Reiniger sauer<\/h3>\n<p>S\u00e4urehaltiger Spezialreiniger zur schnellen Entfernung starker anorganischer Verschmutzungen. Auf Basis einer starken Minerals\u00e4ure, ohne Zusatz von Flusss\u00e4ure, werden selbst extreme Verschmutzungen der Felgen wie z.\u2009B. eingebrannter Bremsabrieb und hartn\u00e4ckige Umweltverschmutzungen schnell, gr\u00fcndlich und nahezu ber\u00fchrungsfrei entfernt. Der Reiniger reduziert den Arbeitsaufwand bei der Felgenreinigung auf ein Minimum und ist f\u00fcr den Einsatz in biologischen Brauchwasseraufbereitungsanlagen, unter Einhaltung der Einleitungsbedingungen, geeignet.<\/p>\n<p><!-- --><\/p>\n<table id=\"detail\">\n<tbody>\n<tr>\n<td class=\"left\" valign=\"top\">Artikelnummer:<\/td>\n<td class=\"right\" valign=\"top\">21672<\/td>\n<\/tr>\n<tr>\n<td class=\"left\" valign=\"top\">Gebinde:<\/td>\n<td class=\"right\" valign=\"top\">11 kg Kanister Kunststoff<\/td>\n<\/tr>\n<tr>\n<td class=\"left\" valign=\"top\">Paletteninhalt:<\/td>\n<td class=\"right\" valign=\"top\">40<\/td>\n<\/tr>\n<tr>\n<td class=\"left\" valign=\"top\">VPE:<\/td>\n<td class=\"right\" valign=\"top\">1 STK<\/td>\n<\/tr>\n<tr>\n<td class=\"left\" valign=\"top\">Sprache:<\/td>\n<td class=\"right\" valign=\"top\">D<\/td>\n<\/tr>\n<\/tbody>\n<\/table>\n<h3 class=\"detail\">Einsatzzweck<\/h3>\n<p>Speziell zur Reinigung und Werterhaltung von s\u00e4urebest\u00e4ndig lackierten Leichtmetallfelgen, Stahlfelgen etc. Kann ebenso verwendet werden, um st\u00e4rkste Verschmutzungen wie Zementschleier, Kalk oder Kesselstein etc. in Waschhallen, an Baufahrzeugen oder im Industriebereich zu entfernen. \u00d6labscheidergeeignet.<\/p>\n<p>Wenn Sie Fragen rund um die Liqui Moly Produkte haben sollten, z\u00f6gern Sie nicht und kontaktieren Sie uns. Gerne stehen wir Ihnen jederzeit gerne zur Verf\u00fcgung.<\/p>\n","protected":false},"excerpt":{"rendered":"<p>Felgen-Reiniger sauer S\u00e4urehaltiger Spezialreiniger zur schnellen Entfernung starker anorganischer Verschmutzungen. Auf Basis einer starken Minerals\u00e4ure, ohne Zusatz von Flusss\u00e4ure, werden selbst extreme Verschmutzungen der Felgen wie z.\u2009B. eingebrannter Bremsabrieb und hartn\u00e4ckige Umweltverschmutzungen schnell, gr\u00fcndlich und nahezu ber\u00fchrungsfrei entfernt. Der Reiniger reduziert den Arbeitsaufwand bei der Felgenreinigung auf ein Minimum und ist f\u00fcr den Einsatz in [&hellip;]<\/p>\n","protected":false},"featured_media":22922,"comment_status":"closed","ping_status":"closed","template":"","meta":[],"class_list":["post-22921","product","type-product","status-publish","has-post-thumbnail","hentry","product_cat-fahrzeugpflege-2","product_cat-felgen-reifen"],"_links":{"self":[{"href":"https:\/\/www.liqui-moly-shop.ch\/index.php\/wp-json\/wp\/v2\/product\/22921","targetHints":{"allow":["GET"]}}],"collection":[{"href":"https:\/\/www.liqui-moly-shop.ch\/index.php\/wp-json\/wp\/v2\/product"}],"about":[{"href":"https:\/\/www.liqui-moly-shop.ch\/index.php\/wp-json\/wp\/v2\/types\/product"}],"replies":[{"embeddable":true,"href":"https:\/\/www.liqui-moly-shop.ch\/index.php\/wp-json\/wp\/v2\/comments?post=22921"}],"wp:featuredmedia":[{"embeddable":true,"href":"https:\/\/www.liqui-moly-shop.ch\/index.php\/wp-json\/wp\/v2\/media\/22922"}],"wp:attachment":[{"href":"https:\/\/www.liqui-moly-shop.ch\/index.php\/wp-json\/wp\/v2\/media?parent=22921"}],"curies":[{"name":"wp","href":"https:\/\/api.w.org\/{rel}","templated":true}]}}