{"id":22936,"date":"2018-07-17T00:00:00","date_gmt":"2018-07-17T00:00:00","guid":{"rendered":"https:\/\/dev.liqui-moly-shop.ch\/index.php\/product\/scheibenreiniger\/"},"modified":"2023-12-13T09:36:43","modified_gmt":"2023-12-13T09:36:43","slug":"scheibenreiniger","status":"publish","type":"product","link":"https:\/\/www.liqui-moly-shop.ch\/index.php\/product\/scheibenreiniger\/","title":{"rendered":"Scheibenreiniger"},"content":{"rendered":"<h3>Scheibenreiniger<\/h3>\n<p>Schafft sekundenschnell klare, schlierenfreie Sicht. Entfernt \u00d6l-, Silikonbel\u00e4ge und Insektenverschmutzungen. Mit Citruspower. Phosphatfrei und biologisch abbaubar. Dosierung 1:10.<\/p>\n<p><!-- --><\/p>\n<table id=\"detail\">\n<tbody>\n<tr>\n<td class=\"left\" valign=\"top\">Artikelnummer:<\/td>\n<td class=\"right\" valign=\"top\">1514<\/td>\n<\/tr>\n<tr>\n<td class=\"left\" valign=\"top\">Gebinde:<\/td>\n<td class=\"right\" valign=\"top\">1 l Dose Kunststoff<\/td>\n<\/tr>\n<tr>\n<td class=\"left\" valign=\"top\">Paletteninhalt:<\/td>\n<td class=\"right\" valign=\"top\">480<\/td>\n<\/tr>\n<tr>\n<td class=\"left\" valign=\"top\">VPE:<\/td>\n<td class=\"right\" valign=\"top\">12 STK<\/td>\n<\/tr>\n<tr>\n<td class=\"left\" valign=\"top\">Sprache:<\/td>\n<td class=\"right\" valign=\"top\">D &#8211; GB &#8211; I &#8211; E &#8211; P<\/td>\n<\/tr>\n<\/tbody>\n<\/table>\n<h3 class=\"detail\">Einsatzzweck<\/h3>\n<p>F\u00fcr die Scheibenwaschanlage im Sommerbetrieb. Polycarbonat und F\u00e4cherd\u00fcsen geeignet.<\/p>\n<div class=\"d-flex justify-content-md-center gap-1\"><img decoding=\"async\" title=\"ghs07\" src=\"https:\/\/liquimoly.cloudimg.io\/v7\/https:\/\/www.liqui-moly.com\/static\/version1702332212\/frontend\/limo\/base\/de_DE\/images\/info\/ghs07.png\" alt=\"ghs07\" width=\"35px\" height=\"35px\" \/><\/div>\n<div class=\"text-md-center text-muted ps-md-2 pe-md-2\"><strong>Achtung<\/strong><\/p>\n<ul class=\"info-text m-0 p-0\">\n<li>H317 Kann allergische Hautreaktionen verursachen.<\/li>\n<\/ul>\n<\/div>\n<p>Wenn Sie Fragen rund um die Liqui Moly Produkte haben sollten, z\u00f6gern Sie nicht und kontaktieren Sie uns. Gerne stehen wir Ihnen jederzeit gerne zur Verf\u00fcgung.<\/p>\n","protected":false},"excerpt":{"rendered":"<p>Scheibenreiniger Schafft sekundenschnell klare, schlierenfreie Sicht. Entfernt \u00d6l-, Silikonbel\u00e4ge und Insektenverschmutzungen. Mit Citruspower. Phosphatfrei und biologisch abbaubar. Dosierung 1:10. Artikelnummer: 1514 Gebinde: 1 l Dose Kunststoff Paletteninhalt: 480 VPE: 12 STK Sprache: D &#8211; GB &#8211; I &#8211; E &#8211; P Einsatzzweck F\u00fcr die Scheibenwaschanlage im Sommerbetrieb. Polycarbonat und F\u00e4cherd\u00fcsen geeignet. Achtung H317 Kann allergische [&hellip;]<\/p>\n","protected":false},"featured_media":22937,"comment_status":"closed","ping_status":"closed","template":"","meta":[],"class_list":["post-22936","product","type-product","status-publish","has-post-thumbnail","hentry","product_cat-fahrzeugpflege-2","product_cat-glas"],"_links":{"self":[{"href":"https:\/\/www.liqui-moly-shop.ch\/index.php\/wp-json\/wp\/v2\/product\/22936","targetHints":{"allow":["GET"]}}],"collection":[{"href":"https:\/\/www.liqui-moly-shop.ch\/index.php\/wp-json\/wp\/v2\/product"}],"about":[{"href":"https:\/\/www.liqui-moly-shop.ch\/index.php\/wp-json\/wp\/v2\/types\/product"}],"replies":[{"embeddable":true,"href":"https:\/\/www.liqui-moly-shop.ch\/index.php\/wp-json\/wp\/v2\/comments?post=22936"}],"wp:featuredmedia":[{"embeddable":true,"href":"https:\/\/www.liqui-moly-shop.ch\/index.php\/wp-json\/wp\/v2\/media\/22937"}],"wp:attachment":[{"href":"https:\/\/www.liqui-moly-shop.ch\/index.php\/wp-json\/wp\/v2\/media?parent=22936"}],"curies":[{"name":"wp","href":"https:\/\/api.w.org\/{rel}","templated":true}]}}