{"id":22939,"date":"2018-07-17T00:00:00","date_gmt":"2018-07-17T00:00:00","guid":{"rendered":"https:\/\/dev.liqui-moly-shop.ch\/index.php\/product\/scheibenreinigerschaum\/"},"modified":"2025-05-14T08:28:54","modified_gmt":"2025-05-14T08:28:54","slug":"scheibenreinigerschaum","status":"publish","type":"product","link":"https:\/\/www.liqui-moly-shop.ch\/index.php\/product\/scheibenreinigerschaum\/","title":{"rendered":"Scheibenreinigerschaum"},"content":{"rendered":"<h3>Scheibenreinigerschaum<\/h3>\n<p>Hochwirksamer Schaumreiniger. Sorgt f\u00fcr blendfreie Autoscheiben und erh\u00f6ht somit die Sicherheit. L\u00f6st und entfernt Silikon, Nikotin, Insekten sowie\u00a0\u00f6l- und fettartige Verschmutzungen. F\u00fcr\u00a0Polycarbonat geeignet. Neutral gegen\u00fcber Gummi, Lacken und Kunststoffen.<\/p>\n<p><!-- --><\/p>\n<table id=\"detail\">\n<tbody>\n<tr>\n<td class=\"left\" valign=\"top\">Artikelnummer:<\/td>\n<td class=\"right\" valign=\"top\">23001<\/td>\n<\/tr>\n<tr>\n<td class=\"left\" valign=\"top\">Gebinde:<\/td>\n<td class=\"right\" valign=\"top\">300 ml Dose Aerosol<\/td>\n<\/tr>\n<tr>\n<td class=\"left\" valign=\"top\">Paletteninhalt:<\/td>\n<td class=\"right\" valign=\"top\">1260<\/td>\n<\/tr>\n<tr>\n<td class=\"left\" valign=\"top\">VPE:<\/td>\n<td class=\"right\" valign=\"top\">12 STK<\/td>\n<\/tr>\n<tr>\n<td class=\"left\" valign=\"top\">Sprache:<\/td>\n<td class=\"right\" valign=\"top\">D &#8211; GB &#8211; I &#8211; E &#8211; P<\/td>\n<\/tr>\n<\/tbody>\n<\/table>\n<h3 class=\"detail\">Einsatzzweck<\/h3>\n<p>Zur effizienten Innen- und Au\u00dfenreinigung von Autoscheiben,\u00a0speziell auch nach Scheibenreparturen.\u00a0Dar\u00fcber hinaus\u00a0f\u00fcr Spiegel und Scheinwerfer im Kfz-Bereich sowie\u00a0Fenster, Spiegel usw. im Haushalt.<\/p>\n<div class=\"d-flex justify-content-md-center gap-1\"><img decoding=\"async\" title=\"ghs02\" src=\"https:\/\/liquimoly.cloudimg.io\/v7\/https:\/\/www.liqui-moly.com\/static\/version1702332212\/frontend\/limo\/base\/de_DE\/images\/info\/ghs02.png\" alt=\"ghs02\" width=\"35px\" height=\"35px\" \/><\/div>\n<div class=\"text-md-center text-muted ps-md-2 pe-md-2\">\n<p><strong>Gefahr<\/strong><\/p>\n<ul class=\"info-text m-0 p-0\">\n<li>H222 Extrem entz\u00fcndbares Aerosol.<\/li>\n<li>H229 Beh\u00e4lter steht unter Druck: Kann bei Erw\u00e4rmung bersten.<\/li>\n<\/ul>\n<\/div>\n<p>Wenn Sie Fragen rund um die Liqui Moly Produkte haben sollten, z\u00f6gern Sie nicht und kontaktieren Sie uns. Gerne stehen wir Ihnen jederzeit gerne zur Verf\u00fcgung.<\/p>\n","protected":false},"excerpt":{"rendered":"<p>Scheibenreinigerschaum Hochwirksamer Schaumreiniger. Sorgt f\u00fcr blendfreie Autoscheiben und erh\u00f6ht somit die Sicherheit. L\u00f6st und entfernt Silikon, Nikotin, Insekten sowie\u00a0\u00f6l- und fettartige Verschmutzungen. F\u00fcr\u00a0Polycarbonat geeignet. Neutral gegen\u00fcber Gummi, Lacken und Kunststoffen. Artikelnummer: 23001 Gebinde: 300 ml Dose Aerosol Paletteninhalt: 1260 VPE: 12 STK Sprache: D &#8211; GB &#8211; I &#8211; E &#8211; P Einsatzzweck Zur effizienten [&hellip;]<\/p>\n","protected":false},"featured_media":22940,"comment_status":"closed","ping_status":"closed","template":"","meta":[],"class_list":["post-22939","product","type-product","status-publish","has-post-thumbnail","hentry","product_cat-fahrzeugpflege-2","product_cat-glas"],"_links":{"self":[{"href":"https:\/\/www.liqui-moly-shop.ch\/index.php\/wp-json\/wp\/v2\/product\/22939","targetHints":{"allow":["GET"]}}],"collection":[{"href":"https:\/\/www.liqui-moly-shop.ch\/index.php\/wp-json\/wp\/v2\/product"}],"about":[{"href":"https:\/\/www.liqui-moly-shop.ch\/index.php\/wp-json\/wp\/v2\/types\/product"}],"replies":[{"embeddable":true,"href":"https:\/\/www.liqui-moly-shop.ch\/index.php\/wp-json\/wp\/v2\/comments?post=22939"}],"wp:featuredmedia":[{"embeddable":true,"href":"https:\/\/www.liqui-moly-shop.ch\/index.php\/wp-json\/wp\/v2\/media\/22940"}],"wp:attachment":[{"href":"https:\/\/www.liqui-moly-shop.ch\/index.php\/wp-json\/wp\/v2\/media?parent=22939"}],"curies":[{"name":"wp","href":"https:\/\/api.w.org\/{rel}","templated":true}]}}