{"id":22963,"date":"2018-07-17T00:00:00","date_gmt":"2018-07-17T00:00:00","guid":{"rendered":"https:\/\/dev.liqui-moly-shop.ch\/index.php\/product\/one-for-all-tiefenpfleger\/"},"modified":"2023-12-13T12:46:07","modified_gmt":"2023-12-13T12:46:07","slug":"one-for-all-tiefenpfleger","status":"publish","type":"product","link":"https:\/\/www.liqui-moly-shop.ch\/index.php\/product\/one-for-all-tiefenpfleger\/","title":{"rendered":"One For All Tiefenpfleger"},"content":{"rendered":"<h3>One For All Tiefenpfleger<\/h3>\n<p>Universell einsetzbares Produkt zum Reinigen, Konservieren, Pflegen und Sch\u00fctzen. Kann f\u00fcr Kraftfahrzeuge, im Hobbybereich, Haushalt und Garten eingesetzt werden. Die hochkonzentrierten Pflegemittel verleihen selbst stark verwitterten Kunststoffoberfl\u00e4chen einen seidenmatten Tiefglanz. Wirkt staub-, schmutz- sowie wasserabweisend und verf\u00fcgt \u00fcber einen guten Langzeitschutz. Eine regelm\u00e4\u00dfige Anwendung sorgt f\u00fcr eine lange Lebensdauer und neuwertigen Glanz. Silikonhaltig.<\/p>\n<p><!-- --><\/p>\n<table id=\"detail\">\n<tbody>\n<tr>\n<td class=\"left\" valign=\"top\">Artikelnummer:<\/td>\n<td class=\"right\" valign=\"top\">1650<\/td>\n<\/tr>\n<tr>\n<td class=\"left\" valign=\"top\">Gebinde:<\/td>\n<td class=\"right\" valign=\"top\">250 ml Spr\u00fchflasche Kunststoff<\/td>\n<\/tr>\n<tr>\n<td class=\"left\" valign=\"top\">Paletteninhalt:<\/td>\n<td class=\"right\" valign=\"top\">1728<\/td>\n<\/tr>\n<tr>\n<td class=\"left\" valign=\"top\">VPE:<\/td>\n<td class=\"right\" valign=\"top\">12 STK<\/td>\n<\/tr>\n<tr>\n<td class=\"left\" valign=\"top\">Sprache:<\/td>\n<td class=\"right\" valign=\"top\">D &#8211; GB &#8211; I &#8211; E &#8211; P<\/td>\n<\/tr>\n<\/tbody>\n<\/table>\n<h3 class=\"detail\">Einsatzzweck<\/h3>\n<p>Konserviert, sch\u00fctzt, reinigt und pflegt Cockpit, T\u00fcrgummis, Kunststoffsto\u00dfstangen, Gartenm\u00f6bel, versiegelte Holzfl\u00e4chen, Leder, Fensterrahmen, PVC-Vorzelte usw. F\u00fcr innen und au\u00dfen.<\/p>\n<p>Wenn Sie Fragen rund um die Liqui Moly Produkte haben sollten, z\u00f6gern Sie nicht und kontaktieren Sie uns. Gerne stehen wir Ihnen jederzeit gerne zur Verf\u00fcgung.<\/p>\n","protected":false},"excerpt":{"rendered":"<p>One For All Tiefenpfleger Universell einsetzbares Produkt zum Reinigen, Konservieren, Pflegen und Sch\u00fctzen. Kann f\u00fcr Kraftfahrzeuge, im Hobbybereich, Haushalt und Garten eingesetzt werden. Die hochkonzentrierten Pflegemittel verleihen selbst stark verwitterten Kunststoffoberfl\u00e4chen einen seidenmatten Tiefglanz. Wirkt staub-, schmutz- sowie wasserabweisend und verf\u00fcgt \u00fcber einen guten Langzeitschutz. Eine regelm\u00e4\u00dfige Anwendung sorgt f\u00fcr eine lange Lebensdauer und neuwertigen [&hellip;]<\/p>\n","protected":false},"featured_media":22964,"comment_status":"closed","ping_status":"closed","template":"","meta":[],"class_list":["post-22963","product","type-product","status-publish","has-post-thumbnail","hentry","product_cat-fahrzeugpflege-2","product_cat-innenraum"],"_links":{"self":[{"href":"https:\/\/www.liqui-moly-shop.ch\/index.php\/wp-json\/wp\/v2\/product\/22963","targetHints":{"allow":["GET"]}}],"collection":[{"href":"https:\/\/www.liqui-moly-shop.ch\/index.php\/wp-json\/wp\/v2\/product"}],"about":[{"href":"https:\/\/www.liqui-moly-shop.ch\/index.php\/wp-json\/wp\/v2\/types\/product"}],"replies":[{"embeddable":true,"href":"https:\/\/www.liqui-moly-shop.ch\/index.php\/wp-json\/wp\/v2\/comments?post=22963"}],"wp:featuredmedia":[{"embeddable":true,"href":"https:\/\/www.liqui-moly-shop.ch\/index.php\/wp-json\/wp\/v2\/media\/22964"}],"wp:attachment":[{"href":"https:\/\/www.liqui-moly-shop.ch\/index.php\/wp-json\/wp\/v2\/media?parent=22963"}],"curies":[{"name":"wp","href":"https:\/\/api.w.org\/{rel}","templated":true}]}}