{"id":22969,"date":"2018-07-17T00:00:00","date_gmt":"2018-07-17T00:00:00","guid":{"rendered":"https:\/\/dev.liqui-moly-shop.ch\/index.php\/product\/cockpitpflege-citrus\/"},"modified":"2026-03-02T12:25:44","modified_gmt":"2026-03-02T12:25:44","slug":"cockpitpflege-citrus","status":"publish","type":"product","link":"https:\/\/www.liqui-moly-shop.ch\/index.php\/product\/cockpitpflege-citrus\/","title":{"rendered":"Cockpitpflege Citrus"},"content":{"rendered":"<h3>Cockpitpflege Citrus<\/h3>\n<p>Gibt stumpfen Kunststoffen wieder einen matt-seidenen Glanz. Tiefes Eindringen in den Kunststoff sorgt f\u00fcr eine langanhaltende Wirkung. Pflegt und sch\u00fctzt ohne zu fetten. Cockpitpflege ist antistatisch und damit staubabweisend. Mit Cockpitpflege behandelte Kunststoffe sehen wieder aus wie neu. Verhindert Quietschen und Knarren.<\/p>\n<p><!-- --><\/p>\n<table id=\"detail\">\n<tbody>\n<tr>\n<td class=\"left\" valign=\"top\">Artikelnummer:<\/td>\n<td class=\"right\" valign=\"top\">1599<\/td>\n<\/tr>\n<tr>\n<td class=\"left\" valign=\"top\">Gebinde:<\/td>\n<td class=\"right\" valign=\"top\">300 ml Dose Aerosol<\/td>\n<\/tr>\n<tr>\n<td class=\"left\" valign=\"top\">Paletteninhalt:<\/td>\n<td class=\"right\" valign=\"top\">1440<\/td>\n<\/tr>\n<tr>\n<td class=\"left\" valign=\"top\">VPE:<\/td>\n<td class=\"right\" valign=\"top\">12 STK<\/td>\n<\/tr>\n<tr>\n<td class=\"left\" valign=\"top\">Sprache:<\/td>\n<td class=\"right\" valign=\"top\">D &#8211; GB &#8211; I &#8211; E &#8211; P<\/td>\n<\/tr>\n<\/tbody>\n<\/table>\n<h3 class=\"detail\">Einsatzzweck<\/h3>\n<p>Zur allgemeinen Innenraumpflege im Kraftfahrzeug. F\u00fcr matte und spr\u00f6de Kunststoffe wie Spoiler und Sto\u00dfstangen. Bei quietschenden Armaturbrettern.<\/p>\n<div class=\"d-flex justify-content-md-center gap-1\"><img decoding=\"async\" title=\"ghs02\" src=\"https:\/\/liquimoly.cloudimg.io\/v7\/https:\/\/www.liqui-moly.com\/static\/version1702332212\/frontend\/limo\/base\/de_DE\/images\/info\/ghs02.png\" alt=\"ghs02\" width=\"35px\" height=\"35px\" \/><\/div>\n<div class=\"text-md-center text-muted ps-md-2 pe-md-2\">\n<p><strong>Gefahr<\/strong><\/p>\n<ul class=\"info-text m-0 p-0\">\n<li>H222 Extrem entz\u00fcndbares Aerosol.<\/li>\n<li>H229 Beh\u00e4lter steht unter Druck: Kann bei Erw\u00e4rmung bersten.<\/li>\n<li>EUH066 Wiederholter Kontakt kann zu spr\u00f6der oder rissiger Haut f\u00fchren.<\/li>\n<\/ul>\n<\/div>\n<p>Wenn Sie Fragen rund um die Liqui Moly Produkte haben sollten, z\u00f6gern Sie nicht und kontaktieren Sie uns. Gerne stehen wir Ihnen jederzeit gerne zur Verf\u00fcgung.<\/p>\n","protected":false},"excerpt":{"rendered":"<p>Cockpitpflege Citrus Gibt stumpfen Kunststoffen wieder einen matt-seidenen Glanz. Tiefes Eindringen in den Kunststoff sorgt f\u00fcr eine langanhaltende Wirkung. Pflegt und sch\u00fctzt ohne zu fetten. Cockpitpflege ist antistatisch und damit staubabweisend. Mit Cockpitpflege behandelte Kunststoffe sehen wieder aus wie neu. Verhindert Quietschen und Knarren. Artikelnummer: 1599 Gebinde: 300 ml Dose Aerosol Paletteninhalt: 1440 VPE: 12 [&hellip;]<\/p>\n","protected":false},"featured_media":22970,"comment_status":"closed","ping_status":"closed","template":"","meta":[],"class_list":["post-22969","product","type-product","status-publish","has-post-thumbnail","hentry","product_cat-fahrzeugpflege-2","product_cat-innenraum"],"_links":{"self":[{"href":"https:\/\/www.liqui-moly-shop.ch\/index.php\/wp-json\/wp\/v2\/product\/22969","targetHints":{"allow":["GET"]}}],"collection":[{"href":"https:\/\/www.liqui-moly-shop.ch\/index.php\/wp-json\/wp\/v2\/product"}],"about":[{"href":"https:\/\/www.liqui-moly-shop.ch\/index.php\/wp-json\/wp\/v2\/types\/product"}],"replies":[{"embeddable":true,"href":"https:\/\/www.liqui-moly-shop.ch\/index.php\/wp-json\/wp\/v2\/comments?post=22969"}],"wp:featuredmedia":[{"embeddable":true,"href":"https:\/\/www.liqui-moly-shop.ch\/index.php\/wp-json\/wp\/v2\/media\/22970"}],"wp:attachment":[{"href":"https:\/\/www.liqui-moly-shop.ch\/index.php\/wp-json\/wp\/v2\/media?parent=22969"}],"curies":[{"name":"wp","href":"https:\/\/api.w.org\/{rel}","templated":true}]}}