{"id":22975,"date":"2018-07-17T00:00:00","date_gmt":"2018-07-17T00:00:00","guid":{"rendered":"https:\/\/dev.liqui-moly-shop.ch\/index.php\/product\/kunststoff-tiefen-pfleger-lotion\/"},"modified":"2023-12-13T12:36:15","modified_gmt":"2023-12-13T12:36:15","slug":"kunststoff-tiefen-pfleger-lotion","status":"publish","type":"product","link":"https:\/\/www.liqui-moly-shop.ch\/index.php\/product\/kunststoff-tiefen-pfleger-lotion\/","title":{"rendered":"Kunststoff-Tiefen-Pfleger-Lotion"},"content":{"rendered":"<h3>Kunststoff-Tiefen-Pfleger-Lotion<\/h3>\n<p>Reinigt, pflegt und sch\u00fctzt alle Kunststoff- und Gummiteile und frischt sie wieder auf. Die Lotion sorgt f\u00fcr ein tiefes Eindringen. Tiefes Eindringen in den Kunststoff sorgt f\u00fcr optimalen Langzeitschutz. Wirkt antistatisch und schmutzabweisend. F\u00fcr einen mattseidenen Glanz. Auch f\u00fcr Kunststoffe im Bereich Haus, Hobby und Garten bestens geeignet. Silikonhaltig.<\/p>\n<p><!-- --><\/p>\n<table id=\"detail\">\n<tbody>\n<tr>\n<td class=\"left\" valign=\"top\">Artikelnummer:<\/td>\n<td class=\"right\" valign=\"top\">1537<\/td>\n<\/tr>\n<tr>\n<td class=\"left\" valign=\"top\">Gebinde:<\/td>\n<td class=\"right\" valign=\"top\">250 ml Flasche Kunststoff<\/td>\n<\/tr>\n<tr>\n<td class=\"left\" valign=\"top\">Paletteninhalt:<\/td>\n<td class=\"right\" valign=\"top\">1290<\/td>\n<\/tr>\n<tr>\n<td class=\"left\" valign=\"top\">VPE:<\/td>\n<td class=\"right\" valign=\"top\">6 STK<\/td>\n<\/tr>\n<tr>\n<td class=\"left\" valign=\"top\">Sprache:<\/td>\n<td class=\"right\" valign=\"top\">D &#8211; GB &#8211; I &#8211; E &#8211; P<\/td>\n<\/tr>\n<\/tbody>\n<\/table>\n<h3 class=\"detail\">Einsatzzweck<\/h3>\n<p>Speziell zur Pflege und zum Schutz aller Kunststoffoberfl\u00e4chen. Haupts\u00e4chlich f\u00fcr Innenbereiche.<\/p>\n<ul class=\"info-text m-0 p-0\">\n<li>H317 Kann allergische Hautreaktionen verursachen.<\/li>\n<li>H318 Verursacht schwere Augensch\u00e4den.<\/li>\n<li>EUH208 Enth\u00e4lt 1,2-Benzisothiazol-3(2H)-on. Kann allergische Reaktionen hervorrufen.<\/li>\n<li>EUH210 Sicherheitsdatenblatt auf Anfrage erh\u00e4ltlich.<\/li>\n<\/ul>\n<p>Wenn Sie Fragen rund um die Liqui Moly Produkte haben sollten, z\u00f6gern Sie nicht und kontaktieren Sie uns. Gerne stehen wir Ihnen jederzeit gerne zur Verf\u00fcgung.<\/p>\n","protected":false},"excerpt":{"rendered":"<p>Kunststoff-Tiefen-Pfleger-Lotion Reinigt, pflegt und sch\u00fctzt alle Kunststoff- und Gummiteile und frischt sie wieder auf. Die Lotion sorgt f\u00fcr ein tiefes Eindringen. Tiefes Eindringen in den Kunststoff sorgt f\u00fcr optimalen Langzeitschutz. Wirkt antistatisch und schmutzabweisend. F\u00fcr einen mattseidenen Glanz. Auch f\u00fcr Kunststoffe im Bereich Haus, Hobby und Garten bestens geeignet. Silikonhaltig. Artikelnummer: 1537 Gebinde: 250 ml [&hellip;]<\/p>\n","protected":false},"featured_media":22976,"comment_status":"closed","ping_status":"closed","template":"","meta":[],"class_list":["post-22975","product","type-product","status-publish","has-post-thumbnail","hentry","product_cat-fahrzeugpflege-2","product_cat-kunststoff"],"_links":{"self":[{"href":"https:\/\/www.liqui-moly-shop.ch\/index.php\/wp-json\/wp\/v2\/product\/22975","targetHints":{"allow":["GET"]}}],"collection":[{"href":"https:\/\/www.liqui-moly-shop.ch\/index.php\/wp-json\/wp\/v2\/product"}],"about":[{"href":"https:\/\/www.liqui-moly-shop.ch\/index.php\/wp-json\/wp\/v2\/types\/product"}],"replies":[{"embeddable":true,"href":"https:\/\/www.liqui-moly-shop.ch\/index.php\/wp-json\/wp\/v2\/comments?post=22975"}],"wp:featuredmedia":[{"embeddable":true,"href":"https:\/\/www.liqui-moly-shop.ch\/index.php\/wp-json\/wp\/v2\/media\/22976"}],"wp:attachment":[{"href":"https:\/\/www.liqui-moly-shop.ch\/index.php\/wp-json\/wp\/v2\/media?parent=22975"}],"curies":[{"name":"wp","href":"https:\/\/api.w.org\/{rel}","templated":true}]}}