{"id":22981,"date":"2018-07-17T00:00:00","date_gmt":"2018-07-17T00:00:00","guid":{"rendered":"https:\/\/dev.liqui-moly-shop.ch\/index.php\/product\/insektenentferner\/"},"modified":"2025-05-14T08:40:08","modified_gmt":"2025-05-14T08:40:08","slug":"insektenentferner","status":"publish","type":"product","link":"https:\/\/www.liqui-moly-shop.ch\/index.php\/product\/insektenentferner\/","title":{"rendered":"Insektenentferner"},"content":{"rendered":"<h3>Insektenentferner<\/h3>\n<p>Zur schnellen und m\u00fchelosen Entfernung von Insektenr\u00fcckst\u00e4nden. F\u00fcr Glas, Kunststoff, Lack und Chrom. Weicht schonend und schnell Insektenverschmutzungen auf. Auch zur Vorbehandlung vor der Wagenw\u00e4sche bestens geeignet. Mit hoher Wirksamkeit und guter biologischer Abbaubarkeit.<\/p>\n<p><!-- --><\/p>\n<table id=\"detail\">\n<tbody>\n<tr>\n<td class=\"left\" valign=\"top\">Artikelnummer:<\/td>\n<td class=\"right\" valign=\"top\">23008<\/td>\n<\/tr>\n<tr>\n<td class=\"left\" valign=\"top\">Gebinde:<\/td>\n<td class=\"right\" valign=\"top\">500 ml Spr\u00fchflasche Kunststoff<\/td>\n<\/tr>\n<tr>\n<td class=\"left\" valign=\"top\">Paletteninhalt:<\/td>\n<td class=\"right\" valign=\"top\">576<\/td>\n<\/tr>\n<tr>\n<td class=\"left\" valign=\"top\">VPE:<\/td>\n<td class=\"right\" valign=\"top\">6 STK<\/td>\n<\/tr>\n<tr>\n<td class=\"left\" valign=\"top\">Sprache:<\/td>\n<td class=\"right\" valign=\"top\">D &#8211; GB &#8211; I &#8211; E &#8211; P<\/td>\n<\/tr>\n<\/tbody>\n<\/table>\n<h3 class=\"detail\">Einsatzzweck<\/h3>\n<p>Speziell f\u00fcr die Bereiche Autoscheiben, Chromteile, Scheinwerfer, Lackfl\u00e4chen. Geeignet vor der maschinellen Kfz-B\u00fcrstenw\u00e4sche.<\/p>\n<ul class=\"info-text m-0 p-0\">\n<li>EUH208 Enth\u00e4lt 1,2-Benzisothiazol-3(2H)-on. Kann allergische Reaktionen hervorrufen.<\/li>\n<\/ul>\n<p>Wenn Sie Fragen rund um die Liqui Moly Produkte haben sollten, z\u00f6gern Sie nicht und kontaktieren Sie uns. Gerne stehen wir Ihnen jederzeit gerne zur Verf\u00fcgung.<\/p>\n","protected":false},"excerpt":{"rendered":"<p>Insektenentferner Zur schnellen und m\u00fchelosen Entfernung von Insektenr\u00fcckst\u00e4nden. F\u00fcr Glas, Kunststoff, Lack und Chrom. Weicht schonend und schnell Insektenverschmutzungen auf. Auch zur Vorbehandlung vor der Wagenw\u00e4sche bestens geeignet. Mit hoher Wirksamkeit und guter biologischer Abbaubarkeit. Artikelnummer: 23008 Gebinde: 500 ml Spr\u00fchflasche Kunststoff Paletteninhalt: 576 VPE: 6 STK Sprache: D &#8211; GB &#8211; I &#8211; E [&hellip;]<\/p>\n","protected":false},"featured_media":22982,"comment_status":"closed","ping_status":"closed","template":"","meta":[],"class_list":["post-22981","product","type-product","status-publish","has-post-thumbnail","hentry","product_cat-fahrzeugpflege-2","product_cat-lack"],"_links":{"self":[{"href":"https:\/\/www.liqui-moly-shop.ch\/index.php\/wp-json\/wp\/v2\/product\/22981","targetHints":{"allow":["GET"]}}],"collection":[{"href":"https:\/\/www.liqui-moly-shop.ch\/index.php\/wp-json\/wp\/v2\/product"}],"about":[{"href":"https:\/\/www.liqui-moly-shop.ch\/index.php\/wp-json\/wp\/v2\/types\/product"}],"replies":[{"embeddable":true,"href":"https:\/\/www.liqui-moly-shop.ch\/index.php\/wp-json\/wp\/v2\/comments?post=22981"}],"wp:featuredmedia":[{"embeddable":true,"href":"https:\/\/www.liqui-moly-shop.ch\/index.php\/wp-json\/wp\/v2\/media\/22982"}],"wp:attachment":[{"href":"https:\/\/www.liqui-moly-shop.ch\/index.php\/wp-json\/wp\/v2\/media?parent=22981"}],"curies":[{"name":"wp","href":"https:\/\/api.w.org\/{rel}","templated":true}]}}