{"id":22990,"date":"2018-07-17T00:00:00","date_gmt":"2018-07-17T00:00:00","guid":{"rendered":"https:\/\/dev.liqui-moly-shop.ch\/index.php\/product\/auto-wasch-wachs\/"},"modified":"2025-05-14T08:41:34","modified_gmt":"2025-05-14T08:41:34","slug":"auto-wasch-wachs","status":"publish","type":"product","link":"https:\/\/www.liqui-moly-shop.ch\/index.php\/product\/auto-wasch-wachs\/","title":{"rendered":"Auto-Wasch &amp; Wachs"},"content":{"rendered":"<h3>Auto-Wasch &amp; Wachs<\/h3>\n<p>Glanz und Schutz in einem Arbeitsgang. F\u00fcr die schnelle Lackpflege zwischendurch. Entfernt m\u00fchelos Schmutz und sch\u00fctzt den Lack durch ausgew\u00e4hlte Wachse und Tenside. Keine Kalkr\u00e4nder. Erleichtert das Abledern und schont die H\u00e4nde. Durch Glanzintensivierung wird Ihr Auto optisch aufgewertet. Lackschutz gegen Witterungs- und andere aggressive Einfl\u00fcsse. Regelm\u00e4\u00dfige Anwendung ergibt optimale Lackpflege.<\/p>\n<p><!-- --><\/p>\n<table id=\"detail\">\n<tbody>\n<tr>\n<td class=\"left\" valign=\"top\">Artikelnummer:<\/td>\n<td class=\"right\" valign=\"top\">23007<\/td>\n<\/tr>\n<tr>\n<td class=\"left\" valign=\"top\">Gebinde:<\/td>\n<td class=\"right\" valign=\"top\">1 l Flasche Kunststoff<\/td>\n<\/tr>\n<tr>\n<td class=\"left\" valign=\"top\">Paletteninhalt:<\/td>\n<td class=\"right\" valign=\"top\">552<\/td>\n<\/tr>\n<tr>\n<td class=\"left\" valign=\"top\">VPE:<\/td>\n<td class=\"right\" valign=\"top\">6 STK<\/td>\n<\/tr>\n<tr>\n<td class=\"left\" valign=\"top\">Sprache:<\/td>\n<td class=\"right\" valign=\"top\">D &#8211; GB &#8211; I &#8211; E &#8211; P<\/td>\n<\/tr>\n<\/tbody>\n<\/table>\n<h3 class=\"detail\">Einsatzzweck<\/h3>\n<p>Speziell zur gr\u00fcndlichen und schonenden Reinigung von Lackoberfl\u00e4chen bei gleichzeitigem Schutz.<\/p>\n<div class=\"d-flex justify-content-md-center gap-1\"><img decoding=\"async\" title=\"ghs05\" src=\"https:\/\/liquimoly.cloudimg.io\/v7\/https:\/\/www.liqui-moly.com\/static\/version1702332212\/frontend\/limo\/base\/de_DE\/images\/info\/ghs05.png\" alt=\"ghs05\" width=\"35px\" height=\"35px\" \/><\/div>\n<div class=\"text-md-center text-muted ps-md-2 pe-md-2\">\n<p><strong>Gefahr<\/strong><\/p>\n<ul class=\"info-text m-0 p-0\">\n<li>H318 Verursacht schwere Augensch\u00e4den.<\/li>\n<li>EUH208 Enth\u00e4lt Dipenten, Citral, 1,2-Benzisothiazol-3(2H)-on. Kann allergische Reaktionen hervorrufen.<\/li>\n<\/ul>\n<\/div>\n<p>Wenn Sie Fragen rund um die Liqui Moly Produkte haben sollten, z\u00f6gern Sie nicht und kontaktieren Sie uns. Gerne stehen wir Ihnen jederzeit gerne zur Verf\u00fcgung.<\/p>\n","protected":false},"excerpt":{"rendered":"<p>Auto-Wasch &amp; Wachs Glanz und Schutz in einem Arbeitsgang. F\u00fcr die schnelle Lackpflege zwischendurch. Entfernt m\u00fchelos Schmutz und sch\u00fctzt den Lack durch ausgew\u00e4hlte Wachse und Tenside. Keine Kalkr\u00e4nder. Erleichtert das Abledern und schont die H\u00e4nde. Durch Glanzintensivierung wird Ihr Auto optisch aufgewertet. Lackschutz gegen Witterungs- und andere aggressive Einfl\u00fcsse. Regelm\u00e4\u00dfige Anwendung ergibt optimale Lackpflege. Artikelnummer: [&hellip;]<\/p>\n","protected":false},"featured_media":22991,"comment_status":"closed","ping_status":"closed","template":"","meta":[],"class_list":["post-22990","product","type-product","status-publish","has-post-thumbnail","hentry","product_cat-fahrzeugpflege-2","product_cat-lack"],"_links":{"self":[{"href":"https:\/\/www.liqui-moly-shop.ch\/index.php\/wp-json\/wp\/v2\/product\/22990","targetHints":{"allow":["GET"]}}],"collection":[{"href":"https:\/\/www.liqui-moly-shop.ch\/index.php\/wp-json\/wp\/v2\/product"}],"about":[{"href":"https:\/\/www.liqui-moly-shop.ch\/index.php\/wp-json\/wp\/v2\/types\/product"}],"replies":[{"embeddable":true,"href":"https:\/\/www.liqui-moly-shop.ch\/index.php\/wp-json\/wp\/v2\/comments?post=22990"}],"wp:featuredmedia":[{"embeddable":true,"href":"https:\/\/www.liqui-moly-shop.ch\/index.php\/wp-json\/wp\/v2\/media\/22991"}],"wp:attachment":[{"href":"https:\/\/www.liqui-moly-shop.ch\/index.php\/wp-json\/wp\/v2\/media?parent=22990"}],"curies":[{"name":"wp","href":"https:\/\/api.w.org\/{rel}","templated":true}]}}