{"id":22996,"date":"2018-07-17T00:00:00","date_gmt":"2018-07-17T00:00:00","guid":{"rendered":"https:\/\/dev.liqui-moly-shop.ch\/index.php\/product\/silikon-wachs-entferner\/"},"modified":"2025-03-31T09:10:42","modified_gmt":"2025-03-31T09:10:42","slug":"silikon-wachs-entferner","status":"publish","type":"product","link":"https:\/\/www.liqui-moly-shop.ch\/index.php\/product\/silikon-wachs-entferner\/","title":{"rendered":"Silikon- &amp; Wachs-Entferner"},"content":{"rendered":"<h3>Silikon- &amp; Wachs-Entferner<\/h3>\n<p>Entfernt Silikon und Wachs von Glas, Lack und Chromteilen. Reinigt Autoscheiben und entfernt Wachstropfen nach der Waschstra\u00dfen-Wachsw\u00e4sche. Sorgt f\u00fcr klare Sicht nach der Autow\u00e4sche. Schafft den richtigen Untergrund vor dem Lackieren.<\/p>\n<p><!-- --><\/p>\n<table id=\"detail\">\n<tbody>\n<tr>\n<td class=\"left\" valign=\"top\">Artikelnummer:<\/td>\n<td class=\"right\" valign=\"top\">23013<\/td>\n<\/tr>\n<tr>\n<td class=\"left\" valign=\"top\">Gebinde:<\/td>\n<td class=\"right\" valign=\"top\">250 ml Flasche Kunststoff<\/td>\n<\/tr>\n<tr>\n<td class=\"left\" valign=\"top\">Paletteninhalt:<\/td>\n<td class=\"right\" valign=\"top\">1290<\/td>\n<\/tr>\n<tr>\n<td class=\"left\" valign=\"top\">VPE:<\/td>\n<td class=\"right\" valign=\"top\">6 STK<\/td>\n<\/tr>\n<tr>\n<td class=\"left\" valign=\"top\">Sprache:<\/td>\n<td class=\"right\" valign=\"top\">D &#8211; GB &#8211; I &#8211; E &#8211; P<\/td>\n<\/tr>\n<\/tbody>\n<\/table>\n<h3 class=\"detail\">Einsatzzweck<\/h3>\n<p>Nach der Fahrzeugw\u00e4sche. Speziell zur Untergrundvorbereitung bei Lackierungen sowie zum Entfernen st\u00f6render Wachs- und Silikonbel\u00e4ge an Fahrzeugscheiben.<\/p>\n<ul class=\"info-text m-0 p-0\">\n<li>EUH208 Enth\u00e4lt Orange, s\u00fc\u00df, Extrakt, 1,2-Benzisothiazol-3(2H)-on, Tetrahydro-1,3,4,6-tetrakis (hydroxymethyl)imidazo[4,5-d]imidazol-2,5(1H,3H)-dion. Kann allergische Reaktionen hervorrufen.<\/li>\n<\/ul>\n<p>Wenn Sie Fragen rund um die Liqui Moly Produkte haben sollten, z\u00f6gern Sie nicht und kontaktieren Sie uns. Gerne stehen wir Ihnen jederzeit gerne zur Verf\u00fcgung.<\/p>\n","protected":false},"excerpt":{"rendered":"<p>Silikon- &amp; Wachs-Entferner Entfernt Silikon und Wachs von Glas, Lack und Chromteilen. Reinigt Autoscheiben und entfernt Wachstropfen nach der Waschstra\u00dfen-Wachsw\u00e4sche. Sorgt f\u00fcr klare Sicht nach der Autow\u00e4sche. Schafft den richtigen Untergrund vor dem Lackieren. Artikelnummer: 23013 Gebinde: 250 ml Flasche Kunststoff Paletteninhalt: 1290 VPE: 6 STK Sprache: D &#8211; GB &#8211; I &#8211; E &#8211; [&hellip;]<\/p>\n","protected":false},"featured_media":22997,"comment_status":"closed","ping_status":"closed","template":"","meta":[],"class_list":["post-22996","product","type-product","status-publish","has-post-thumbnail","hentry","product_cat-fahrzeugpflege-2","product_cat-lack"],"_links":{"self":[{"href":"https:\/\/www.liqui-moly-shop.ch\/index.php\/wp-json\/wp\/v2\/product\/22996","targetHints":{"allow":["GET"]}}],"collection":[{"href":"https:\/\/www.liqui-moly-shop.ch\/index.php\/wp-json\/wp\/v2\/product"}],"about":[{"href":"https:\/\/www.liqui-moly-shop.ch\/index.php\/wp-json\/wp\/v2\/types\/product"}],"replies":[{"embeddable":true,"href":"https:\/\/www.liqui-moly-shop.ch\/index.php\/wp-json\/wp\/v2\/comments?post=22996"}],"wp:featuredmedia":[{"embeddable":true,"href":"https:\/\/www.liqui-moly-shop.ch\/index.php\/wp-json\/wp\/v2\/media\/22997"}],"wp:attachment":[{"href":"https:\/\/www.liqui-moly-shop.ch\/index.php\/wp-json\/wp\/v2\/media?parent=22996"}],"curies":[{"name":"wp","href":"https:\/\/api.w.org\/{rel}","templated":true}]}}