{"id":22999,"date":"2018-07-17T00:00:00","date_gmt":"2018-07-17T00:00:00","guid":{"rendered":"https:\/\/dev.liqui-moly-shop.ch\/index.php\/product\/lackreiniger\/"},"modified":"2023-12-13T09:09:01","modified_gmt":"2023-12-13T09:09:01","slug":"lackreiniger","status":"publish","type":"product","link":"https:\/\/www.liqui-moly-shop.ch\/index.php\/product\/lackreiniger\/","title":{"rendered":"Lackreiniger"},"content":{"rendered":"<h3>Lackreiniger<\/h3>\n<p>Entfernt Teer-, Schmutz-, Fettflecken und Flugrost. Reinigt und poliert. Sorgt f\u00fcr urspr\u00fcngliche Farbtiefe. Gleicht leichte Kratzer aus. Entfernt Verschmutzungen und verwitterte Lackpartikel. Reinigt und gl\u00e4ttet den Lack. Anschlie\u00dfend sollte der Lack mit LIQUI MOLY-Hart-Wachs gepflegt werden. Poliermaschinengeeignet.<\/p>\n<p><!-- --><\/p>\n<table id=\"detail\">\n<tbody>\n<tr>\n<td class=\"left\" valign=\"top\">Artikelnummer:<\/td>\n<td class=\"right\" valign=\"top\">1486<\/td>\n<\/tr>\n<tr>\n<td class=\"left\" valign=\"top\">Gebinde:<\/td>\n<td class=\"right\" valign=\"top\">500 ml Dose Kunststoff<\/td>\n<\/tr>\n<tr>\n<td class=\"left\" valign=\"top\">Paletteninhalt:<\/td>\n<td class=\"right\" valign=\"top\">900<\/td>\n<\/tr>\n<tr>\n<td class=\"left\" valign=\"top\">VPE:<\/td>\n<td class=\"right\" valign=\"top\">6 STK<\/td>\n<\/tr>\n<tr>\n<td class=\"left\" valign=\"top\">Sprache:<\/td>\n<td class=\"right\" valign=\"top\">D &#8211; GB &#8211; I &#8211; E &#8211; P<\/td>\n<\/tr>\n<\/tbody>\n<\/table>\n<h3 class=\"detail\">Einsatzzweck<\/h3>\n<p>Speziell f\u00fcr Bunt- und Metalliclacke, von matt bis extrem verwitterte Lackfl\u00e4chen.<\/p>\n<ul class=\"info-text m-0 p-0\">\n<li>EUH208 Enth\u00e4lt Reaktionsmasse aus 5-Chlor-2-methyl-2H-isothiazol-3-on und 2-Methyl-2H-isothiazol-3-on (3:1). Kann allergische Reaktionen hervorrufen.<\/li>\n<\/ul>\n<p>Wenn Sie Fragen rund um die Liqui Moly Produkte haben sollten, z\u00f6gern Sie nicht und kontaktieren Sie uns. Gerne stehen wir Ihnen jederzeit gerne zur Verf\u00fcgung.<\/p>\n","protected":false},"excerpt":{"rendered":"<p>Lackreiniger Entfernt Teer-, Schmutz-, Fettflecken und Flugrost. Reinigt und poliert. Sorgt f\u00fcr urspr\u00fcngliche Farbtiefe. Gleicht leichte Kratzer aus. Entfernt Verschmutzungen und verwitterte Lackpartikel. Reinigt und gl\u00e4ttet den Lack. Anschlie\u00dfend sollte der Lack mit LIQUI MOLY-Hart-Wachs gepflegt werden. Poliermaschinengeeignet. Artikelnummer: 1486 Gebinde: 500 ml Dose Kunststoff Paletteninhalt: 900 VPE: 6 STK Sprache: D &#8211; GB &#8211; [&hellip;]<\/p>\n","protected":false},"featured_media":23000,"comment_status":"closed","ping_status":"closed","template":"","meta":[],"class_list":["post-22999","product","type-product","status-publish","has-post-thumbnail","hentry","product_cat-fahrzeugpflege-2","product_cat-lack"],"_links":{"self":[{"href":"https:\/\/www.liqui-moly-shop.ch\/index.php\/wp-json\/wp\/v2\/product\/22999","targetHints":{"allow":["GET"]}}],"collection":[{"href":"https:\/\/www.liqui-moly-shop.ch\/index.php\/wp-json\/wp\/v2\/product"}],"about":[{"href":"https:\/\/www.liqui-moly-shop.ch\/index.php\/wp-json\/wp\/v2\/types\/product"}],"replies":[{"embeddable":true,"href":"https:\/\/www.liqui-moly-shop.ch\/index.php\/wp-json\/wp\/v2\/comments?post=22999"}],"wp:featuredmedia":[{"embeddable":true,"href":"https:\/\/www.liqui-moly-shop.ch\/index.php\/wp-json\/wp\/v2\/media\/23000"}],"wp:attachment":[{"href":"https:\/\/www.liqui-moly-shop.ch\/index.php\/wp-json\/wp\/v2\/media?parent=22999"}],"curies":[{"name":"wp","href":"https:\/\/api.w.org\/{rel}","templated":true}]}}