{"id":23005,"date":"2018-07-17T00:00:00","date_gmt":"2018-07-17T00:00:00","guid":{"rendered":"https:\/\/dev.liqui-moly-shop.ch\/index.php\/product\/polieren-wachs\/"},"modified":"2025-01-24T08:48:09","modified_gmt":"2025-01-24T08:48:09","slug":"polieren-wachs","status":"publish","type":"product","link":"https:\/\/www.liqui-moly-shop.ch\/index.php\/product\/polieren-wachs\/","title":{"rendered":"Polieren &amp; Wachs"},"content":{"rendered":"<h3>Polieren &amp; Wachs<\/h3>\n<p>Reinigt, poliert, sch\u00fctzt und gl\u00e4nzt. Mit hervorragendem Langzeitschutz. Sch\u00fctzt auch vor sch\u00e4dlichen Umwelteinfl\u00fcssen. F\u00fcr strahlenden Hochglanz. Reinigt, poliert und konserviert in einem Arbeitsgang. Regelm\u00e4\u00dfige Anwendung ergibt optimale Lackpflege. Poliermaschinengeeignet.<\/p>\n<p><!-- --><\/p>\n<table id=\"detail\">\n<tbody>\n<tr>\n<td class=\"left\" valign=\"top\">Artikelnummer:<\/td>\n<td class=\"right\" valign=\"top\">1467<\/td>\n<\/tr>\n<tr>\n<td class=\"left\" valign=\"top\">Gebinde:<\/td>\n<td class=\"right\" valign=\"top\">500 ml Dose Kunststoff<\/td>\n<\/tr>\n<tr>\n<td class=\"left\" valign=\"top\">Paletteninhalt:<\/td>\n<td class=\"right\" valign=\"top\">900<\/td>\n<\/tr>\n<tr>\n<td class=\"left\" valign=\"top\">VPE:<\/td>\n<td class=\"right\" valign=\"top\">6 STK<\/td>\n<\/tr>\n<tr>\n<td class=\"left\" valign=\"top\">Sprache:<\/td>\n<td class=\"right\" valign=\"top\">D &#8211; GB &#8211; I &#8211; E &#8211; P<\/td>\n<\/tr>\n<\/tbody>\n<\/table>\n<h3 class=\"detail\">Einsatzzweck<\/h3>\n<p>Speziell f\u00fcr Bunt- und Metalliclacke von neuwertig bis matt. Nicht auf Mattlacken einsetzen!<\/p>\n<ul class=\"info-text m-0 p-0\">\n<li>EUH208 Enth\u00e4lt Reaktionsmasse aus 5-Chlor-2-methyl-2H-isothiazol-3-on und 2-Methyl-2H-isothiazol-3-on (3:1). Kann allergische Reaktionen hervorrufen.<\/li>\n<\/ul>\n<p>Wenn Sie Fragen rund um die Liqui Moly Produkte haben sollten, z\u00f6gern Sie nicht und kontaktieren Sie uns. Gerne stehen wir Ihnen jederzeit gerne zur Verf\u00fcgung.<\/p>\n","protected":false},"excerpt":{"rendered":"<p>Polieren &amp; Wachs Reinigt, poliert, sch\u00fctzt und gl\u00e4nzt. Mit hervorragendem Langzeitschutz. Sch\u00fctzt auch vor sch\u00e4dlichen Umwelteinfl\u00fcssen. F\u00fcr strahlenden Hochglanz. Reinigt, poliert und konserviert in einem Arbeitsgang. Regelm\u00e4\u00dfige Anwendung ergibt optimale Lackpflege. Poliermaschinengeeignet. Artikelnummer: 1467 Gebinde: 500 ml Dose Kunststoff Paletteninhalt: 900 VPE: 6 STK Sprache: D &#8211; GB &#8211; I &#8211; E &#8211; P Einsatzzweck [&hellip;]<\/p>\n","protected":false},"featured_media":23006,"comment_status":"closed","ping_status":"closed","template":"","meta":[],"class_list":["post-23005","product","type-product","status-publish","has-post-thumbnail","hentry","product_cat-fahrzeugpflege-2","product_cat-lack"],"_links":{"self":[{"href":"https:\/\/www.liqui-moly-shop.ch\/index.php\/wp-json\/wp\/v2\/product\/23005","targetHints":{"allow":["GET"]}}],"collection":[{"href":"https:\/\/www.liqui-moly-shop.ch\/index.php\/wp-json\/wp\/v2\/product"}],"about":[{"href":"https:\/\/www.liqui-moly-shop.ch\/index.php\/wp-json\/wp\/v2\/types\/product"}],"replies":[{"embeddable":true,"href":"https:\/\/www.liqui-moly-shop.ch\/index.php\/wp-json\/wp\/v2\/comments?post=23005"}],"wp:featuredmedia":[{"embeddable":true,"href":"https:\/\/www.liqui-moly-shop.ch\/index.php\/wp-json\/wp\/v2\/media\/23006"}],"wp:attachment":[{"href":"https:\/\/www.liqui-moly-shop.ch\/index.php\/wp-json\/wp\/v2\/media?parent=23005"}],"curies":[{"name":"wp","href":"https:\/\/api.w.org\/{rel}","templated":true}]}}