{"id":23017,"date":"2018-07-17T00:00:00","date_gmt":"2018-07-17T00:00:00","guid":{"rendered":"https:\/\/dev.liqui-moly-shop.ch\/index.php\/product\/glanzspruehwachs\/"},"modified":"2023-12-13T09:20:07","modified_gmt":"2023-12-13T09:20:07","slug":"glanzspruehwachs","status":"publish","type":"product","link":"https:\/\/www.liqui-moly-shop.ch\/index.php\/product\/glanzspruehwachs\/","title":{"rendered":"Glanzspr\u00fchwachs"},"content":{"rendered":"<h3>Glanzspr\u00fchwachs<\/h3>\n<p>Wachs mit guter Reinigungswirkung und hervorragender Glanzgebung. Leichter Stra\u00dfenschmutz und fettige Verschmutzungen werden m\u00fchelos und schnell entfernt, ohne dabei Kratzerbildungen entstehen zu lassen. Durch das superleichte Auspolieren (wie Staub wischen) entsteht bei allen Lack- und Farbtypen eine glatte Oberfl\u00e4che mit einem hohen Glanz und sehr guter Farbtiefe. Die entstehende Schutzschicht gleicht leichte Kratzer aus und konserviert den Lack gegen\u00fcber witterungsbedingten Einfl\u00fcssen.<\/p>\n<p><!-- --><\/p>\n<table id=\"detail\">\n<tbody>\n<tr>\n<td class=\"left\" valign=\"top\">Artikelnummer:<\/td>\n<td class=\"right\" valign=\"top\">1647<\/td>\n<\/tr>\n<tr>\n<td class=\"left\" valign=\"top\">Gebinde:<\/td>\n<td class=\"right\" valign=\"top\">400 ml Dose Aerosol<\/td>\n<\/tr>\n<tr>\n<td class=\"left\" valign=\"top\">Paletteninhalt:<\/td>\n<td class=\"right\" valign=\"top\">1008<\/td>\n<\/tr>\n<tr>\n<td class=\"left\" valign=\"top\">VPE:<\/td>\n<td class=\"right\" valign=\"top\">12 STK<\/td>\n<\/tr>\n<tr>\n<td class=\"left\" valign=\"top\">Sprache:<\/td>\n<td class=\"right\" valign=\"top\">D &#8211; GB &#8211; I &#8211; E &#8211; P<\/td>\n<\/tr>\n<\/tbody>\n<\/table>\n<h3 class=\"detail\">Einsatzzweck<\/h3>\n<p>Hervorragende Lackpflege f\u00fcr zwischendurch. Optimale Versiegelung der Lackoberfl\u00e4chen gegen Witterungseinfl\u00fcsse. F\u00fcr Bunt- und Metalliclacke, neuwertig oder entsprechend aufbereitet sowie f\u00fcr die schnelle Aufbereitung von Neufahrzeugen bzw. Gebrauchtfahrzeugen in Ausstellungshallen.<\/p>\n<div class=\"d-flex justify-content-md-center gap-1\"><img decoding=\"async\" title=\"ghs02\" src=\"https:\/\/liquimoly.cloudimg.io\/v7\/https:\/\/www.liqui-moly.com\/static\/version1702332212\/frontend\/limo\/base\/de_DE\/images\/info\/ghs02.png\" alt=\"ghs02\" width=\"35px\" height=\"35px\" \/><\/div>\n<div class=\"text-md-center text-muted ps-md-2 pe-md-2\"><strong>Gefahr<\/strong><\/p>\n<ul class=\"info-text m-0 p-0\">\n<li>H222 Extrem entz\u00fcndbares Aerosol.<\/li>\n<li>H229 Beh\u00e4lter steht unter Druck: Kann bei Erw\u00e4rmung bersten.<\/li>\n<li>EUH208 Enth\u00e4lt 1,2-Benzisothiazol-3(2H)-on. Kann allergische Reaktionen hervorrufen.<\/li>\n<\/ul>\n<\/div>\n<p>Wenn Sie Fragen rund um die Liqui Moly Produkte haben sollten, z\u00f6gern Sie nicht und kontaktieren Sie uns. Gerne stehen wir Ihnen jederzeit gerne zur Verf\u00fcgung.<\/p>\n","protected":false},"excerpt":{"rendered":"<p>Glanzspr\u00fchwachs Wachs mit guter Reinigungswirkung und hervorragender Glanzgebung. Leichter Stra\u00dfenschmutz und fettige Verschmutzungen werden m\u00fchelos und schnell entfernt, ohne dabei Kratzerbildungen entstehen zu lassen. Durch das superleichte Auspolieren (wie Staub wischen) entsteht bei allen Lack- und Farbtypen eine glatte Oberfl\u00e4che mit einem hohen Glanz und sehr guter Farbtiefe. Die entstehende Schutzschicht gleicht leichte Kratzer aus [&hellip;]<\/p>\n","protected":false},"featured_media":23018,"comment_status":"closed","ping_status":"closed","template":"","meta":[],"class_list":["post-23017","product","type-product","status-publish","has-post-thumbnail","hentry","product_cat-fahrzeugpflege-2","product_cat-lack"],"_links":{"self":[{"href":"https:\/\/www.liqui-moly-shop.ch\/index.php\/wp-json\/wp\/v2\/product\/23017","targetHints":{"allow":["GET"]}}],"collection":[{"href":"https:\/\/www.liqui-moly-shop.ch\/index.php\/wp-json\/wp\/v2\/product"}],"about":[{"href":"https:\/\/www.liqui-moly-shop.ch\/index.php\/wp-json\/wp\/v2\/types\/product"}],"replies":[{"embeddable":true,"href":"https:\/\/www.liqui-moly-shop.ch\/index.php\/wp-json\/wp\/v2\/comments?post=23017"}],"wp:featuredmedia":[{"embeddable":true,"href":"https:\/\/www.liqui-moly-shop.ch\/index.php\/wp-json\/wp\/v2\/media\/23018"}],"wp:attachment":[{"href":"https:\/\/www.liqui-moly-shop.ch\/index.php\/wp-json\/wp\/v2\/media?parent=23017"}],"curies":[{"name":"wp","href":"https:\/\/api.w.org\/{rel}","templated":true}]}}