{"id":23038,"date":"2018-07-17T00:00:00","date_gmt":"2018-07-17T00:00:00","guid":{"rendered":"https:\/\/dev.liqui-moly-shop.ch\/index.php\/product\/motor-versiegelung\/"},"modified":"2023-12-13T13:06:31","modified_gmt":"2023-12-13T13:06:31","slug":"motor-versiegelung","status":"publish","type":"product","link":"https:\/\/www.liqui-moly-shop.ch\/index.php\/product\/motor-versiegelung\/","title":{"rendered":"Motor-Versiegelung"},"content":{"rendered":"<h3>Motor-Versiegelung<\/h3>\n<p>Hochgl\u00e4nzender, wasserabsto\u00dfender Schutzlack zur Konservierung des Motorraumes. Der Motor wird wieder wie neu. Verhindert Korrosion und ist schmutzabweisend. Sch\u00fctzt Motor, Z\u00fcndkabel und Aggregate vor N\u00e4sse. Vertr\u00e4glich mit Gummi und Kunststoffteilen.<\/p>\n<p><!-- --><\/p>\n<table id=\"detail\">\n<tbody>\n<tr>\n<td class=\"left\" valign=\"top\">Artikelnummer:<\/td>\n<td class=\"right\" valign=\"top\">3327<\/td>\n<\/tr>\n<tr>\n<td class=\"left\" valign=\"top\">Gebinde:<\/td>\n<td class=\"right\" valign=\"top\">400 ml Dose Aerosol<\/td>\n<\/tr>\n<tr>\n<td class=\"left\" valign=\"top\">Paletteninhalt:<\/td>\n<td class=\"right\" valign=\"top\">1044<\/td>\n<\/tr>\n<tr>\n<td class=\"left\" valign=\"top\">VPE:<\/td>\n<td class=\"right\" valign=\"top\">6 STK<\/td>\n<\/tr>\n<tr>\n<td class=\"left\" valign=\"top\">Sprache:<\/td>\n<td class=\"right\" valign=\"top\">D &#8211; GB &#8211; I &#8211; E &#8211; P<\/td>\n<\/tr>\n<\/tbody>\n<\/table>\n<h3 class=\"detail\">Einsatzzweck<\/h3>\n<p>F\u00fcr Kraftfahrzeugmotoren und Motorr\u00e4ume.<\/p>\n<div class=\"d-flex justify-content-md-center gap-1\"><img decoding=\"async\" title=\"ghs02\" src=\"https:\/\/liquimoly.cloudimg.io\/v7\/https:\/\/www.liqui-moly.com\/static\/version1702332212\/frontend\/limo\/base\/de_DE\/images\/info\/ghs02.png\" alt=\"ghs02\" width=\"35px\" height=\"35px\" \/><img decoding=\"async\" title=\"ghs07\" src=\"https:\/\/liquimoly.cloudimg.io\/v7\/https:\/\/www.liqui-moly.com\/static\/version1702332212\/frontend\/limo\/base\/de_DE\/images\/info\/ghs07.png\" alt=\"ghs07\" width=\"35px\" height=\"35px\" \/><img decoding=\"async\" title=\"ghs08\" src=\"https:\/\/liquimoly.cloudimg.io\/v7\/https:\/\/www.liqui-moly.com\/static\/version1702332212\/frontend\/limo\/base\/de_DE\/images\/info\/ghs08.png\" alt=\"ghs08\" width=\"35px\" height=\"35px\" \/><\/div>\n<div class=\"text-md-center text-muted ps-md-2 pe-md-2\">\n<p><strong>Gefahr<\/strong><\/p>\n<ul class=\"info-text m-0 p-0\">\n<li>H222 Extrem entz\u00fcndbares Aerosol.<\/li>\n<li>H229 Beh\u00e4lter steht unter Druck: Kann bei Erw\u00e4rmung bersten.<\/li>\n<li>H315 Verursacht Hautreizungen.<\/li>\n<li>H319 Verursacht schwere Augenreizung.<\/li>\n<li>H332 Gesundheitssch\u00e4dlich bei Einatmen.<\/li>\n<li>H335 Kann die Atemwege reizen.<\/li>\n<li>H373 Kann die Organe sch\u00e4digen bei l\u00e4ngerer oder wiederholter Exposition.<\/li>\n<\/ul>\n<\/div>\n<p>Wenn Sie Fragen rund um die Liqui Moly Produkte haben sollten, z\u00f6gern Sie nicht und kontaktieren Sie uns. Gerne stehen wir Ihnen jederzeit gerne zur Verf\u00fcgung.<\/p>\n","protected":false},"excerpt":{"rendered":"<p>Motor-Versiegelung Hochgl\u00e4nzender, wasserabsto\u00dfender Schutzlack zur Konservierung des Motorraumes. Der Motor wird wieder wie neu. Verhindert Korrosion und ist schmutzabweisend. Sch\u00fctzt Motor, Z\u00fcndkabel und Aggregate vor N\u00e4sse. Vertr\u00e4glich mit Gummi und Kunststoffteilen. Artikelnummer: 3327 Gebinde: 400 ml Dose Aerosol Paletteninhalt: 1044 VPE: 6 STK Sprache: D &#8211; GB &#8211; I &#8211; E &#8211; P Einsatzzweck F\u00fcr [&hellip;]<\/p>\n","protected":false},"featured_media":23039,"comment_status":"closed","ping_status":"closed","template":"","meta":[],"class_list":["post-23038","product","type-product","status-publish","has-post-thumbnail","hentry","product_cat-fahrzeugpflege-2","product_cat-motor"],"_links":{"self":[{"href":"https:\/\/www.liqui-moly-shop.ch\/index.php\/wp-json\/wp\/v2\/product\/23038","targetHints":{"allow":["GET"]}}],"collection":[{"href":"https:\/\/www.liqui-moly-shop.ch\/index.php\/wp-json\/wp\/v2\/product"}],"about":[{"href":"https:\/\/www.liqui-moly-shop.ch\/index.php\/wp-json\/wp\/v2\/types\/product"}],"replies":[{"embeddable":true,"href":"https:\/\/www.liqui-moly-shop.ch\/index.php\/wp-json\/wp\/v2\/comments?post=23038"}],"wp:featuredmedia":[{"embeddable":true,"href":"https:\/\/www.liqui-moly-shop.ch\/index.php\/wp-json\/wp\/v2\/media\/23039"}],"wp:attachment":[{"href":"https:\/\/www.liqui-moly-shop.ch\/index.php\/wp-json\/wp\/v2\/media?parent=23038"}],"curies":[{"name":"wp","href":"https:\/\/api.w.org\/{rel}","templated":true}]}}