{"id":23047,"date":"2018-07-17T00:00:00","date_gmt":"2018-07-17T00:00:00","guid":{"rendered":"https:\/\/dev.liqui-moly-shop.ch\/index.php\/product\/frostschutz-fuer-druckluftbremsen\/"},"modified":"2023-12-13T13:21:57","modified_gmt":"2023-12-13T13:21:57","slug":"frostschutz-fuer-druckluftbremsen","status":"publish","type":"product","link":"https:\/\/www.liqui-moly-shop.ch\/index.php\/product\/frostschutz-fuer-druckluftbremsen\/","title":{"rendered":"Frostschutz f\u00fcr Druckluftbremsen"},"content":{"rendered":"<h3>Frostschutz f\u00fcr Druckluftbremsen<\/h3>\n<p>Wirkstoffkombination aus aliphatischen Alkoholen und Korrosionsschutzmitteln. Ethanolfrei. Verhindert das Einfrieren von Kondenswasser in der Druckluftbremsanlage. Sch\u00fctzt die Bremsanlage vor Korrosion und verbessert die Schmierung der Ventile. Verhindert Verh\u00e4rtung der Gummiteile. Gew\u00e4hrleistet selbst bei tiefen Temperaturen eine sichere Funktion der Bremsanlage.<\/p>\n<p><!-- --><\/p>\n<table id=\"detail\">\n<tbody>\n<tr>\n<td class=\"left\" valign=\"top\">Artikelnummer:<\/td>\n<td class=\"right\" valign=\"top\">1828<\/td>\n<\/tr>\n<tr>\n<td class=\"left\" valign=\"top\">Gebinde:<\/td>\n<td class=\"right\" valign=\"top\">1 l Dose Blech<\/td>\n<\/tr>\n<tr>\n<td class=\"left\" valign=\"top\">Paletteninhalt:<\/td>\n<td class=\"right\" valign=\"top\">630<\/td>\n<\/tr>\n<tr>\n<td class=\"left\" valign=\"top\">VPE:<\/td>\n<td class=\"right\" valign=\"top\">6 STK<\/td>\n<\/tr>\n<tr>\n<td class=\"left\" valign=\"top\">Sprache:<\/td>\n<td class=\"right\" valign=\"top\">D &#8211; GB &#8211; GR &#8211; I<\/td>\n<\/tr>\n<\/tbody>\n<\/table>\n<h3 class=\"detail\">Einsatzzweck<\/h3>\n<p>F\u00fcr alle Druckluftbremsanlagen geeignet, die im Bremssystem einen Beh\u00e4lter zum Einf\u00fcllen des Frostschutzes verbaut haben.<\/p>\n<div class=\"d-flex justify-content-md-center gap-1\"><img decoding=\"async\" title=\"ghs02\" src=\"https:\/\/liquimoly.cloudimg.io\/v7\/https:\/\/www.liqui-moly.com\/static\/version1702332212\/frontend\/limo\/base\/de_DE\/images\/info\/ghs02.png\" alt=\"ghs02\" width=\"35px\" height=\"35px\" \/><img decoding=\"async\" title=\"ghs07\" src=\"https:\/\/liquimoly.cloudimg.io\/v7\/https:\/\/www.liqui-moly.com\/static\/version1702332212\/frontend\/limo\/base\/de_DE\/images\/info\/ghs07.png\" alt=\"ghs07\" width=\"35px\" height=\"35px\" \/><\/div>\n<div class=\"text-md-center text-muted ps-md-2 pe-md-2\"><strong>Gefahr<\/strong><\/p>\n<ul class=\"info-text m-0 p-0\">\n<li>H225 Fl\u00fcssigkeit und Dampf leicht entz\u00fcndbar.<\/li>\n<li>H315 Verursacht Hautreizungen.<\/li>\n<li>H319 Verursacht schwere Augenreizung.<\/li>\n<li>H336 Kann Schl\u00e4frigkeit und Benommenheit verursachen.<\/li>\n<\/ul>\n<\/div>\n<p>Wenn Sie Fragen rund um die Liqui Moly Produkte haben sollten, z\u00f6gern Sie nicht und kontaktieren Sie uns. Gerne stehen wir Ihnen jederzeit gerne zur Verf\u00fcgung.<\/p>\n","protected":false},"excerpt":{"rendered":"<p>Frostschutz f\u00fcr Druckluftbremsen Wirkstoffkombination aus aliphatischen Alkoholen und Korrosionsschutzmitteln. Ethanolfrei. Verhindert das Einfrieren von Kondenswasser in der Druckluftbremsanlage. Sch\u00fctzt die Bremsanlage vor Korrosion und verbessert die Schmierung der Ventile. Verhindert Verh\u00e4rtung der Gummiteile. Gew\u00e4hrleistet selbst bei tiefen Temperaturen eine sichere Funktion der Bremsanlage. Artikelnummer: 1828 Gebinde: 1 l Dose Blech Paletteninhalt: 630 VPE: 6 STK [&hellip;]<\/p>\n","protected":false},"featured_media":23048,"comment_status":"closed","ping_status":"closed","template":"","meta":[],"class_list":["post-23047","product","type-product","status-publish","has-post-thumbnail","hentry","product_cat-fahrzeugpflege-2","product_cat-winterprodukte"],"_links":{"self":[{"href":"https:\/\/www.liqui-moly-shop.ch\/index.php\/wp-json\/wp\/v2\/product\/23047","targetHints":{"allow":["GET"]}}],"collection":[{"href":"https:\/\/www.liqui-moly-shop.ch\/index.php\/wp-json\/wp\/v2\/product"}],"about":[{"href":"https:\/\/www.liqui-moly-shop.ch\/index.php\/wp-json\/wp\/v2\/types\/product"}],"replies":[{"embeddable":true,"href":"https:\/\/www.liqui-moly-shop.ch\/index.php\/wp-json\/wp\/v2\/comments?post=23047"}],"wp:featuredmedia":[{"embeddable":true,"href":"https:\/\/www.liqui-moly-shop.ch\/index.php\/wp-json\/wp\/v2\/media\/23048"}],"wp:attachment":[{"href":"https:\/\/www.liqui-moly-shop.ch\/index.php\/wp-json\/wp\/v2\/media?parent=23047"}],"curies":[{"name":"wp","href":"https:\/\/api.w.org\/{rel}","templated":true}]}}