{"id":23053,"date":"2018-07-17T00:00:00","date_gmt":"2018-07-17T00:00:00","guid":{"rendered":"https:\/\/dev.liqui-moly-shop.ch\/index.php\/product\/pflege-spray-fuer-garten-geraete\/"},"modified":"2024-02-21T15:36:14","modified_gmt":"2024-02-21T15:36:14","slug":"pflege-spray-fuer-garten-geraete","status":"publish","type":"product","link":"https:\/\/www.liqui-moly-shop.ch\/index.php\/product\/pflege-spray-fuer-garten-geraete\/","title":{"rendered":"Pflege-Spray f\u00fcr Garten-Ger\u00e4te"},"content":{"rendered":"<h3>Pflege-Spray f\u00fcr Garten-Ger\u00e4te<\/h3>\n<p>H\u00e4lt bewegliche Teile dauerhaft leichtg\u00e4ngig. Verhindert Quietschger\u00e4usche. Sch\u00fctzt bei der \u00dcberwinterung alle Metallteile vor Korrosion. Neutral gegen\u00fcber Kunststoffen, Lacken, Metallen und Holz. F\u00fcr leichteren Lauf von Rasenkantenschneidern, Heckenscheren usw. Auf pflanzlicher Basis, daher umweltfreundlich.<\/p>\n<p><!-- --><\/p>\n<table id=\"detail\">\n<tbody>\n<tr>\n<td class=\"left\" valign=\"top\">Artikelnummer:<\/td>\n<td class=\"right\" valign=\"top\">1615<\/td>\n<\/tr>\n<tr>\n<td class=\"left\" valign=\"top\">Gebinde:<\/td>\n<td class=\"right\" valign=\"top\">300 ml Dose Aerosol<\/td>\n<\/tr>\n<tr>\n<td class=\"left\" valign=\"top\">Paletteninhalt:<\/td>\n<td class=\"right\" valign=\"top\">1140<\/td>\n<\/tr>\n<tr>\n<td class=\"left\" valign=\"top\">VPE:<\/td>\n<td class=\"right\" valign=\"top\">6 STK<\/td>\n<\/tr>\n<tr>\n<td class=\"left\" valign=\"top\">Sprache:<\/td>\n<td class=\"right\" valign=\"top\">D &#8211; GB &#8211; I &#8211; E &#8211; P<\/td>\n<\/tr>\n<\/tbody>\n<\/table>\n<h3 class=\"detail\">Einsatzzweck<\/h3>\n<p>Schmiert, sch\u00fctzt und pflegt Gartenger\u00e4te wie Rasenkantenschneider, Heckenscheren usw.<\/p>\n<p>Wenn Sie Fragen rund um die Liqui Moly Produkte haben sollten, z\u00f6gern Sie nicht und kontaktieren Sie uns. Gerne stehen wir Ihnen jederzeit gerne zur Verf\u00fcgung.<\/p>\n","protected":false},"excerpt":{"rendered":"<p>Pflege-Spray f\u00fcr Garten-Ger\u00e4te H\u00e4lt bewegliche Teile dauerhaft leichtg\u00e4ngig. Verhindert Quietschger\u00e4usche. Sch\u00fctzt bei der \u00dcberwinterung alle Metallteile vor Korrosion. Neutral gegen\u00fcber Kunststoffen, Lacken, Metallen und Holz. F\u00fcr leichteren Lauf von Rasenkantenschneidern, Heckenscheren usw. Auf pflanzlicher Basis, daher umweltfreundlich. Artikelnummer: 1615 Gebinde: 300 ml Dose Aerosol Paletteninhalt: 1140 VPE: 6 STK Sprache: D &#8211; GB &#8211; I [&hellip;]<\/p>\n","protected":false},"featured_media":23054,"comment_status":"closed","ping_status":"closed","template":"","meta":[],"class_list":["post-23053","product","type-product","status-publish","has-post-thumbnail","hentry","product_cat-gartenprodukte","product_cat-pflegeprodukte-gartenprodukte"],"_links":{"self":[{"href":"https:\/\/www.liqui-moly-shop.ch\/index.php\/wp-json\/wp\/v2\/product\/23053","targetHints":{"allow":["GET"]}}],"collection":[{"href":"https:\/\/www.liqui-moly-shop.ch\/index.php\/wp-json\/wp\/v2\/product"}],"about":[{"href":"https:\/\/www.liqui-moly-shop.ch\/index.php\/wp-json\/wp\/v2\/types\/product"}],"replies":[{"embeddable":true,"href":"https:\/\/www.liqui-moly-shop.ch\/index.php\/wp-json\/wp\/v2\/comments?post=23053"}],"wp:featuredmedia":[{"embeddable":true,"href":"https:\/\/www.liqui-moly-shop.ch\/index.php\/wp-json\/wp\/v2\/media\/23054"}],"wp:attachment":[{"href":"https:\/\/www.liqui-moly-shop.ch\/index.php\/wp-json\/wp\/v2\/media?parent=23053"}],"curies":[{"name":"wp","href":"https:\/\/api.w.org\/{rel}","templated":true}]}}