{"id":23056,"date":"2018-07-17T00:00:00","date_gmt":"2018-07-17T00:00:00","guid":{"rendered":"https:\/\/dev.liqui-moly-shop.ch\/index.php\/product\/2-takt-motorsaegen-oel\/"},"modified":"2024-02-21T10:29:30","modified_gmt":"2024-02-21T10:29:30","slug":"2-takt-motorsaegen-oel","status":"publish","type":"product","link":"https:\/\/www.liqui-moly-shop.ch\/index.php\/product\/2-takt-motorsaegen-oel\/","title":{"rendered":"2-Takt-Motors\u00e4gen-\u00d6l"},"content":{"rendered":"<h3>2-Takt-Motors\u00e4gen-\u00d6l<\/h3>\n<p>Hochwertiges und leistungsf\u00e4higes Motor\u00f6l, das speziell f\u00fcr die Schmierung luftgek\u00fchlter 2-Takt-Motoren entwickelt wurde. \u00dcbertrifft die harten Anforderungen der f\u00fchrenden Motors\u00e4genhersteller. Mit API-TC. F\u00fcr optimale Schmierung und Verschlei\u00dfschutz auch unter h\u00e4rtesten Bedingungen. Mit wirksamem Korrosionsschutz. Sorgt f\u00fcr einen sauberen Motor. Kat-getestet.<\/p>\n<p><!-- --><\/p>\n<table id=\"detail\">\n<tbody>\n<tr>\n<td class=\"left\" valign=\"top\">Artikelnummer:<\/td>\n<td class=\"right\" valign=\"top\">1282<\/td>\n<\/tr>\n<tr>\n<td class=\"left\" valign=\"top\">Gebinde:<\/td>\n<td class=\"right\" valign=\"top\">1 l Kanister Kunststoff<\/td>\n<\/tr>\n<tr>\n<td class=\"left\" valign=\"top\">Paletteninhalt:<\/td>\n<td class=\"right\" valign=\"top\">600<\/td>\n<\/tr>\n<tr>\n<td class=\"left\" valign=\"top\">VPE:<\/td>\n<td class=\"right\" valign=\"top\">6 STK<\/td>\n<\/tr>\n<tr>\n<td class=\"left\" valign=\"top\">Sprache:<\/td>\n<td class=\"right\" valign=\"top\">D<\/td>\n<\/tr>\n<\/tbody>\n<\/table>\n<h3 class=\"detail\">Einsatzzweck<\/h3>\n<p>F\u00fcr Hochleistungsmotors\u00e4gen mit und ohne Katalysator. Sehr gut mischbar mit Kraftstoffen. Die Mischungsverh\u00e4ltnisse der Hersteller sind zu beachten.<\/p>\n<h3 class=\"detail\">Spezifikationen und Freigaben<\/h3>\n<p>API TC<\/p>\n<ul class=\"info-text m-0 p-0\">\n<li>EUH210 Sicherheitsdatenblatt auf Anfrage erh\u00e4ltlich.<\/li>\n<\/ul>\n<p>Wenn Sie Fragen rund um die Liqui Moly Produkte haben sollten, z\u00f6gern Sie nicht und kontaktieren Sie uns. Gerne stehen wir Ihnen jederzeit gerne zur Verf\u00fcgung.<\/p>\n","protected":false},"excerpt":{"rendered":"<p>2-Takt-Motors\u00e4gen-\u00d6l Hochwertiges und leistungsf\u00e4higes Motor\u00f6l, das speziell f\u00fcr die Schmierung luftgek\u00fchlter 2-Takt-Motoren entwickelt wurde. \u00dcbertrifft die harten Anforderungen der f\u00fchrenden Motors\u00e4genhersteller. Mit API-TC. F\u00fcr optimale Schmierung und Verschlei\u00dfschutz auch unter h\u00e4rtesten Bedingungen. Mit wirksamem Korrosionsschutz. Sorgt f\u00fcr einen sauberen Motor. Kat-getestet. Artikelnummer: 1282 Gebinde: 1 l Kanister Kunststoff Paletteninhalt: 600 VPE: 6 STK Sprache: D [&hellip;]<\/p>\n","protected":false},"featured_media":23057,"comment_status":"closed","ping_status":"closed","template":"","meta":[],"class_list":["post-23056","product","type-product","status-publish","has-post-thumbnail","hentry","product_cat-gartenprodukte","product_cat-schmierstoffe-gartenprodukte"],"_links":{"self":[{"href":"https:\/\/www.liqui-moly-shop.ch\/index.php\/wp-json\/wp\/v2\/product\/23056","targetHints":{"allow":["GET"]}}],"collection":[{"href":"https:\/\/www.liqui-moly-shop.ch\/index.php\/wp-json\/wp\/v2\/product"}],"about":[{"href":"https:\/\/www.liqui-moly-shop.ch\/index.php\/wp-json\/wp\/v2\/types\/product"}],"replies":[{"embeddable":true,"href":"https:\/\/www.liqui-moly-shop.ch\/index.php\/wp-json\/wp\/v2\/comments?post=23056"}],"wp:featuredmedia":[{"embeddable":true,"href":"https:\/\/www.liqui-moly-shop.ch\/index.php\/wp-json\/wp\/v2\/media\/23057"}],"wp:attachment":[{"href":"https:\/\/www.liqui-moly-shop.ch\/index.php\/wp-json\/wp\/v2\/media?parent=23056"}],"curies":[{"name":"wp","href":"https:\/\/api.w.org\/{rel}","templated":true}]}}