{"id":23059,"date":"2018-07-17T00:00:00","date_gmt":"2018-07-17T00:00:00","guid":{"rendered":"https:\/\/dev.liqui-moly-shop.ch\/index.php\/product\/2-takt-motoroil\/"},"modified":"2023-10-09T11:51:00","modified_gmt":"2023-10-09T11:51:00","slug":"2-takt-motoroil","status":"publish","type":"product","link":"https:\/\/www.liqui-moly-shop.ch\/index.php\/product\/2-takt-motoroil\/","title":{"rendered":"2-Takt-Motoroil"},"content":{"rendered":"<h3>2-Takt-Motoroil<\/h3>\n<p>Hochwertiges, teilsynthetisches 2-Takt-Motor\u00f6l f\u00fcr den Einsatz in s\u00e4mtlichen 2-Takt-Motoren. Sichert die Funktionsf\u00e4higkeit des Motors und sorgt f\u00fcr maximale Lebensdauer. Selbstmischend. Ausgew\u00e4hlte mineralische und synthetische Grund\u00f6le in Kombination mit modernster Additivtechnologie erm\u00f6glichen eine r\u00fcckstandsfreie Verbrennung und halten somit den Motor sauber. Der Motor wird optimal vor Verschlei\u00df gesch\u00fctzt.<\/p>\n<p><!-- --><\/p>\n<table id=\"detail\">\n<tbody>\n<tr>\n<td class=\"left\" valign=\"top\">Artikelnummer:<\/td>\n<td class=\"right\" valign=\"top\">1029<\/td>\n<\/tr>\n<tr>\n<td class=\"left\" valign=\"top\">Gebinde:<\/td>\n<td class=\"right\" valign=\"top\">100 ml Dosierflasche Kunststoff<\/td>\n<\/tr>\n<tr>\n<td class=\"left\" valign=\"top\">Paletteninhalt:<\/td>\n<td class=\"right\" valign=\"top\">4800<\/td>\n<\/tr>\n<tr>\n<td class=\"left\" valign=\"top\">VPE:<\/td>\n<td class=\"right\" valign=\"top\">50 STK<\/td>\n<\/tr>\n<tr>\n<td class=\"left\" valign=\"top\">Sprache:<\/td>\n<td class=\"right\" valign=\"top\">D<\/td>\n<\/tr>\n<\/tbody>\n<\/table>\n<h3 class=\"detail\">Einsatzzweck<\/h3>\n<p>F\u00fcr Getrennt- und Gemischschmierung in Motorr\u00e4dern, Mopeds, Rasenm\u00e4hern, Motors\u00e4gen und Notstromaggregaten. Mischungsverh\u00e4ltnis bis 1:50.<\/p>\n<h3 class=\"detail\">Spezifikationen und Freigaben<\/h3>\n<p>API TC ; ISO L-EGC ; JASO FC ; TISI (Thailand International Standards Institute)<\/p>\n<div class=\"content-row content-standalone bg-light py-5 py-lg-6 variantswitch-sku-1029\">\n<div class=\"ghs-information container fs-11\">\n<div class=\"d-grid gap-3\">\n<div class=\"text-md-center text-muted ps-md-2 pe-md-2\">\n<ul class=\"info-text m-0 p-0\">\n<li>EUH210 Sicherheitsdatenblatt auf Anfrage erh\u00e4ltlich.<\/li>\n<\/ul>\n<\/div>\n<\/div>\n<\/div>\n<\/div>\n<div class=\"container\">\n<div class=\"content-tabs-wrapper content-tabs-container content-row product info detailed mage-tabs-disabled\">\n<div class=\"horizontal-scroll horizontal-scroll--fade-out\" data-limo-observe-movement=\"\">\n<ul class=\"nav content-tabs scroll-snap-x flex-nowrap\" data-limo-observe-tabs=\"\">\n<li class=\"d-inline-block nav-item px-2_5\" role=\"tablist\"><\/li>\n<\/ul>\n<\/div>\n<\/div>\n<\/div>\n<p>Wenn Sie Fragen rund um die Liqui Moly Produkte haben sollten, z\u00f6gern Sie nicht und kontaktieren Sie uns. Gerne stehen wir Ihnen jederzeit gerne zur Verf\u00fcgung.<\/p>\n","protected":false},"excerpt":{"rendered":"<p>2-Takt-Motoroil Hochwertiges, teilsynthetisches 2-Takt-Motor\u00f6l f\u00fcr den Einsatz in s\u00e4mtlichen 2-Takt-Motoren. Sichert die Funktionsf\u00e4higkeit des Motors und sorgt f\u00fcr maximale Lebensdauer. Selbstmischend. Ausgew\u00e4hlte mineralische und synthetische Grund\u00f6le in Kombination mit modernster Additivtechnologie erm\u00f6glichen eine r\u00fcckstandsfreie Verbrennung und halten somit den Motor sauber. Der Motor wird optimal vor Verschlei\u00df gesch\u00fctzt. Artikelnummer: 1029 Gebinde: 100 ml Dosierflasche Kunststoff [&hellip;]<\/p>\n","protected":false},"featured_media":23060,"comment_status":"closed","ping_status":"closed","template":"","meta":[],"class_list":["post-23059","product","type-product","status-publish","has-post-thumbnail","hentry","product_cat-gartenprodukte","product_cat-schmierstoffe-gartenprodukte"],"_links":{"self":[{"href":"https:\/\/www.liqui-moly-shop.ch\/index.php\/wp-json\/wp\/v2\/product\/23059","targetHints":{"allow":["GET"]}}],"collection":[{"href":"https:\/\/www.liqui-moly-shop.ch\/index.php\/wp-json\/wp\/v2\/product"}],"about":[{"href":"https:\/\/www.liqui-moly-shop.ch\/index.php\/wp-json\/wp\/v2\/types\/product"}],"replies":[{"embeddable":true,"href":"https:\/\/www.liqui-moly-shop.ch\/index.php\/wp-json\/wp\/v2\/comments?post=23059"}],"wp:featuredmedia":[{"embeddable":true,"href":"https:\/\/www.liqui-moly-shop.ch\/index.php\/wp-json\/wp\/v2\/media\/23060"}],"wp:attachment":[{"href":"https:\/\/www.liqui-moly-shop.ch\/index.php\/wp-json\/wp\/v2\/media?parent=23059"}],"curies":[{"name":"wp","href":"https:\/\/api.w.org\/{rel}","templated":true}]}}