{"id":23065,"date":"2018-07-17T00:00:00","date_gmt":"2018-07-17T00:00:00","guid":{"rendered":"https:\/\/dev.liqui-moly-shop.ch\/index.php\/product\/universal-gartengeraete-oel-10w-30\/"},"modified":"2024-02-21T13:18:11","modified_gmt":"2024-02-21T13:18:11","slug":"universal-gartengeraete-oel-10w-30","status":"publish","type":"product","link":"https:\/\/www.liqui-moly-shop.ch\/index.php\/product\/universal-gartengeraete-oel-10w-30\/","title":{"rendered":"Universal Gartenger\u00e4te-\u00d6l 10W-30"},"content":{"rendered":"<h3>Universal Gartenger\u00e4te-\u00d6l 10W-30<\/h3>\n<p>Modernes Mehrbereichsmotor\u00f6l f\u00fcr den Ganzjahreseinsatz. Ausgew\u00e4hlte Grund\u00f6le und ein hoher Gehalt an Additiven gew\u00e4hrleisten optimale Motorsauberkeit sowie eine hervorragende Schmierwirkung selbst unter erschwerten Betriebsbedingungen.<\/p>\n<p><!-- --><\/p>\n<table id=\"detail\">\n<tbody>\n<tr>\n<td class=\"left\" valign=\"top\">Artikelnummer:<\/td>\n<td class=\"right\" valign=\"top\">1273<\/td>\n<\/tr>\n<tr>\n<td class=\"left\" valign=\"top\">Gebinde:<\/td>\n<td class=\"right\" valign=\"top\">1 l Kanister Kunststoff<\/td>\n<\/tr>\n<tr>\n<td class=\"left\" valign=\"top\">Paletteninhalt:<\/td>\n<td class=\"right\" valign=\"top\">576<\/td>\n<\/tr>\n<tr>\n<td class=\"left\" valign=\"top\">VPE:<\/td>\n<td class=\"right\" valign=\"top\">6 STK<\/td>\n<\/tr>\n<tr>\n<td class=\"left\" valign=\"top\">Sprache:<\/td>\n<td class=\"right\" valign=\"top\">D<\/td>\n<\/tr>\n<\/tbody>\n<\/table>\n<h3 class=\"detail\">Einsatzzweck<\/h3>\n<p>F\u00fcr 4-Takt-Motoren in\u00a0Rasenm\u00e4hern, Notstromaggregaten, Aufsitzm\u00e4hern, Motorh\u00e4ckslern, Motorfr\u00e4sen, Vertikutierern, Motorsensen, Hochdruckreinigern, Schneefr\u00e4sen usw.<\/p>\n<h3 class=\"detail\">Spezifikationen und Freigaben<\/h3>\n<p>ACEA A3 ; ACEA B3 ; API CF ; API SG ; API SH ; API SJ<\/p>\n<ul class=\"info-text m-0 p-0\">\n<li>EUH210 Sicherheitsdatenblatt auf Anfrage erh\u00e4ltlich.<\/li>\n<\/ul>\n<p>Wenn Sie Fragen rund um die Liqui Moly Produkte haben sollten, z\u00f6gern Sie nicht und kontaktieren Sie uns. Gerne stehen wir Ihnen jederzeit gerne zur Verf\u00fcgung.<\/p>\n","protected":false},"excerpt":{"rendered":"<p>Universal Gartenger\u00e4te-\u00d6l 10W-30 Modernes Mehrbereichsmotor\u00f6l f\u00fcr den Ganzjahreseinsatz. Ausgew\u00e4hlte Grund\u00f6le und ein hoher Gehalt an Additiven gew\u00e4hrleisten optimale Motorsauberkeit sowie eine hervorragende Schmierwirkung selbst unter erschwerten Betriebsbedingungen. Artikelnummer: 1273 Gebinde: 1 l Kanister Kunststoff Paletteninhalt: 576 VPE: 6 STK Sprache: D Einsatzzweck F\u00fcr 4-Takt-Motoren in\u00a0Rasenm\u00e4hern, Notstromaggregaten, Aufsitzm\u00e4hern, Motorh\u00e4ckslern, Motorfr\u00e4sen, Vertikutierern, Motorsensen, Hochdruckreinigern, Schneefr\u00e4sen usw. Spezifikationen [&hellip;]<\/p>\n","protected":false},"featured_media":23066,"comment_status":"closed","ping_status":"closed","template":"","meta":[],"class_list":["post-23065","product","type-product","status-publish","has-post-thumbnail","hentry","product_cat-gartenprodukte","product_cat-schmierstoffe-gartenprodukte"],"_links":{"self":[{"href":"https:\/\/www.liqui-moly-shop.ch\/index.php\/wp-json\/wp\/v2\/product\/23065","targetHints":{"allow":["GET"]}}],"collection":[{"href":"https:\/\/www.liqui-moly-shop.ch\/index.php\/wp-json\/wp\/v2\/product"}],"about":[{"href":"https:\/\/www.liqui-moly-shop.ch\/index.php\/wp-json\/wp\/v2\/types\/product"}],"replies":[{"embeddable":true,"href":"https:\/\/www.liqui-moly-shop.ch\/index.php\/wp-json\/wp\/v2\/comments?post=23065"}],"wp:featuredmedia":[{"embeddable":true,"href":"https:\/\/www.liqui-moly-shop.ch\/index.php\/wp-json\/wp\/v2\/media\/23066"}],"wp:attachment":[{"href":"https:\/\/www.liqui-moly-shop.ch\/index.php\/wp-json\/wp\/v2\/media?parent=23065"}],"curies":[{"name":"wp","href":"https:\/\/api.w.org\/{rel}","templated":true}]}}