{"id":23071,"date":"2018-07-17T00:00:00","date_gmt":"2018-07-17T00:00:00","guid":{"rendered":"https:\/\/dev.liqui-moly-shop.ch\/index.php\/product\/saege-kettenoel-100\/"},"modified":"2024-02-21T15:34:20","modified_gmt":"2024-02-21T15:34:20","slug":"saege-kettenoel-100","status":"publish","type":"product","link":"https:\/\/www.liqui-moly-shop.ch\/index.php\/product\/saege-kettenoel-100\/","title":{"rendered":"S\u00e4ge-Ketten\u00f6l 100"},"content":{"rendered":"<h3>S\u00e4ge-Ketten\u00f6l 100<\/h3>\n<p>Mineralisches Hochleistungs\u00f6l ausgew\u00e4hlter Grund\u00f6le zur Durchlaufverlustschmierung. Das hervorragende Haftverm\u00f6gen und die optimale Schmierf\u00e4higkeit garantieren, dass alle beweglichen Teile wie Kettenglieder und -gelenke optimal geschmiert und vor Verschlei\u00df gesch\u00fctzt werden. Das g\u00fcnstige Viskosit\u00e4tstemperaturverhalten gew\u00e4hrleistet den Ganzjahreseinsatz bei hohen und tiefen Au\u00dfentemperaturen.<\/p>\n<p><!-- --><\/p>\n<table id=\"detail\">\n<tbody>\n<tr>\n<td class=\"left\" valign=\"top\">Artikelnummer:<\/td>\n<td class=\"right\" valign=\"top\">1277<\/td>\n<\/tr>\n<tr>\n<td class=\"left\" valign=\"top\">Gebinde:<\/td>\n<td class=\"right\" valign=\"top\">1 l Kanister Kunststoff<\/td>\n<\/tr>\n<tr>\n<td class=\"left\" valign=\"top\">Paletteninhalt:<\/td>\n<td class=\"right\" valign=\"top\">600<\/td>\n<\/tr>\n<tr>\n<td class=\"left\" valign=\"top\">VPE:<\/td>\n<td class=\"right\" valign=\"top\">6 STK<\/td>\n<\/tr>\n<tr>\n<td class=\"left\" valign=\"top\">Sprache:<\/td>\n<td class=\"right\" valign=\"top\">D<\/td>\n<\/tr>\n<\/tbody>\n<\/table>\n<h3 class=\"detail\">Einsatzzweck<\/h3>\n<p>Zur Kettenschmierung aller Hochleistungsmotors\u00e4gen sowie S\u00e4gegatter. F\u00fcr extreme Einsatzbedingungen wie z. B. S\u00e4gen von Hartholz.<\/p>\n<p>Wenn Sie Fragen rund um die Liqui Moly Produkte haben sollten, z\u00f6gern Sie nicht und kontaktieren Sie uns. Gerne stehen wir Ihnen jederzeit gerne zur Verf\u00fcgung.<\/p>\n","protected":false},"excerpt":{"rendered":"<p>S\u00e4ge-Ketten\u00f6l 100 Mineralisches Hochleistungs\u00f6l ausgew\u00e4hlter Grund\u00f6le zur Durchlaufverlustschmierung. Das hervorragende Haftverm\u00f6gen und die optimale Schmierf\u00e4higkeit garantieren, dass alle beweglichen Teile wie Kettenglieder und -gelenke optimal geschmiert und vor Verschlei\u00df gesch\u00fctzt werden. Das g\u00fcnstige Viskosit\u00e4tstemperaturverhalten gew\u00e4hrleistet den Ganzjahreseinsatz bei hohen und tiefen Au\u00dfentemperaturen. Artikelnummer: 1277 Gebinde: 1 l Kanister Kunststoff Paletteninhalt: 600 VPE: 6 STK Sprache: [&hellip;]<\/p>\n","protected":false},"featured_media":23072,"comment_status":"closed","ping_status":"closed","template":"","meta":[],"class_list":["post-23071","product","type-product","status-publish","has-post-thumbnail","hentry","product_cat-gartenprodukte","product_cat-schmierstoffe-gartenprodukte"],"_links":{"self":[{"href":"https:\/\/www.liqui-moly-shop.ch\/index.php\/wp-json\/wp\/v2\/product\/23071","targetHints":{"allow":["GET"]}}],"collection":[{"href":"https:\/\/www.liqui-moly-shop.ch\/index.php\/wp-json\/wp\/v2\/product"}],"about":[{"href":"https:\/\/www.liqui-moly-shop.ch\/index.php\/wp-json\/wp\/v2\/types\/product"}],"replies":[{"embeddable":true,"href":"https:\/\/www.liqui-moly-shop.ch\/index.php\/wp-json\/wp\/v2\/comments?post=23071"}],"wp:featuredmedia":[{"embeddable":true,"href":"https:\/\/www.liqui-moly-shop.ch\/index.php\/wp-json\/wp\/v2\/media\/23072"}],"wp:attachment":[{"href":"https:\/\/www.liqui-moly-shop.ch\/index.php\/wp-json\/wp\/v2\/media?parent=23071"}],"curies":[{"name":"wp","href":"https:\/\/api.w.org\/{rel}","templated":true}]}}