{"id":23080,"date":"2018-07-17T00:00:00","date_gmt":"2018-07-17T00:00:00","guid":{"rendered":"https:\/\/dev.liqui-moly-shop.ch\/index.php\/product\/lm-pu-53-wdr-fett\/"},"modified":"2018-07-17T00:00:00","modified_gmt":"2018-07-17T00:00:00","slug":"lm-pu-53-wdr-fett","status":"publish","type":"product","link":"https:\/\/www.liqui-moly-shop.ch\/index.php\/product\/lm-pu-53-wdr-fett\/","title":{"rendered":"LM PU 53\/WDR-Fett"},"content":{"rendered":"<h3>LM PU 53\/WDR-Fett<\/h3>\n<p>Speziell f\u00fcr die Lebensdauerschmierung von Wellendichtringen. Mit den \u00fcblichen Dichtungsmaterialien weitgehendst vertr\u00e4glich. Entspricht der Fettkennzeichnung nach DIN 51 502: MPX0\/1N-35<\/p>\n<p><!-- --><\/p>\n<table id=\"detail\">\n<tbody>\n<tr>\n<td class=\"left\" valign=\"top\">Artikelnummer:<\/td>\n<td class=\"right\" valign=\"top\">3410<\/td>\n<\/tr>\n<tr>\n<td class=\"left\" valign=\"top\">Gebinde:<\/td>\n<td class=\"right\" valign=\"top\">5 kg Eimer Kunststoff<\/td>\n<\/tr>\n<tr>\n<td class=\"left\" valign=\"top\">Paletteninhalt:<\/td>\n<td class=\"right\" valign=\"top\">48<\/td>\n<\/tr>\n<tr>\n<td class=\"left\" valign=\"top\">VPE:<\/td>\n<td class=\"right\" valign=\"top\">1 STK<\/td>\n<\/tr>\n<tr>\n<td class=\"left\" valign=\"top\">Sprache:<\/td>\n<td class=\"right\" valign=\"top\">D &#8211; GB<\/td>\n<\/tr>\n<\/tbody>\n<\/table>\n<h3 class=\"detail\">Einsatzzweck<\/h3>\n<p>In Werkst\u00e4tten beim Ersatz und Montage von Wellendichtringen. Entspricht VW TL 52128.<\/p>\n<h3 class=\"detail\">Spezifikationen und Freigaben<\/h3>\n<p>VW G 052 128<\/p>\n<p>Wenn Sie Fragen rund um die Liqui Moly Produkte haben sollten, z\u00f6gern Sie nicht und kontaktieren Sie uns. Gerne stehen wir Ihnen jederzeit gerne zur Verf\u00fcgung.<\/p>\n","protected":false},"excerpt":{"rendered":"<p>LM PU 53\/WDR-Fett Speziell f\u00fcr die Lebensdauerschmierung von Wellendichtringen. Mit den \u00fcblichen Dichtungsmaterialien weitgehendst vertr\u00e4glich. Entspricht der Fettkennzeichnung nach DIN 51 502: MPX0\/1N-35 Artikelnummer: 3410 Gebinde: 5 kg Eimer Kunststoff Paletteninhalt: 48 VPE: 1 STK Sprache: D &#8211; GB Einsatzzweck In Werkst\u00e4tten beim Ersatz und Montage von Wellendichtringen. Entspricht VW TL 52128. Spezifikationen und Freigaben [&hellip;]<\/p>\n","protected":false},"featured_media":23081,"comment_status":"closed","ping_status":"closed","template":"","meta":[],"class_list":["post-23080","product","type-product","status-publish","has-post-thumbnail","hentry","product_cat-fette-industrieprodukte","product_cat-industrieprodukte","product_cat-polyharnstoff-fette"],"_links":{"self":[{"href":"https:\/\/www.liqui-moly-shop.ch\/index.php\/wp-json\/wp\/v2\/product\/23080","targetHints":{"allow":["GET"]}}],"collection":[{"href":"https:\/\/www.liqui-moly-shop.ch\/index.php\/wp-json\/wp\/v2\/product"}],"about":[{"href":"https:\/\/www.liqui-moly-shop.ch\/index.php\/wp-json\/wp\/v2\/types\/product"}],"replies":[{"embeddable":true,"href":"https:\/\/www.liqui-moly-shop.ch\/index.php\/wp-json\/wp\/v2\/comments?post=23080"}],"wp:featuredmedia":[{"embeddable":true,"href":"https:\/\/www.liqui-moly-shop.ch\/index.php\/wp-json\/wp\/v2\/media\/23081"}],"wp:attachment":[{"href":"https:\/\/www.liqui-moly-shop.ch\/index.php\/wp-json\/wp\/v2\/media?parent=23080"}],"curies":[{"name":"wp","href":"https:\/\/api.w.org\/{rel}","templated":true}]}}