{"id":23085,"date":"2018-07-17T00:00:00","date_gmt":"2018-07-17T00:00:00","guid":{"rendered":"https:\/\/dev.liqui-moly-shop.ch\/index.php\/product\/thermoflex-spezialfett\/"},"modified":"2018-07-17T00:00:00","modified_gmt":"2018-07-17T00:00:00","slug":"thermoflex-spezialfett","status":"publish","type":"product","link":"https:\/\/www.liqui-moly-shop.ch\/index.php\/product\/thermoflex-spezialfett\/","title":{"rendered":"Thermoflex Spezialfett"},"content":{"rendered":"<h3>Thermoflex Spezialfett<\/h3>\n<p>Leicht f\u00f6rderbares Getriebefett mit hoher Haftf\u00e4higkeit und breitem Temperatur einsatzbereich. Sehr gute Kunststoffvertr\u00e4glichkeit, alterungsstabil, sch\u00fctzt vor Korrosion. Zur Schmierung von Kunststoff \/ Kunststoff- und Kunststoff \/ Metallpaarungen.<br \/>\nEntspricht der Fettkennzeichnung nach DIN 51502: KHC2N-50; VW TL 778A<\/p>\n<p><!-- --><\/p>\n<table id=\"detail\">\n<tbody>\n<tr>\n<td class=\"left\" valign=\"top\">Artikelnummer:<\/td>\n<td class=\"right\" valign=\"top\">4048<\/td>\n<\/tr>\n<tr>\n<td class=\"left\" valign=\"top\">Gebinde:<\/td>\n<td class=\"right\" valign=\"top\">900 g Blechdose<\/td>\n<\/tr>\n<tr>\n<td class=\"left\" valign=\"top\">Paletteninhalt:<\/td>\n<td class=\"right\" valign=\"top\">1056<\/td>\n<\/tr>\n<tr>\n<td class=\"left\" valign=\"top\">VPE:<\/td>\n<td class=\"right\" valign=\"top\">4 STK<\/td>\n<\/tr>\n<tr>\n<td class=\"left\" valign=\"top\">Sprache:<\/td>\n<td class=\"right\" valign=\"top\">D &#8211; GB &#8211; E &#8211; F &#8211; NL<\/td>\n<\/tr>\n<\/tbody>\n<\/table>\n<h3 class=\"detail\">Einsatzzweck<\/h3>\n<p>Schmierung von schnelllaufenden Lagern, Schnecken und \u00e4hnlichen Industriegetrieben. Speziell geeignet f\u00fcr Metall-Kunststoffpaarung in Kleingetrieben sowie zur Schmierung von Waffenteilen etc.<\/p>\n<p>Wenn Sie Fragen rund um die Liqui Moly Produkte haben sollten, z\u00f6gern Sie nicht und kontaktieren Sie uns. Gerne stehen wir Ihnen jederzeit gerne zur Verf\u00fcgung.<\/p>\n","protected":false},"excerpt":{"rendered":"<p>Thermoflex Spezialfett Leicht f\u00f6rderbares Getriebefett mit hoher Haftf\u00e4higkeit und breitem Temperatur einsatzbereich. Sehr gute Kunststoffvertr\u00e4glichkeit, alterungsstabil, sch\u00fctzt vor Korrosion. Zur Schmierung von Kunststoff \/ Kunststoff- und Kunststoff \/ Metallpaarungen. Entspricht der Fettkennzeichnung nach DIN 51502: KHC2N-50; VW TL 778A Artikelnummer: 4048 Gebinde: 900 g Blechdose Paletteninhalt: 1056 VPE: 4 STK Sprache: D &#8211; GB &#8211; [&hellip;]<\/p>\n","protected":false},"featured_media":23086,"comment_status":"closed","ping_status":"closed","template":"","meta":[],"class_list":["post-23085","product","type-product","status-publish","has-post-thumbnail","hentry","product_cat-fette-industrieprodukte","product_cat-industrieprodukte","product_cat-spezialfette"],"_links":{"self":[{"href":"https:\/\/www.liqui-moly-shop.ch\/index.php\/wp-json\/wp\/v2\/product\/23085","targetHints":{"allow":["GET"]}}],"collection":[{"href":"https:\/\/www.liqui-moly-shop.ch\/index.php\/wp-json\/wp\/v2\/product"}],"about":[{"href":"https:\/\/www.liqui-moly-shop.ch\/index.php\/wp-json\/wp\/v2\/types\/product"}],"replies":[{"embeddable":true,"href":"https:\/\/www.liqui-moly-shop.ch\/index.php\/wp-json\/wp\/v2\/comments?post=23085"}],"wp:featuredmedia":[{"embeddable":true,"href":"https:\/\/www.liqui-moly-shop.ch\/index.php\/wp-json\/wp\/v2\/media\/23086"}],"wp:attachment":[{"href":"https:\/\/www.liqui-moly-shop.ch\/index.php\/wp-json\/wp\/v2\/media?parent=23085"}],"curies":[{"name":"wp","href":"https:\/\/api.w.org\/{rel}","templated":true}]}}