{"id":23097,"date":"2018-07-17T00:00:00","date_gmt":"2018-07-17T00:00:00","guid":{"rendered":"https:\/\/dev.liqui-moly-shop.ch\/index.php\/product\/meguin-hydraulikoel-hlpd-32\/"},"modified":"2018-07-17T00:00:00","modified_gmt":"2018-07-17T00:00:00","slug":"meguin-hydraulikoel-hlpd-32","status":"publish","type":"product","link":"https:\/\/www.liqui-moly-shop.ch\/index.php\/product\/meguin-hydraulikoel-hlpd-32\/","title":{"rendered":"Meguin Hydraulikoel HLPD 32"},"content":{"rendered":"<h3>Meguin Hydraulikoel HLPD 32<\/h3>\n<p>Hydraulik\u00f6le mit hervorragenden EP-Eigenschaften und ausgezeichneter Alterungs- und Korrosionsschutzstabilit\u00e4t. Aufgrund ihrer besonderen Additivierung sind sie in der Lage, gewisse Wassermengen ohne Tr\u00fcbung aufzunehmen, ohne dass ihre sonstigen Eigenschaften beeintr\u00e4chtigt werden. Schaumverhalten und Luftabscheideverm\u00f6gen sind optimal eingestellt. Dank ihrer spezifischen Eigenschaften sind Hydraulik\u00f6le HLPD besonders f\u00fcr Hydrauliksysteme geeignet, bei denen mit Kondenswassser zu rechnen ist, wie z.B. bei Werkzeugmaschinen, Baumaschinen u.a.<\/p>\n<p><!-- --><\/p>\n<table id=\"detail\">\n<tbody>\n<tr>\n<td class=\"left\" valign=\"top\">Artikelnummer:<\/td>\n<td class=\"right\" valign=\"top\">4663<\/td>\n<\/tr>\n<tr>\n<td class=\"left\" valign=\"top\">Gebinde:<\/td>\n<td class=\"right\" valign=\"top\">20 l Kanister Kunststoff<\/td>\n<\/tr>\n<tr>\n<td class=\"left\" valign=\"top\">Paletteninhalt:<\/td>\n<td class=\"right\" valign=\"top\">28<\/td>\n<\/tr>\n<tr>\n<td class=\"left\" valign=\"top\">VPE:<\/td>\n<td class=\"right\" valign=\"top\">1 STK<\/td>\n<\/tr>\n<tr>\n<td class=\"left\" valign=\"top\">Sprache:<\/td>\n<td class=\"right\" valign=\"top\">D &#8211; GB<\/td>\n<\/tr>\n<\/tbody>\n<\/table>\n<h3 class=\"detail\">Einsatzzweck<\/h3>\n<p>&nbsp;<\/p>\n<h3 class=\"detail\">Spezifikationen und Freigaben<\/h3>\n<p>Hydraulik\u00f6l DIN 51524 HLPD 32<\/p>\n<p>&nbsp;<\/p>\n<p><b>LIQUI MOLY empfiehlt dieses Produkt zus\u00e4tzlich f\u00fcr Fahrzeuge bzw. Aggregate, f\u00fcr die folgende Spezifikationen oder Originalersatzteilnummern gefordert werden:<\/b><br \/>\nMAN N698<\/p>\n<p>Wenn Sie Fragen rund um die Liqui Moly Produkte haben sollten, z\u00f6gern Sie nicht und kontaktieren Sie uns. Gerne stehen wir Ihnen jederzeit gerne zur Verf\u00fcgung.<\/p>\n","protected":false},"excerpt":{"rendered":"<p>Meguin Hydraulikoel HLPD 32 Hydraulik\u00f6le mit hervorragenden EP-Eigenschaften und ausgezeichneter Alterungs- und Korrosionsschutzstabilit\u00e4t. Aufgrund ihrer besonderen Additivierung sind sie in der Lage, gewisse Wassermengen ohne Tr\u00fcbung aufzunehmen, ohne dass ihre sonstigen Eigenschaften beeintr\u00e4chtigt werden. Schaumverhalten und Luftabscheideverm\u00f6gen sind optimal eingestellt. Dank ihrer spezifischen Eigenschaften sind Hydraulik\u00f6le HLPD besonders f\u00fcr Hydrauliksysteme geeignet, bei denen mit Kondenswassser [&hellip;]<\/p>\n","protected":false},"featured_media":23098,"comment_status":"closed","ping_status":"closed","template":"","meta":[],"class_list":["post-23097","product","type-product","status-publish","has-post-thumbnail","hentry","product_cat-hydraulikoele-industrieprodukte","product_cat-hydraulikoele-hlpd","product_cat-industrieprodukte"],"_links":{"self":[{"href":"https:\/\/www.liqui-moly-shop.ch\/index.php\/wp-json\/wp\/v2\/product\/23097","targetHints":{"allow":["GET"]}}],"collection":[{"href":"https:\/\/www.liqui-moly-shop.ch\/index.php\/wp-json\/wp\/v2\/product"}],"about":[{"href":"https:\/\/www.liqui-moly-shop.ch\/index.php\/wp-json\/wp\/v2\/types\/product"}],"replies":[{"embeddable":true,"href":"https:\/\/www.liqui-moly-shop.ch\/index.php\/wp-json\/wp\/v2\/comments?post=23097"}],"wp:featuredmedia":[{"embeddable":true,"href":"https:\/\/www.liqui-moly-shop.ch\/index.php\/wp-json\/wp\/v2\/media\/23098"}],"wp:attachment":[{"href":"https:\/\/www.liqui-moly-shop.ch\/index.php\/wp-json\/wp\/v2\/media?parent=23097"}],"curies":[{"name":"wp","href":"https:\/\/api.w.org\/{rel}","templated":true}]}}