{"id":23101,"date":"2018-07-17T00:00:00","date_gmt":"2018-07-17T00:00:00","guid":{"rendered":"https:\/\/dev.liqui-moly-shop.ch\/index.php\/product\/lm-373-n-contact-grease\/"},"modified":"2024-12-10T14:45:29","modified_gmt":"2024-12-10T14:45:29","slug":"lm-373-n-contact-grease","status":"publish","type":"product","link":"https:\/\/www.liqui-moly-shop.ch\/index.php\/product\/lm-373-n-contact-grease\/","title":{"rendered":"LM 373 N Contact-Grease"},"content":{"rendered":"<h3>LM 373 N Contact-Grease<\/h3>\n<p>Vollsynthetisches, sehr gut kunststoffvertr\u00e4gliches Kontaktpflegemittel mit fettartigem Charakter, frei von Silikonen. Die spezielle Additivierung, Synthese\u00f6l und Konsistenzgeber gew\u00e4hrleisten einen weiten Temperatureinsatzbereich und zeigen auch nach langer Zeit keine chemischen Zersetzungserscheinungen und Verharzungen.<\/p>\n<p><!-- --><\/p>\n<table id=\"detail\">\n<tbody>\n<tr>\n<td class=\"left\" valign=\"top\">Artikelnummer:<\/td>\n<td class=\"right\" valign=\"top\">3151<\/td>\n<\/tr>\n<tr>\n<td class=\"left\" valign=\"top\">Gebinde:<\/td>\n<td class=\"right\" valign=\"top\">500 g Dose Kunststoff<\/td>\n<\/tr>\n<tr>\n<td class=\"left\" valign=\"top\">Paletteninhalt:<\/td>\n<td class=\"right\" valign=\"top\">480<\/td>\n<\/tr>\n<tr>\n<td class=\"left\" valign=\"top\">VPE:<\/td>\n<td class=\"right\" valign=\"top\">4 STK<\/td>\n<\/tr>\n<tr>\n<td class=\"left\" valign=\"top\">Sprache:<\/td>\n<td class=\"right\" valign=\"top\">D &#8211; GB &#8211; E &#8211; F &#8211; NL<\/td>\n<\/tr>\n<\/tbody>\n<\/table>\n<h3 class=\"detail\">Einsatzzweck<\/h3>\n<p>Zur Schmierung und Pflege der mechanischen und elektrischen Teile in Schaltern verwendet. Weitere Einsatzgebiete sind fein mechanische Produkte. LM 373 N Contact-Grease zeichnet sich durch einen breiten Temperatureinsatzbereich, gute Kunststoffvertr\u00e4glichkeit und extreme Alterungsstabilit\u00e4t aus.<\/p>\n<p>Wenn Sie Fragen rund um die Liqui Moly Produkte haben sollten, z\u00f6gern Sie nicht und kontaktieren Sie uns. Gerne stehen wir Ihnen jederzeit gerne zur Verf\u00fcgung.<\/p>\n","protected":false},"excerpt":{"rendered":"<p>LM 373 N Contact-Grease Vollsynthetisches, sehr gut kunststoffvertr\u00e4gliches Kontaktpflegemittel mit fettartigem Charakter, frei von Silikonen. Die spezielle Additivierung, Synthese\u00f6l und Konsistenzgeber gew\u00e4hrleisten einen weiten Temperatureinsatzbereich und zeigen auch nach langer Zeit keine chemischen Zersetzungserscheinungen und Verharzungen. Artikelnummer: 3151 Gebinde: 500 g Dose Kunststoff Paletteninhalt: 480 VPE: 4 STK Sprache: D &#8211; GB &#8211; E &#8211; [&hellip;]<\/p>\n","protected":false},"featured_media":0,"comment_status":"closed","ping_status":"closed","template":"","meta":[],"class_list":["post-23101","product","type-product","status-publish","hentry","product_cat-industrieprodukte","product_cat-kontaktschmierstoffe"],"_links":{"self":[{"href":"https:\/\/www.liqui-moly-shop.ch\/index.php\/wp-json\/wp\/v2\/product\/23101","targetHints":{"allow":["GET"]}}],"collection":[{"href":"https:\/\/www.liqui-moly-shop.ch\/index.php\/wp-json\/wp\/v2\/product"}],"about":[{"href":"https:\/\/www.liqui-moly-shop.ch\/index.php\/wp-json\/wp\/v2\/types\/product"}],"replies":[{"embeddable":true,"href":"https:\/\/www.liqui-moly-shop.ch\/index.php\/wp-json\/wp\/v2\/comments?post=23101"}],"wp:attachment":[{"href":"https:\/\/www.liqui-moly-shop.ch\/index.php\/wp-json\/wp\/v2\/media?parent=23101"}],"curies":[{"name":"wp","href":"https:\/\/api.w.org\/{rel}","templated":true}]}}