{"id":23102,"date":"2018-07-17T00:00:00","date_gmt":"2018-07-17T00:00:00","guid":{"rendered":"https:\/\/dev.liqui-moly-shop.ch\/index.php\/product\/lm-376-contact-oil\/"},"modified":"2018-07-17T00:00:00","modified_gmt":"2018-07-17T00:00:00","slug":"lm-376-contact-oil","status":"publish","type":"product","link":"https:\/\/www.liqui-moly-shop.ch\/index.php\/product\/lm-376-contact-oil\/","title":{"rendered":"LM 376 Contact-Oil"},"content":{"rendered":"<h3>LM 376 Contact-Oil<\/h3>\n<p>Vollsynthetisches Kontakt\u00f6l f\u00fcr Mikroschalter und Schalter mit niedrigen Kontaktdr\u00fccken sowie Stecker und Steckleisten.<\/p>\n<p><!-- --><\/p>\n<table id=\"detail\">\n<tbody>\n<tr>\n<td class=\"left\" valign=\"top\">Artikelnummer:<\/td>\n<td class=\"right\" valign=\"top\">3157<\/td>\n<\/tr>\n<tr>\n<td class=\"left\" valign=\"top\">Gebinde:<\/td>\n<td class=\"right\" valign=\"top\">1 l Kanister Kunststoff<\/td>\n<\/tr>\n<tr>\n<td class=\"left\" valign=\"top\">Paletteninhalt:<\/td>\n<td class=\"right\" valign=\"top\">630<\/td>\n<\/tr>\n<tr>\n<td class=\"left\" valign=\"top\">VPE:<\/td>\n<td class=\"right\" valign=\"top\">6 STK<\/td>\n<\/tr>\n<tr>\n<td class=\"left\" valign=\"top\">Sprache:<\/td>\n<td class=\"right\" valign=\"top\">D &#8211; GB &#8211; E &#8211; F &#8211; NL<\/td>\n<\/tr>\n<\/tbody>\n<\/table>\n<h3 class=\"detail\">Einsatzzweck<\/h3>\n<p>Zur Schmierung und Pflege der mechanischen und elektrischen Teile in Schaltern. Einsatzgebiet: Mikroschalter und Schalter mit niedrigen Kontaktdr\u00fccken sowie Stecker und Steckleisten.<\/p>\n<p>Wenn Sie Fragen rund um die Liqui Moly Produkte haben sollten, z\u00f6gern Sie nicht und kontaktieren Sie uns. Gerne stehen wir Ihnen jederzeit gerne zur Verf\u00fcgung.<\/p>\n","protected":false},"excerpt":{"rendered":"<p>LM 376 Contact-Oil Vollsynthetisches Kontakt\u00f6l f\u00fcr Mikroschalter und Schalter mit niedrigen Kontaktdr\u00fccken sowie Stecker und Steckleisten. Artikelnummer: 3157 Gebinde: 1 l Kanister Kunststoff Paletteninhalt: 630 VPE: 6 STK Sprache: D &#8211; GB &#8211; E &#8211; F &#8211; NL Einsatzzweck Zur Schmierung und Pflege der mechanischen und elektrischen Teile in Schaltern. Einsatzgebiet: Mikroschalter und Schalter mit [&hellip;]<\/p>\n","protected":false},"featured_media":23103,"comment_status":"closed","ping_status":"closed","template":"","meta":[],"class_list":["post-23102","product","type-product","status-publish","has-post-thumbnail","hentry","product_cat-industrieprodukte","product_cat-kontaktschmierstoffe"],"_links":{"self":[{"href":"https:\/\/www.liqui-moly-shop.ch\/index.php\/wp-json\/wp\/v2\/product\/23102","targetHints":{"allow":["GET"]}}],"collection":[{"href":"https:\/\/www.liqui-moly-shop.ch\/index.php\/wp-json\/wp\/v2\/product"}],"about":[{"href":"https:\/\/www.liqui-moly-shop.ch\/index.php\/wp-json\/wp\/v2\/types\/product"}],"replies":[{"embeddable":true,"href":"https:\/\/www.liqui-moly-shop.ch\/index.php\/wp-json\/wp\/v2\/comments?post=23102"}],"wp:featuredmedia":[{"embeddable":true,"href":"https:\/\/www.liqui-moly-shop.ch\/index.php\/wp-json\/wp\/v2\/media\/23103"}],"wp:attachment":[{"href":"https:\/\/www.liqui-moly-shop.ch\/index.php\/wp-json\/wp\/v2\/media?parent=23102"}],"curies":[{"name":"wp","href":"https:\/\/api.w.org\/{rel}","templated":true}]}}