{"id":23109,"date":"2021-10-05T09:00:47","date_gmt":"2021-10-05T09:00:47","guid":{"rendered":"https:\/\/dev.liqui-moly-shop.ch\/?post_type=product&#038;p=23109"},"modified":"2023-12-13T14:11:37","modified_gmt":"2023-12-13T14:11:37","slug":"fluoreszierender-lecksucher-k","status":"publish","type":"product","link":"https:\/\/www.liqui-moly-shop.ch\/index.php\/product\/fluoreszierender-lecksucher-k\/","title":{"rendered":"Fluoreszierender Lecksucher K"},"content":{"rendered":"<h3>Fluoreszierender Lecksucher K<\/h3>\n<p>Wasserl\u00f6sliche Leckage-Suchfl\u00fcssigkeit zum schnellen und exakten Lokalisieren von Wassereintritt und Windger\u00e4uschen in Verbindung mit einer Indikatorlampe (UV-Stablampe). Somit lassen sich Nacharbeiten bzw. Reklamationen nach Reparaturen vermeiden. Mischungsverh\u00e4ltnis 1:10 \u2013 1:500.<\/p>\n<p><!-- --><\/p>\n<table id=\"detail\">\n<tbody>\n<tr>\n<td class=\"left\" valign=\"top\">Artikelnummer:<\/td>\n<td class=\"right\" valign=\"top\">3339<\/td>\n<\/tr>\n<tr>\n<td class=\"left\" valign=\"top\">Gebinde:<\/td>\n<td class=\"right\" valign=\"top\">50 ml Dose Kunststoff<\/td>\n<\/tr>\n<tr>\n<td class=\"left\" valign=\"top\">Paletteninhalt:<\/td>\n<td class=\"right\" valign=\"top\">3840<\/td>\n<\/tr>\n<tr>\n<td class=\"left\" valign=\"top\">VPE:<\/td>\n<td class=\"right\" valign=\"top\">12 STK<\/td>\n<\/tr>\n<tr>\n<td class=\"left\" valign=\"top\">Sprache:<\/td>\n<td class=\"right\" valign=\"top\">D &#8211; GB &#8211; I &#8211; E &#8211; P<\/td>\n<\/tr>\n<\/tbody>\n<\/table>\n<h3 class=\"detail\">Einsatzzweck<\/h3>\n<p>Zum Lokalisieren von Wassereintritt nach Reparaturen an Glas- oder Schiebed\u00e4chern, bei Unfallreparaturen sowie zum schnellen und exakten Lokalisieren von Windger\u00e4uschen.<\/p>\n<div class=\"d-flex justify-content-md-center gap-1\"><img decoding=\"async\" title=\"ghs02\" src=\"https:\/\/liquimoly.cloudimg.io\/v7\/https:\/\/www.liqui-moly.com\/static\/version1702332212\/frontend\/limo\/base\/de_DE\/images\/info\/ghs02.png\" alt=\"ghs02\" width=\"35px\" height=\"35px\" \/><\/div>\n<div class=\"text-md-center text-muted ps-md-2 pe-md-2\"><strong>Gefahr<\/strong><\/p>\n<ul class=\"info-text m-0 p-0\">\n<li>H222 Extrem entz\u00fcndbares Aerosol.<\/li>\n<li>H229 Beh\u00e4lter steht unter Druck: Kann bei Erw\u00e4rmung bersten.<\/li>\n<li>EUH066 Wiederholter Kontakt kann zu spr\u00f6der oder rissiger Haut f\u00fchren.<\/li>\n<\/ul>\n<\/div>\n<p>Wenn Sie Fragen rund um die Liqui Moly Produkte haben sollten, z\u00f6gern Sie nicht und kontaktieren Sie uns. Gerne stehen wir Ihnen jederzeit gerne zur Verf\u00fcgung.<\/p>\n","protected":false},"excerpt":{"rendered":"<p>Fluoreszierender Lecksucher K Wasserl\u00f6sliche Leckage-Suchfl\u00fcssigkeit zum schnellen und exakten Lokalisieren von Wassereintritt und Windger\u00e4uschen in Verbindung mit einer Indikatorlampe (UV-Stablampe). Somit lassen sich Nacharbeiten bzw. Reklamationen nach Reparaturen vermeiden. Mischungsverh\u00e4ltnis 1:10 \u2013 1:500. Artikelnummer: 3339 Gebinde: 50 ml Dose Kunststoff Paletteninhalt: 3840 VPE: 12 STK Sprache: D &#8211; GB &#8211; I &#8211; E &#8211; P [&hellip;]<\/p>\n","protected":false},"featured_media":23110,"comment_status":"closed","ping_status":"closed","template":"","meta":[],"class_list":["post-23109","product","type-product","status-publish","has-post-thumbnail","hentry","product_cat-industrieprodukte","product_cat-lecksucher"],"_links":{"self":[{"href":"https:\/\/www.liqui-moly-shop.ch\/index.php\/wp-json\/wp\/v2\/product\/23109","targetHints":{"allow":["GET"]}}],"collection":[{"href":"https:\/\/www.liqui-moly-shop.ch\/index.php\/wp-json\/wp\/v2\/product"}],"about":[{"href":"https:\/\/www.liqui-moly-shop.ch\/index.php\/wp-json\/wp\/v2\/types\/product"}],"replies":[{"embeddable":true,"href":"https:\/\/www.liqui-moly-shop.ch\/index.php\/wp-json\/wp\/v2\/comments?post=23109"}],"wp:featuredmedia":[{"embeddable":true,"href":"https:\/\/www.liqui-moly-shop.ch\/index.php\/wp-json\/wp\/v2\/media\/23110"}],"wp:attachment":[{"href":"https:\/\/www.liqui-moly-shop.ch\/index.php\/wp-json\/wp\/v2\/media?parent=23109"}],"curies":[{"name":"wp","href":"https:\/\/api.w.org\/{rel}","templated":true}]}}