{"id":23131,"date":"2018-07-17T00:00:00","date_gmt":"2018-07-17T00:00:00","guid":{"rendered":"https:\/\/dev.liqui-moly-shop.ch\/index.php\/product\/mos2-leichtlauf-10w-40\/"},"modified":"2023-10-06T06:51:50","modified_gmt":"2023-10-06T06:51:50","slug":"mos2-leichtlauf-10w-40","status":"publish","type":"product","link":"https:\/\/www.liqui-moly-shop.ch\/index.php\/product\/mos2-leichtlauf-10w-40\/","title":{"rendered":"MoS2 Leichtlauf 10W-40"},"content":{"rendered":"<h3>MoS2 Leichtlauf 10W-40<\/h3>\n<p>Teilsynthetisches Leichtlaufmotor\u00f6l mit Extraverschlei\u00dfschutz durch den Festschmierstoff MoS2.\u00a0MoS2 bildet auf allen reibenden und gleitenden Metallfl\u00e4chen einen hochbelastbaren Schmierfilm. Sorgt durch schnellste Durch\u00f6lung beim Start und minimale Reibung im\u00a0Fahrbetrieb f\u00fcr eine extrem lange Motorlebensdauer. Gew\u00e4hrleistet h\u00f6chste Sicherheitsreserven in der Start- und\u00a0Warmlaufphase, bei extremen Belastungen sowie beim Stop-and-go-Verkehr etc. Erh\u00f6ht die Betriebssicherheit durch ausgezeichnete Notlaufeigenschaften. Reduziert den \u00d6l- und Kraftstoffverbrauch.<\/p>\n<p><!-- --><\/p>\n<table id=\"detail\">\n<tbody>\n<tr>\n<td class=\"left\" valign=\"top\">Artikelnummer:<\/td>\n<td class=\"right\" valign=\"top\">1091<\/td>\n<\/tr>\n<tr>\n<td class=\"left\" valign=\"top\">Gebinde:<\/td>\n<td class=\"right\" valign=\"top\">1 l Kanister Kunststoff<\/td>\n<\/tr>\n<tr>\n<td class=\"left\" valign=\"top\">Paletteninhalt:<\/td>\n<td class=\"right\" valign=\"top\">576<\/td>\n<\/tr>\n<tr>\n<td class=\"left\" valign=\"top\">VPE:<\/td>\n<td class=\"right\" valign=\"top\">6 STK<\/td>\n<\/tr>\n<tr>\n<td class=\"left\" valign=\"top\">Sprache:<\/td>\n<td class=\"right\" valign=\"top\">D &#8211; F &#8211; I<\/td>\n<\/tr>\n<\/tbody>\n<\/table>\n<h3 class=\"detail\">Einsatzzweck<\/h3>\n<p>F\u00fcr Benzin- und Dieselmotoren. Universell einsetzbar f\u00fcr Fahrzeuge ohne Ru\u00dfpartikelfilter. Turbo- und Kat-getestet.<\/p>\n<h3 class=\"detail\">Spezifikationen und Freigaben<\/h3>\n<p>&nbsp;<\/p>\n<p><b>LIQUI MOLY empfiehlt dieses Produkt zus\u00e4tzlich f\u00fcr Fahrzeuge bzw. Aggregate, f\u00fcr die folgende Spezifikationen oder Originalersatzteilnummern gefordert werden:<\/b><\/p>\n<p>ACEA A3 ; ACEA B4 ; API SL ; API CF<\/p>\n<div class=\"content-row content-standalone bg-light py-5 py-lg-6 variantswitch-sku-1091\">\n<div class=\"ghs-information container fs-11\">\n<div class=\"d-grid gap-3\">\n<div class=\"text-md-center text-muted ps-md-2 pe-md-2\">\n<ul class=\"info-text m-0 p-0\">\n<li>EUH210 Sicherheitsdatenblatt auf Anfrage erh\u00e4ltlich.<\/li>\n<\/ul>\n<\/div>\n<\/div>\n<\/div>\n<\/div>\n<div class=\"container\">\n<div class=\"content-tabs-wrapper content-tabs-container content-row product info detailed mage-tabs-disabled\">\n<div class=\"horizontal-scroll horizontal-scroll--fade-out\" data-limo-observe-movement=\"\">\n<ul class=\"nav content-tabs scroll-snap-x flex-nowrap\" data-limo-observe-tabs=\"\">\n<li class=\"d-inline-block nav-item px-2_5\" role=\"tablist\"><\/li>\n<\/ul>\n<\/div>\n<\/div>\n<\/div>\n<p>Wenn Sie Fragen rund um die Liqui Moly Produkte haben sollten, z\u00f6gern Sie nicht und kontaktieren Sie uns. Gerne stehen wir Ihnen jederzeit gerne zur Verf\u00fcgung.<\/p>\n","protected":false},"excerpt":{"rendered":"<p>MoS2 Leichtlauf 10W-40 Teilsynthetisches Leichtlaufmotor\u00f6l mit Extraverschlei\u00dfschutz durch den Festschmierstoff MoS2.\u00a0MoS2 bildet auf allen reibenden und gleitenden Metallfl\u00e4chen einen hochbelastbaren Schmierfilm. Sorgt durch schnellste Durch\u00f6lung beim Start und minimale Reibung im\u00a0Fahrbetrieb f\u00fcr eine extrem lange Motorlebensdauer. Gew\u00e4hrleistet h\u00f6chste Sicherheitsreserven in der Start- und\u00a0Warmlaufphase, bei extremen Belastungen sowie beim Stop-and-go-Verkehr etc. Erh\u00f6ht die Betriebssicherheit durch ausgezeichnete [&hellip;]<\/p>\n","protected":false},"featured_media":23132,"comment_status":"closed","ping_status":"closed","template":"","meta":[],"class_list":["post-23131","product","type-product","status-publish","has-post-thumbnail","hentry","product_cat-klassische-fahrzeuge","product_cat-motoroele-4-takt"],"_links":{"self":[{"href":"https:\/\/www.liqui-moly-shop.ch\/index.php\/wp-json\/wp\/v2\/product\/23131","targetHints":{"allow":["GET"]}}],"collection":[{"href":"https:\/\/www.liqui-moly-shop.ch\/index.php\/wp-json\/wp\/v2\/product"}],"about":[{"href":"https:\/\/www.liqui-moly-shop.ch\/index.php\/wp-json\/wp\/v2\/types\/product"}],"replies":[{"embeddable":true,"href":"https:\/\/www.liqui-moly-shop.ch\/index.php\/wp-json\/wp\/v2\/comments?post=23131"}],"wp:featuredmedia":[{"embeddable":true,"href":"https:\/\/www.liqui-moly-shop.ch\/index.php\/wp-json\/wp\/v2\/media\/23132"}],"wp:attachment":[{"href":"https:\/\/www.liqui-moly-shop.ch\/index.php\/wp-json\/wp\/v2\/media?parent=23131"}],"curies":[{"name":"wp","href":"https:\/\/api.w.org\/{rel}","templated":true}]}}