{"id":23134,"date":"2018-07-17T00:00:00","date_gmt":"2018-07-17T00:00:00","guid":{"rendered":"https:\/\/dev.liqui-moly-shop.ch\/index.php\/product\/classic-motorenoel-sae-50\/"},"modified":"2023-10-09T09:30:55","modified_gmt":"2023-10-09T09:30:55","slug":"classic-motorenoel-sae-50","status":"publish","type":"product","link":"https:\/\/www.liqui-moly-shop.ch\/index.php\/product\/classic-motorenoel-sae-50\/","title":{"rendered":"Classic Motoren\u00f6l SAE 50"},"content":{"rendered":"<h3>Classic Motoren\u00f6l SAE 50<\/h3>\n<p>Sehr mild legiertes, mineralisches Einbereichsmotor\u00f6l. Speziell auf die Anforderungen klassischer Fahrzeuge und Motorr\u00e4der ohne \u00d6lfilter bzw. mit Zyklonabscheider (Spaltfilter)\u00a0abgestimmt. Ausgew\u00e4hlte Grund\u00f6le und Additive gew\u00e4hrleisten\u00a0optimale Schmierung und\u00a0sehr guten Verschlei\u00dfschutz unter allen Betriebsbedingungen.<\/p>\n<p><!-- --><\/p>\n<table id=\"detail\">\n<tbody>\n<tr>\n<td class=\"left\" valign=\"top\">Artikelnummer:<\/td>\n<td class=\"right\" valign=\"top\">1130<\/td>\n<\/tr>\n<tr>\n<td class=\"left\" valign=\"top\">Gebinde:<\/td>\n<td class=\"right\" valign=\"top\">1 l Kanister Kunststoff<\/td>\n<\/tr>\n<tr>\n<td class=\"left\" valign=\"top\">Paletteninhalt:<\/td>\n<td class=\"right\" valign=\"top\">432<\/td>\n<\/tr>\n<tr>\n<td class=\"left\" valign=\"top\">VPE:<\/td>\n<td class=\"right\" valign=\"top\">6 STK<\/td>\n<\/tr>\n<tr>\n<td class=\"left\" valign=\"top\">Sprache:<\/td>\n<td class=\"right\" valign=\"top\">D &#8211; GB &#8211; I &#8211; E &#8211; P<\/td>\n<\/tr>\n<\/tbody>\n<\/table>\n<h3 class=\"detail\">Einsatzzweck<\/h3>\n<p>Speziell\u00a0f\u00fcr klassische Fahrzeuge und Motorr\u00e4der\u00a0ohne \u00d6lfilter bzw. mit Zyklonabscheider (Spaltfilter), in denen ein unlegierter oder sehr mild legierter Schmierstoff gefordert wird.<\/p>\n<ul class=\"info-text m-0 p-0\">\n<li>EUH208 Enth\u00e4lt N-1-Naphthylanilin. Kann allergische Reaktionen hervorrufen.<\/li>\n<li>EUH210 Sicherheitsdatenblatt auf Anfrage erh\u00e4ltlich.<\/li>\n<\/ul>\n<p>Wenn Sie Fragen rund um die Liqui Moly Produkte haben sollten, z\u00f6gern Sie nicht und kontaktieren Sie uns. Gerne stehen wir Ihnen jederzeit gerne zur Verf\u00fcgung.<\/p>\n","protected":false},"excerpt":{"rendered":"<p>Classic Motoren\u00f6l SAE 50 Sehr mild legiertes, mineralisches Einbereichsmotor\u00f6l. Speziell auf die Anforderungen klassischer Fahrzeuge und Motorr\u00e4der ohne \u00d6lfilter bzw. mit Zyklonabscheider (Spaltfilter)\u00a0abgestimmt. Ausgew\u00e4hlte Grund\u00f6le und Additive gew\u00e4hrleisten\u00a0optimale Schmierung und\u00a0sehr guten Verschlei\u00dfschutz unter allen Betriebsbedingungen. Artikelnummer: 1130 Gebinde: 1 l Kanister Kunststoff Paletteninhalt: 432 VPE: 6 STK Sprache: D &#8211; GB &#8211; I &#8211; E [&hellip;]<\/p>\n","protected":false},"featured_media":23135,"comment_status":"closed","ping_status":"closed","template":"","meta":[],"class_list":["post-23134","product","type-product","status-publish","has-post-thumbnail","hentry","product_cat-klassische-fahrzeuge","product_cat-motoroele-4-takt"],"_links":{"self":[{"href":"https:\/\/www.liqui-moly-shop.ch\/index.php\/wp-json\/wp\/v2\/product\/23134","targetHints":{"allow":["GET"]}}],"collection":[{"href":"https:\/\/www.liqui-moly-shop.ch\/index.php\/wp-json\/wp\/v2\/product"}],"about":[{"href":"https:\/\/www.liqui-moly-shop.ch\/index.php\/wp-json\/wp\/v2\/types\/product"}],"replies":[{"embeddable":true,"href":"https:\/\/www.liqui-moly-shop.ch\/index.php\/wp-json\/wp\/v2\/comments?post=23134"}],"wp:featuredmedia":[{"embeddable":true,"href":"https:\/\/www.liqui-moly-shop.ch\/index.php\/wp-json\/wp\/v2\/media\/23135"}],"wp:attachment":[{"href":"https:\/\/www.liqui-moly-shop.ch\/index.php\/wp-json\/wp\/v2\/media?parent=23134"}],"curies":[{"name":"wp","href":"https:\/\/api.w.org\/{rel}","templated":true}]}}