{"id":23140,"date":"2018-07-17T00:00:00","date_gmt":"2018-07-17T00:00:00","guid":{"rendered":"https:\/\/dev.liqui-moly-shop.ch\/index.php\/product\/liquimate-8100-1k-pur\/"},"modified":"2023-12-15T09:59:49","modified_gmt":"2023-12-15T09:59:49","slug":"liquimate-8100-1k-pur","status":"publish","type":"product","link":"https:\/\/www.liqui-moly-shop.ch\/index.php\/product\/liquimate-8100-1k-pur\/","title":{"rendered":"Liquimate 8100 1K-PUR"},"content":{"rendered":"<h3>Liquimate 8100 1K-PUR<\/h3>\n<p>Hochwertiger 1K-PUR Klebe-\/Dichtstoff f\u00fcr dauerelastische Verklebungen. Erstausr\u00fcsterqualit\u00e4t. \u00dcberlackierbar auch mit 2K-Lacken. Standfest. Streich- und spachtelf\u00e4hig. \u00dcberlackierbar mit Grundierungen und F\u00fcllern nach der Durchh\u00e4rtung.<\/p>\n<p><!-- --><\/p>\n<table id=\"detail\">\n<tbody>\n<tr>\n<td class=\"left\" valign=\"top\">Artikelnummer:<\/td>\n<td class=\"right\" valign=\"top\">6154<\/td>\n<\/tr>\n<tr>\n<td class=\"left\" valign=\"top\">Gebinde:<\/td>\n<td class=\"right\" valign=\"top\">300 ml Kartusche Alu<\/td>\n<\/tr>\n<tr>\n<td class=\"left\" valign=\"top\">Paletteninhalt:<\/td>\n<td class=\"right\" valign=\"top\">1008<\/td>\n<\/tr>\n<tr>\n<td class=\"left\" valign=\"top\">VPE:<\/td>\n<td class=\"right\" valign=\"top\">12 STK<\/td>\n<\/tr>\n<tr>\n<td class=\"left\" valign=\"top\">Sprache:<\/td>\n<td class=\"right\" valign=\"top\">D &#8211; GB &#8211; F &#8211; I &#8211; E &#8211; NL &#8211; P<\/td>\n<\/tr>\n<\/tbody>\n<\/table>\n<h3 class=\"detail\">Einsatzzweck<\/h3>\n<p>Wird bei der Fahrzeugreparatur u. a. zum Abdichten eingesetzt. F\u00fcr Sichtn\u00e4hte und normale N\u00e4hte an Front- und Hecksch\u00fcrze, R\u00fcckwand, Motorraum, Kofferraumboden, Boden im Fahrgastraum, Seitenwand, Radkasten, Fahrzeugunterboden, Tankstutzen, Kotfl\u00fcgel, B\u00f6rdelfalzversiegelung.<\/p>\n<ul class=\"info-text m-0 p-0\">\n<li>EUH204 Enth\u00e4lt Isocyanate. Kann allergische Reaktionen hervorrufen.<\/li>\n<li>EUH210 Sicherheitsdatenblatt auf Anfrage erh\u00e4ltlich.<\/li>\n<li>EUH212 Achtung! Bei der Verwendung kann gef\u00e4hrlicher lungeng\u00e4ngiger Staub entstehen. Staub nicht einatmen.<\/li>\n<\/ul>\n<p>Wenn Sie Fragen rund um die Liqui Moly Produkte haben sollten, z\u00f6gern Sie nicht und kontaktieren Sie uns. Gerne stehen wir Ihnen jederzeit gerne zur Verf\u00fcgung.<\/p>\n","protected":false},"excerpt":{"rendered":"<p>Liquimate 8100 1K-PUR Hochwertiger 1K-PUR Klebe-\/Dichtstoff f\u00fcr dauerelastische Verklebungen. Erstausr\u00fcsterqualit\u00e4t. \u00dcberlackierbar auch mit 2K-Lacken. Standfest. Streich- und spachtelf\u00e4hig. \u00dcberlackierbar mit Grundierungen und F\u00fcllern nach der Durchh\u00e4rtung. Artikelnummer: 6154 Gebinde: 300 ml Kartusche Alu Paletteninhalt: 1008 VPE: 12 STK Sprache: D &#8211; GB &#8211; F &#8211; I &#8211; E &#8211; NL &#8211; P Einsatzzweck Wird bei [&hellip;]<\/p>\n","protected":false},"featured_media":23141,"comment_status":"closed","ping_status":"closed","template":"","meta":[],"class_list":["post-23140","product","type-product","status-publish","has-post-thumbnail","hentry","product_cat-dichtstoffe","product_cat-kleben-und-dichten"],"_links":{"self":[{"href":"https:\/\/www.liqui-moly-shop.ch\/index.php\/wp-json\/wp\/v2\/product\/23140","targetHints":{"allow":["GET"]}}],"collection":[{"href":"https:\/\/www.liqui-moly-shop.ch\/index.php\/wp-json\/wp\/v2\/product"}],"about":[{"href":"https:\/\/www.liqui-moly-shop.ch\/index.php\/wp-json\/wp\/v2\/types\/product"}],"replies":[{"embeddable":true,"href":"https:\/\/www.liqui-moly-shop.ch\/index.php\/wp-json\/wp\/v2\/comments?post=23140"}],"wp:featuredmedia":[{"embeddable":true,"href":"https:\/\/www.liqui-moly-shop.ch\/index.php\/wp-json\/wp\/v2\/media\/23141"}],"wp:attachment":[{"href":"https:\/\/www.liqui-moly-shop.ch\/index.php\/wp-json\/wp\/v2\/media?parent=23140"}],"curies":[{"name":"wp","href":"https:\/\/api.w.org\/{rel}","templated":true}]}}