{"id":23143,"date":"2018-07-17T00:00:00","date_gmt":"2018-07-17T00:00:00","guid":{"rendered":"https:\/\/dev.liqui-moly-shop.ch\/index.php\/product\/liquimate-8200-ms-polymer\/"},"modified":"2023-12-15T10:20:31","modified_gmt":"2023-12-15T10:20:31","slug":"liquimate-8200-ms-polymer","status":"publish","type":"product","link":"https:\/\/www.liqui-moly-shop.ch\/index.php\/product\/liquimate-8200-ms-polymer\/","title":{"rendered":"Liquimate 8200 MS Polymer"},"content":{"rendered":"<h3>Liquimate 8200 MS Polymer<\/h3>\n<p>Hochwertiger 1-Komponenten-Dichtstoff, der durch Luftfeuchtigkeit zu einem dauerelastischen Klebedichtstoff aush\u00e4rtet. L\u00f6sungsmittel- und isocyanatfrei. Erstausr\u00fcsterqualit\u00e4t. Salzwasserbest\u00e4ndig. Schwundfrei, witterungsbest\u00e4ndig, UV- und mineral\u00f6lbest\u00e4ndig. Mit den meisten handels\u00fcblichen Lacken sofort nass in nass (max. bis zu 2 Std.) \u00fcberlackierbar.<\/p>\n<p><!-- --><\/p>\n<table id=\"detail\">\n<tbody>\n<tr>\n<td class=\"left\" valign=\"top\">Artikelnummer:<\/td>\n<td class=\"right\" valign=\"top\">6148<\/td>\n<\/tr>\n<tr>\n<td class=\"left\" valign=\"top\">Gebinde:<\/td>\n<td class=\"right\" valign=\"top\">290 ml Kartusche Kunststoff<\/td>\n<\/tr>\n<tr>\n<td class=\"left\" valign=\"top\">Paletteninhalt:<\/td>\n<td class=\"right\" valign=\"top\">1008<\/td>\n<\/tr>\n<tr>\n<td class=\"left\" valign=\"top\">VPE:<\/td>\n<td class=\"right\" valign=\"top\">12 STK<\/td>\n<\/tr>\n<tr>\n<td class=\"left\" valign=\"top\">Sprache:<\/td>\n<td class=\"right\" valign=\"top\">D &#8211; GB &#8211; F &#8211; I &#8211; E &#8211; NL &#8211; P<\/td>\n<\/tr>\n<\/tbody>\n<\/table>\n<h3 class=\"detail\">Einsatzzweck<\/h3>\n<p>Geeignet\u00a0zum Abdichten und Verkleben im Reparaturfall. F\u00fcr Sichtn\u00e4hte und normale N\u00e4hte an Front- und Hecksch\u00fcrze, R\u00fcckwand, Motorraum, Kofferraumboden, Seitenwand, Radkasten und\u00a0Fahrzeugunterboden. Einsatz\u00a0als Vorlegematerial f\u00fcr\u00a0Liquimate 8300.<\/p>\n<ul class=\"info-text m-0 p-0\">\n<li>EUH208 Enth\u00e4lt Trimethoxyvinylsilan, Reaktionsmasse aus: Bis(1,2,2,6,6-Pentamethyl-4-piperidyl)sebacat und Methyl-1,2,2,6,6-pentamethyl-4-piperidylsebacat, N-(3-(Trimethoxysilyl)propyl)ethylendiamin. Kann allergische Reaktionen hervorrufen.<\/li>\n<li>EUH210 Sicherheitsdatenblatt auf Anfrage erh\u00e4ltlich.<\/li>\n<\/ul>\n<p>Wenn Sie Fragen rund um die Liqui Moly Produkte haben sollten, z\u00f6gern Sie nicht und kontaktieren Sie uns. Gerne stehen wir Ihnen jederzeit gerne zur Verf\u00fcgung.<\/p>\n","protected":false},"excerpt":{"rendered":"<p>Liquimate 8200 MS Polymer Hochwertiger 1-Komponenten-Dichtstoff, der durch Luftfeuchtigkeit zu einem dauerelastischen Klebedichtstoff aush\u00e4rtet. L\u00f6sungsmittel- und isocyanatfrei. Erstausr\u00fcsterqualit\u00e4t. Salzwasserbest\u00e4ndig. Schwundfrei, witterungsbest\u00e4ndig, UV- und mineral\u00f6lbest\u00e4ndig. Mit den meisten handels\u00fcblichen Lacken sofort nass in nass (max. bis zu 2 Std.) \u00fcberlackierbar. Artikelnummer: 6148 Gebinde: 290 ml Kartusche Kunststoff Paletteninhalt: 1008 VPE: 12 STK Sprache: D &#8211; GB [&hellip;]<\/p>\n","protected":false},"featured_media":23144,"comment_status":"closed","ping_status":"closed","template":"","meta":[],"class_list":["post-23143","product","type-product","status-publish","has-post-thumbnail","hentry","product_cat-dichtstoffe","product_cat-kleben-und-dichten"],"_links":{"self":[{"href":"https:\/\/www.liqui-moly-shop.ch\/index.php\/wp-json\/wp\/v2\/product\/23143","targetHints":{"allow":["GET"]}}],"collection":[{"href":"https:\/\/www.liqui-moly-shop.ch\/index.php\/wp-json\/wp\/v2\/product"}],"about":[{"href":"https:\/\/www.liqui-moly-shop.ch\/index.php\/wp-json\/wp\/v2\/types\/product"}],"replies":[{"embeddable":true,"href":"https:\/\/www.liqui-moly-shop.ch\/index.php\/wp-json\/wp\/v2\/comments?post=23143"}],"wp:featuredmedia":[{"embeddable":true,"href":"https:\/\/www.liqui-moly-shop.ch\/index.php\/wp-json\/wp\/v2\/media\/23144"}],"wp:attachment":[{"href":"https:\/\/www.liqui-moly-shop.ch\/index.php\/wp-json\/wp\/v2\/media?parent=23143"}],"curies":[{"name":"wp","href":"https:\/\/api.w.org\/{rel}","templated":true}]}}