{"id":23155,"date":"2018-07-17T00:00:00","date_gmt":"2018-07-17T00:00:00","guid":{"rendered":"https:\/\/dev.liqui-moly-shop.ch\/index.php\/product\/silikon-dichtmasse-schwarz\/"},"modified":"2023-12-15T10:32:20","modified_gmt":"2023-12-15T10:32:20","slug":"silikon-dichtmasse-schwarz","status":"publish","type":"product","link":"https:\/\/www.liqui-moly-shop.ch\/index.php\/product\/silikon-dichtmasse-schwarz\/","title":{"rendered":"Silikon-Dichtmasse schwarz"},"content":{"rendered":"<h3>Silikon-Dichtmasse schwarz<\/h3>\n<p>Besonders hochwertige und einfach zu verarbeitende Dichtungsmasse auf Silikonbasis in einer Automatikkartusche. Keine Kartuschenpistole notwendig. Mit ausgezeichneter K\u00e4lte-, Hitze- und Alterungsbest\u00e4ndigkeit. Bleibt dauerhaft elastisch und ist best\u00e4ndig gegen Chemikalien, \u00d6le usw. Temperaturbest\u00e4ndig von \u201365\u2009\u00b0C bis +260\u2009\u00b0C (kurzfristig bis +315\u2009\u00b0C).<\/p>\n<p><!-- --><\/p>\n<table id=\"detail\">\n<tbody>\n<tr>\n<td class=\"left\" valign=\"top\">Artikelnummer:<\/td>\n<td class=\"right\" valign=\"top\">6185<\/td>\n<\/tr>\n<tr>\n<td class=\"left\" valign=\"top\">Gebinde:<\/td>\n<td class=\"right\" valign=\"top\">200 ml Kartusche Kunststoff<\/td>\n<\/tr>\n<tr>\n<td class=\"left\" valign=\"top\">Paletteninhalt:<\/td>\n<td class=\"right\" valign=\"top\">1200<\/td>\n<\/tr>\n<tr>\n<td class=\"left\" valign=\"top\">VPE:<\/td>\n<td class=\"right\" valign=\"top\">12 STK<\/td>\n<\/tr>\n<tr>\n<td class=\"left\" valign=\"top\">Sprache:<\/td>\n<td class=\"right\" valign=\"top\">D &#8211; GB &#8211; F &#8211; ARAB<\/td>\n<\/tr>\n<\/tbody>\n<\/table>\n<h3 class=\"detail\">Einsatzzweck<\/h3>\n<p>Zum Abdichten von \u00d6l- und Getriebewannen, Motorgeh\u00e4use, Ventildeckel, Wasserpumpen, Stirnradedeckel, Scheinwerfer, R\u00fcckleuchten usw. F\u00fcr Metallteile, Kunststoff und Glas.<\/p>\n<p><strong>Achtung<\/strong><\/p>\n<ul class=\"info-text m-0 p-0\">\n<li>H229 Beh\u00e4lter steht unter Druck: Kann bei Erw\u00e4rmung bersten.<\/li>\n<li>EUH208 Enth\u00e4lt 3-Aminopropyltriethoxysilan. Kann allergische Reaktionen hervorrufen.<\/li>\n<\/ul>\n<p>Wenn Sie Fragen rund um die Liqui Moly Produkte haben sollten, z\u00f6gern Sie nicht und kontaktieren Sie uns. Gerne stehen wir Ihnen jederzeit gerne zur Verf\u00fcgung.<\/p>\n","protected":false},"excerpt":{"rendered":"<p>Silikon-Dichtmasse schwarz Besonders hochwertige und einfach zu verarbeitende Dichtungsmasse auf Silikonbasis in einer Automatikkartusche. Keine Kartuschenpistole notwendig. Mit ausgezeichneter K\u00e4lte-, Hitze- und Alterungsbest\u00e4ndigkeit. Bleibt dauerhaft elastisch und ist best\u00e4ndig gegen Chemikalien, \u00d6le usw. Temperaturbest\u00e4ndig von \u201365\u2009\u00b0C bis +260\u2009\u00b0C (kurzfristig bis +315\u2009\u00b0C). Artikelnummer: 6185 Gebinde: 200 ml Kartusche Kunststoff Paletteninhalt: 1200 VPE: 12 STK Sprache: D [&hellip;]<\/p>\n","protected":false},"featured_media":23156,"comment_status":"closed","ping_status":"closed","template":"","meta":[],"class_list":["post-23155","product","type-product","status-publish","has-post-thumbnail","hentry","product_cat-dichtstoffe","product_cat-kleben-und-dichten"],"_links":{"self":[{"href":"https:\/\/www.liqui-moly-shop.ch\/index.php\/wp-json\/wp\/v2\/product\/23155","targetHints":{"allow":["GET"]}}],"collection":[{"href":"https:\/\/www.liqui-moly-shop.ch\/index.php\/wp-json\/wp\/v2\/product"}],"about":[{"href":"https:\/\/www.liqui-moly-shop.ch\/index.php\/wp-json\/wp\/v2\/types\/product"}],"replies":[{"embeddable":true,"href":"https:\/\/www.liqui-moly-shop.ch\/index.php\/wp-json\/wp\/v2\/comments?post=23155"}],"wp:featuredmedia":[{"embeddable":true,"href":"https:\/\/www.liqui-moly-shop.ch\/index.php\/wp-json\/wp\/v2\/media\/23156"}],"wp:attachment":[{"href":"https:\/\/www.liqui-moly-shop.ch\/index.php\/wp-json\/wp\/v2\/media?parent=23155"}],"curies":[{"name":"wp","href":"https:\/\/api.w.org\/{rel}","templated":true}]}}