{"id":23158,"date":"2018-07-17T00:00:00","date_gmt":"2018-07-17T00:00:00","guid":{"rendered":"https:\/\/dev.liqui-moly-shop.ch\/index.php\/product\/silikon-dichtmasse-transparent\/"},"modified":"2023-12-15T10:40:11","modified_gmt":"2023-12-15T10:40:11","slug":"silikon-dichtmasse-transparent","status":"publish","type":"product","link":"https:\/\/www.liqui-moly-shop.ch\/index.php\/product\/silikon-dichtmasse-transparent\/","title":{"rendered":"Silikon-Dichtmasse transparent"},"content":{"rendered":"<h3>Silikon-Dichtmasse transparent<\/h3>\n<p>Besonders hochwertige und einfach zu verarbeitende Dichtungsmasse auf Silikonbasis in einer Automatikkartusche. Keine Kartuschenpistole notwendig. Mit ausgezeichneter K\u00e4lte-, Hitze- und Alterungsbest\u00e4ndigkeit. Bleibt dauerhaft elastisch und ist best\u00e4ndig gegen Chemikalien, \u00d6le usw. Temperaturbest\u00e4ndig von \u201350\u2009\u00b0C bis +180\u2009\u00b0C (kurzfristig bis +240\u2009\u00b0C).<\/p>\n<p><!-- --><\/p>\n<table id=\"detail\">\n<tbody>\n<tr>\n<td class=\"left\" valign=\"top\">Artikelnummer:<\/td>\n<td class=\"right\" valign=\"top\">6184<\/td>\n<\/tr>\n<tr>\n<td class=\"left\" valign=\"top\">Gebinde:<\/td>\n<td class=\"right\" valign=\"top\">200 ml Dose Aerosol<\/td>\n<\/tr>\n<tr>\n<td class=\"left\" valign=\"top\">Paletteninhalt:<\/td>\n<td class=\"right\" valign=\"top\">1200<\/td>\n<\/tr>\n<tr>\n<td class=\"left\" valign=\"top\">VPE:<\/td>\n<td class=\"right\" valign=\"top\">6 STK<\/td>\n<\/tr>\n<tr>\n<td class=\"left\" valign=\"top\">Sprache:<\/td>\n<td class=\"right\" valign=\"top\">D &#8211; GB &#8211; F &#8211; I &#8211; E &#8211; NL &#8211; P<\/td>\n<\/tr>\n<\/tbody>\n<\/table>\n<h3 class=\"detail\">Einsatzzweck<\/h3>\n<p>Zum Abdichten von \u00d6l- und Getriebewannen, Motorgeh\u00e4use, Ventildeckel, Wasserpumpen, Stirnradedeckel, Scheinwerfer, R\u00fcckleuchten usw.. F\u00fcr Metallteile, Kunststoff und Glas.<br \/>\n<strong>Achtung<\/strong><\/p>\n<ul class=\"info-text m-0 p-0\">\n<li>H229 Beh\u00e4lter steht unter Druck: Kann bei Erw\u00e4rmung bersten.<\/li>\n<li>EUH208 Enth\u00e4lt N-(3-(Trimethoxysilyl)propyl)ethylendiamin, 2-Octyl-2H-isothiazol-3-on. Kann allergische Reaktionen hervorrufen.<\/li>\n<\/ul>\n<p>Wenn Sie Fragen rund um die Liqui Moly Produkte haben sollten, z\u00f6gern Sie nicht und kontaktieren Sie uns. Gerne stehen wir Ihnen jederzeit gerne zur Verf\u00fcgung.<\/p>\n","protected":false},"excerpt":{"rendered":"<p>Silikon-Dichtmasse transparent Besonders hochwertige und einfach zu verarbeitende Dichtungsmasse auf Silikonbasis in einer Automatikkartusche. Keine Kartuschenpistole notwendig. Mit ausgezeichneter K\u00e4lte-, Hitze- und Alterungsbest\u00e4ndigkeit. Bleibt dauerhaft elastisch und ist best\u00e4ndig gegen Chemikalien, \u00d6le usw. Temperaturbest\u00e4ndig von \u201350\u2009\u00b0C bis +180\u2009\u00b0C (kurzfristig bis +240\u2009\u00b0C). Artikelnummer: 6184 Gebinde: 200 ml Dose Aerosol Paletteninhalt: 1200 VPE: 6 STK Sprache: D [&hellip;]<\/p>\n","protected":false},"featured_media":23159,"comment_status":"closed","ping_status":"closed","template":"","meta":[],"class_list":["post-23158","product","type-product","status-publish","has-post-thumbnail","hentry","product_cat-dichtstoffe","product_cat-kleben-und-dichten"],"_links":{"self":[{"href":"https:\/\/www.liqui-moly-shop.ch\/index.php\/wp-json\/wp\/v2\/product\/23158","targetHints":{"allow":["GET"]}}],"collection":[{"href":"https:\/\/www.liqui-moly-shop.ch\/index.php\/wp-json\/wp\/v2\/product"}],"about":[{"href":"https:\/\/www.liqui-moly-shop.ch\/index.php\/wp-json\/wp\/v2\/types\/product"}],"replies":[{"embeddable":true,"href":"https:\/\/www.liqui-moly-shop.ch\/index.php\/wp-json\/wp\/v2\/comments?post=23158"}],"wp:featuredmedia":[{"embeddable":true,"href":"https:\/\/www.liqui-moly-shop.ch\/index.php\/wp-json\/wp\/v2\/media\/23159"}],"wp:attachment":[{"href":"https:\/\/www.liqui-moly-shop.ch\/index.php\/wp-json\/wp\/v2\/media?parent=23158"}],"curies":[{"name":"wp","href":"https:\/\/api.w.org\/{rel}","templated":true}]}}