{"id":23164,"date":"2018-07-17T00:00:00","date_gmt":"2018-07-17T00:00:00","guid":{"rendered":"https:\/\/dev.liqui-moly-shop.ch\/index.php\/product\/hohlraum-versiegelung-hellbraun\/"},"modified":"2023-12-15T14:21:25","modified_gmt":"2023-12-15T14:21:25","slug":"hohlraum-versiegelung-hellbraun","status":"publish","type":"product","link":"https:\/\/www.liqui-moly-shop.ch\/index.php\/product\/hohlraum-versiegelung-hellbraun\/","title":{"rendered":"Hohlraum-Versiegelung hellbraun"},"content":{"rendered":"<h3>Hohlraum-Versiegelung hellbraun<\/h3>\n<p>L\u00f6sungsmittelarmes Korrosionsschutzmaterial mit extrem hoher Kriechf\u00e4higkeit und hoher W\u00e4rmebest\u00e4ndigkeit. Kurze Nachlaufzeit. Unterwandert und verdr\u00e4ngt Feuchtigkeit. Nach Durchtrocknung bildet sich ein sehr z\u00e4her, weichbleibender und wasserabsto\u00dfender Schutzfilm.<\/p>\n<p><!-- --><\/p>\n<table id=\"detail\">\n<tbody>\n<tr>\n<td class=\"left\" valign=\"top\">Artikelnummer:<\/td>\n<td class=\"right\" valign=\"top\">6108<\/td>\n<\/tr>\n<tr>\n<td class=\"left\" valign=\"top\">Gebinde:<\/td>\n<td class=\"right\" valign=\"top\">1 l Dose Blech<\/td>\n<\/tr>\n<tr>\n<td class=\"left\" valign=\"top\">Paletteninhalt:<\/td>\n<td class=\"right\" valign=\"top\">600<\/td>\n<\/tr>\n<tr>\n<td class=\"left\" valign=\"top\">VPE:<\/td>\n<td class=\"right\" valign=\"top\">12 STK<\/td>\n<\/tr>\n<tr>\n<td class=\"left\" valign=\"top\">Sprache:<\/td>\n<td class=\"right\" valign=\"top\">D &#8211; GB &#8211; F &#8211; I &#8211; E &#8211; NL &#8211; P<\/td>\n<\/tr>\n<\/tbody>\n<\/table>\n<h3 class=\"detail\">Einsatzzweck<\/h3>\n<p>Zur Erg\u00e4nzung der werkseitigen Hohlraumversiegelung bei Neufahrzeugen. Zur Nachbehandlung von Versiegelungen nach 2 \u2013 3 Jahren sowie zur Erg\u00e4nzung des Korrosionsschutzes nach einer Unfallreparatur.<\/p>\n<div class=\"d-flex justify-content-md-center gap-1\"><img decoding=\"async\" title=\"ghs02\" src=\"https:\/\/liquimoly.cloudimg.io\/v7\/https:\/\/www.liqui-moly.com\/static\/version1702332212\/frontend\/limo\/base\/de_DE\/images\/info\/ghs02.png\" alt=\"ghs02\" width=\"35px\" height=\"35px\" \/><img decoding=\"async\" title=\"ghs07\" src=\"https:\/\/liquimoly.cloudimg.io\/v7\/https:\/\/www.liqui-moly.com\/static\/version1702332212\/frontend\/limo\/base\/de_DE\/images\/info\/ghs07.png\" alt=\"ghs07\" width=\"35px\" height=\"35px\" \/><\/div>\n<div class=\"text-md-center text-muted ps-md-2 pe-md-2\"><strong>Achtung<\/strong><\/p>\n<ul class=\"info-text m-0 p-0\">\n<li>H226 Fl\u00fcssigkeit und Dampf entz\u00fcndbar.<\/li>\n<li>H336 Kann Schl\u00e4frigkeit und Benommenheit verursachen.<\/li>\n<li>EUH066 Wiederholter Kontakt kann zu spr\u00f6der oder rissiger Haut f\u00fchren.<\/li>\n<\/ul>\n<\/div>\n<p>Wenn Sie Fragen rund um die Liqui Moly Produkte haben sollten, z\u00f6gern Sie nicht und kontaktieren Sie uns. Gerne stehen wir Ihnen jederzeit gerne zur Verf\u00fcgung.<\/p>\n","protected":false},"excerpt":{"rendered":"<p>Hohlraum-Versiegelung hellbraun L\u00f6sungsmittelarmes Korrosionsschutzmaterial mit extrem hoher Kriechf\u00e4higkeit und hoher W\u00e4rmebest\u00e4ndigkeit. Kurze Nachlaufzeit. Unterwandert und verdr\u00e4ngt Feuchtigkeit. Nach Durchtrocknung bildet sich ein sehr z\u00e4her, weichbleibender und wasserabsto\u00dfender Schutzfilm. Artikelnummer: 6108 Gebinde: 1 l Dose Blech Paletteninhalt: 600 VPE: 12 STK Sprache: D &#8211; GB &#8211; F &#8211; I &#8211; E &#8211; NL &#8211; P Einsatzzweck [&hellip;]<\/p>\n","protected":false},"featured_media":23165,"comment_status":"closed","ping_status":"closed","template":"","meta":[],"class_list":["post-23164","product","type-product","status-publish","has-post-thumbnail","hentry","product_cat-hohlraumversiegelung","product_cat-kleben-und-dichten"],"_links":{"self":[{"href":"https:\/\/www.liqui-moly-shop.ch\/index.php\/wp-json\/wp\/v2\/product\/23164","targetHints":{"allow":["GET"]}}],"collection":[{"href":"https:\/\/www.liqui-moly-shop.ch\/index.php\/wp-json\/wp\/v2\/product"}],"about":[{"href":"https:\/\/www.liqui-moly-shop.ch\/index.php\/wp-json\/wp\/v2\/types\/product"}],"replies":[{"embeddable":true,"href":"https:\/\/www.liqui-moly-shop.ch\/index.php\/wp-json\/wp\/v2\/comments?post=23164"}],"wp:featuredmedia":[{"embeddable":true,"href":"https:\/\/www.liqui-moly-shop.ch\/index.php\/wp-json\/wp\/v2\/media\/23165"}],"wp:attachment":[{"href":"https:\/\/www.liqui-moly-shop.ch\/index.php\/wp-json\/wp\/v2\/media?parent=23164"}],"curies":[{"name":"wp","href":"https:\/\/api.w.org\/{rel}","templated":true}]}}