{"id":23225,"date":"2018-07-17T00:00:00","date_gmt":"2018-07-17T00:00:00","guid":{"rendered":"https:\/\/dev.liqui-moly-shop.ch\/index.php\/product\/schrauben-sicherung-hochfest\/"},"modified":"2023-12-15T13:33:36","modified_gmt":"2023-12-15T13:33:36","slug":"schrauben-sicherung-hochfest","status":"publish","type":"product","link":"https:\/\/www.liqui-moly-shop.ch\/index.php\/product\/schrauben-sicherung-hochfest\/","title":{"rendered":"Schrauben-Sicherung hochfest"},"content":{"rendered":"<h3>Schrauben-Sicherung hochfest<\/h3>\n<p>Verhindert ungewolltes Schraubenl\u00f6sen. Best\u00e4ndig gegen Vibrationslockerung. Mit breitem Temperatureinsatzbereich: \u201360 \u00b0C bis 150 \u00b0C. Erh\u00e4rtet schnell und zuverl\u00e4ssig. Einsetzbar bei ge\u00f6lten Oberfl\u00e4chen. Dichtet Schrauben, verhindert Leckagen. Gute Chemikalienbest\u00e4ndigkeit.<\/p>\n<p><!-- --><\/p>\n<table id=\"detail\">\n<tbody>\n<tr>\n<td class=\"left\" valign=\"top\">Artikelnummer:<\/td>\n<td class=\"right\" valign=\"top\">3803<\/td>\n<\/tr>\n<tr>\n<td class=\"left\" valign=\"top\">Gebinde:<\/td>\n<td class=\"right\" valign=\"top\">10 g Flasche Kunststoff<\/td>\n<\/tr>\n<tr>\n<td class=\"left\" valign=\"top\">Paletteninhalt:<\/td>\n<td class=\"right\" valign=\"top\">4000<\/td>\n<\/tr>\n<tr>\n<td class=\"left\" valign=\"top\">VPE:<\/td>\n<td class=\"right\" valign=\"top\">20 STK<\/td>\n<\/tr>\n<tr>\n<td class=\"left\" valign=\"top\">Sprache:<\/td>\n<td class=\"right\" valign=\"top\">D<\/td>\n<\/tr>\n<\/tbody>\n<\/table>\n<h3 class=\"detail\">Einsatzzweck<\/h3>\n<p>F\u00fcr alle g\u00e4ngigen Muttern- und Schraubengr\u00f6\u00dfen aller G\u00fcteklassen.<\/p>\n<ul class=\"info-text m-0 p-0\">\n<li>EUH208 Enth\u00e4lt Diisopropylbenzolhydroperoxid. Kann allergische Reaktionen hervorrufen.<\/li>\n<li>EUH210 Sicherheitsdatenblatt auf Anfrage erh\u00e4ltlich.<\/li>\n<\/ul>\n<p>Wenn Sie Fragen rund um die Liqui Moly Produkte haben sollten, z\u00f6gern Sie nicht und kontaktieren Sie uns. Gerne stehen wir Ihnen jederzeit gerne zur Verf\u00fcgung.<\/p>\n","protected":false},"excerpt":{"rendered":"<p>Schrauben-Sicherung hochfest Verhindert ungewolltes Schraubenl\u00f6sen. Best\u00e4ndig gegen Vibrationslockerung. Mit breitem Temperatureinsatzbereich: \u201360 \u00b0C bis 150 \u00b0C. Erh\u00e4rtet schnell und zuverl\u00e4ssig. Einsetzbar bei ge\u00f6lten Oberfl\u00e4chen. Dichtet Schrauben, verhindert Leckagen. Gute Chemikalienbest\u00e4ndigkeit. Artikelnummer: 3803 Gebinde: 10 g Flasche Kunststoff Paletteninhalt: 4000 VPE: 20 STK Sprache: D Einsatzzweck F\u00fcr alle g\u00e4ngigen Muttern- und Schraubengr\u00f6\u00dfen aller G\u00fcteklassen. EUH208 Enth\u00e4lt [&hellip;]<\/p>\n","protected":false},"featured_media":23226,"comment_status":"closed","ping_status":"closed","template":"","meta":[],"class_list":["post-23225","product","type-product","status-publish","has-post-thumbnail","hentry","product_cat-kleben-und-dichten","product_cat-technische-klebstoffe"],"_links":{"self":[{"href":"https:\/\/www.liqui-moly-shop.ch\/index.php\/wp-json\/wp\/v2\/product\/23225","targetHints":{"allow":["GET"]}}],"collection":[{"href":"https:\/\/www.liqui-moly-shop.ch\/index.php\/wp-json\/wp\/v2\/product"}],"about":[{"href":"https:\/\/www.liqui-moly-shop.ch\/index.php\/wp-json\/wp\/v2\/types\/product"}],"replies":[{"embeddable":true,"href":"https:\/\/www.liqui-moly-shop.ch\/index.php\/wp-json\/wp\/v2\/comments?post=23225"}],"wp:featuredmedia":[{"embeddable":true,"href":"https:\/\/www.liqui-moly-shop.ch\/index.php\/wp-json\/wp\/v2\/media\/23226"}],"wp:attachment":[{"href":"https:\/\/www.liqui-moly-shop.ch\/index.php\/wp-json\/wp\/v2\/media?parent=23225"}],"curies":[{"name":"wp","href":"https:\/\/api.w.org\/{rel}","templated":true}]}}